{"id":74713,"date":"2024-11-19T10:00:00","date_gmt":"2024-11-19T09:00:00","guid":{"rendered":"https:\/\/www.raschvin.com\/produkt\/the-irishman-cask-strength-2024-70-cl-551\/"},"modified":"2024-11-19T10:04:22","modified_gmt":"2024-11-19T09:04:22","slug":"the-irishman-cask-strength-2024-70-cl-551","status":"publish","type":"product","link":"https:\/\/www.raschvin.com\/sv\/produkt\/the-irishman-cask-strength-2024-70-cl-551\/","title":{"rendered":"The Irishman &#8211; Cask Strength 2024 70 cl. 55,1%"},"content":{"rendered":"<p>En fantastisk release som markerar den 16<br \/>\n\u00e5rliga utg\u00e5van av The Irishman\u2019s cask strength! Handplockad av The Irishman\u2019s grundare, Bernard Walsh, \u00e4r denna exceptionella version en blandning av tredubbel destillerad lagrad Single Malt och lagrad Single Pot Still whiskey, som mognat i amerikansk ek ex-Bourbon fat. Non-chill-filterad f\u00f6r den rena smaken vi alla k\u00e4nner och \u00e4lskar!<\/p>\n<p>Aromer (utan vatten) Frukt fr\u00e5n frukttr\u00e4dg\u00e5rdar, vanilj och n\u00f6tighet. Smak F\u00e4rsk persika, \u00e4ppelblom, fikon och honung.<\/p>\n<p>Om Walsh Whiskey<br \/>\nWalsh Whiskey \u00e4r ett familjef\u00f6retag som \u00e4r dedikerat till att \u00e5teruppliva irl\u00e4ndsk whiskey.<br \/>\nIrl\u00e4ndsk whiskey (som stavas med ett \u2019e\u2019) har haft ett par tuffa \u00e5rhundraden. En g\u00e5ng var den gr\u00f6na \u00f6n v\u00e4rldens st\u00f6rsta whiskeyproducent, och irl\u00e4ndarna h\u00e4vdar fortfarande att det var de \u2013 och inte skottarna \u2013 som uppfann den gyllene drycken. Men p\u00e5 grund av en l\u00e5ng rad problem \u2013 s\u00e5som hungersn\u00f6d, f\u00f6rbudstiden och ovilja att anpassa sig till en f\u00f6r\u00e4nderlig marknad \u2013 genomgick den irl\u00e4ndska whiskeyindustrin en gradvis men f\u00f6r\u00f6dande kollaps, vilket resulterade i att det 1970 bara fanns tv\u00e5 aktiva destillerier kvar p\u00e5 hela \u00f6n.<br \/>\nLyckligtvis har vinden \u00e4ntligen v\u00e4nt f\u00f6r irl\u00e4ndsk whiskey, och m\u00e5nga nya destillerier dyker nu upp \u00f6ver hela \u00f6n. Walsh Whiskey, som grundades 1999 av makarna Bernard och Rosemary Walsh, str\u00e4var efter att leda denna irl\u00e4ndska whiskeyren\u00e4ssans. De g\u00f6r detta bland annat med sina tv\u00e5 produktlinjer av irl\u00e4ndsk whiskey \u2013 Writer\u2019s Tears och The Irishman.<br \/>\n\u201dV\u00e5r filosofi \u00e4r f\u00f6rankrad i familjens motto, som lyder: \u2019Never Say Die\u2019 \u2013 om det inte lyckas f\u00f6rsta g\u00e5ngen, forts\u00e4tter vi tills det g\u00f6r det.\u201d<br \/>\nOm The Irishman<br \/>\nThe Irishman \u00e4r en m\u00e4sterlig serie som huvudsakligen best\u00e5r av irl\u00e4ndsk single malt. Enligt klassisk irl\u00e4ndsk tradition \u00e4r alla produkter trippeldestillerade. Detta inneb\u00e4r att whiskeyn genomg\u00e5r en extra destillering ut\u00f6ver den vanliga andra rundan, vilket resulterar i en l\u00e4ttare och mer balanserad smak.<br \/>\nThe Irishman \u00e4r en prisbel\u00f6nt irl\u00e4ndsk whiskey som \u00e4r uppskattad f\u00f6r sin h\u00f6ga kvalitet och mjukhet.<\/p>\n","protected":false},"excerpt":{"rendered":"<p>Irish Whiskey<\/p>\n","protected":false},"featured_media":74763,"template":"","meta":{"_acf_changed":false,"rs_blank_template":"","rs_page_bg_color":"","slide_template_v7":""},"product_brand":[],"product_cat":[2392,4768,9512],"product_tag":[],"class_list":{"0":"post-74713","1":"product","2":"type-product","3":"status-publish","4":"has-post-thumbnail","6":"product_cat-whisky-sv","7":"product_cat-irish-whiskey","8":"product_cat-blended-irish-whiskey","9":"pa_aargang-2024-sv","10":"pa_land-irland-sv","11":"pa_procent-55-1-sv","12":"pa_producent-walsh-whiskey-sv-2","13":"pa_volume-70-sv-2","15":"first","16":"instock","17":"sale","18":"taxable","19":"shipping-taxable","20":"purchasable","21":"product-type-simple"},"bundled_by":[],"bundle_stock_status":"instock","bundle_stock_quantity":null,"bundle_virtual":false,"bundle_layout":"","bundle_add_to_cart_form_location":"","bundle_editable_in_cart":false,"bundle_sold_individually_context":"","bundle_item_grouping":"","bundle_min_size":"","bundle_max_size":"","bundle_price":[],"bundled_items":[],"bundle_sell_ids":[],"acf":[],"_links":{"self":[{"href":"https:\/\/www.raschvin.com\/sv\/wp-json\/wp\/v2\/product\/74713","targetHints":{"allow":["GET"]}}],"collection":[{"href":"https:\/\/www.raschvin.com\/sv\/wp-json\/wp\/v2\/product"}],"about":[{"href":"https:\/\/www.raschvin.com\/sv\/wp-json\/wp\/v2\/types\/product"}],"wp:featuredmedia":[{"embeddable":true,"href":"https:\/\/www.raschvin.com\/sv\/wp-json\/wp\/v2\/media\/74763"}],"wp:attachment":[{"href":"https:\/\/www.raschvin.com\/sv\/wp-json\/wp\/v2\/media?parent=74713"}],"wp:term":[{"taxonomy":"product_brand","embeddable":true,"href":"https:\/\/www.raschvin.com\/sv\/wp-json\/wp\/v2\/product_brand?post=74713"},{"taxonomy":"product_cat","embeddable":true,"href":"https:\/\/www.raschvin.com\/sv\/wp-json\/wp\/v2\/product_cat?post=74713"},{"taxonomy":"product_tag","embeddable":true,"href":"https:\/\/www.raschvin.com\/sv\/wp-json\/wp\/v2\/product_tag?post=74713"}],"curies":[{"name":"wp","href":"https:\/\/api.w.org\/{rel}","templated":true}]}}