{"id":74711,"date":"2024-11-19T09:50:07","date_gmt":"2024-11-19T08:50:07","guid":{"rendered":"https:\/\/www.raschvin.com\/produkt\/the-irishman-single-malt-12-years-70-cl-43\/"},"modified":"2024-11-19T09:50:07","modified_gmt":"2024-11-19T08:50:07","slug":"the-irishman-single-malt-12-years-70-cl-43","status":"publish","type":"product","link":"https:\/\/www.raschvin.com\/sv\/produkt\/the-irishman-single-malt-12-years-70-cl-43\/","title":{"rendered":"The Irishman &#8211; Single Malt 12 Years 70 cl. 43%"},"content":{"rendered":"<p>En trippeldestillerad Single Malt Irish Whiskey, lagrad i 12 \u00e5r p\u00e5 f\u00f6rstfyllda bourbonfat \u2013 absolut v\u00e4rd att rekommendera!<\/p>\n<p>Doft<br \/>\nS\u00f6ta, kryddiga toner av vanilj, kanel och till och med en antydan av kryddnejlika. Balanserat med \u00e4pplen och p\u00e4ron, kolat tr\u00e4 och nyklippt h\u00f6.<\/p>\n<p>Smak<br \/>\nS\u00f6t med vanilj, svarta pepparkorn och f\u00e4rska frukter.<\/p>\n<p>Eftersmak<br \/>\nL\u00e5ngvariga och mycket behagliga toner av kornmalt och ek. En hint av karamell och m\u00f6rk choklad.<\/p>\n<p>Om Produkten<br \/>\nLagrad i minst 12 \u00e5r p\u00e5 f\u00f6rstfyllda, br\u00e4nda bourbonfat. Trippeldestillerad och gjord uteslutande av m\u00e4ltat irl\u00e4ndskt korn. Denna f\u00f6rtrollande och mogna irl\u00e4ndska whiskey har sedan sin lansering vunnit otaliga internationella guldmedaljer.<\/p>\n<p>Whiskeyns alkoholhalt \u00e4r 43%.<\/p>\n<p>Smaknoter<br \/>\nDen dubbla lagringen tillf\u00f6r rik, honungss\u00f6t maltighet och mjuka toner av kanderade frukter. De f\u00f6rstn\u00e4mnda framtr\u00e4der s\u00e4rskilt i doften, medan de sistn\u00e4mnda dominerar smaken. I eftersmaken \u00f6verg\u00e5r smakupplevelsen till soltorkade russin och kryddiga ektoner.<\/p>\n<p>Om Walsh Whiskey<br \/>\nWalsh Whiskey \u00e4r ett familjef\u00f6retag dedikerat till att \u00e5teruppliva irl\u00e4ndsk whiskey.<\/p>\n<p>Irl\u00e4ndsk whiskey (stavas med ett \u201de\u201d) har haft n\u00e5gra tuffa \u00e5rhundraden. En g\u00e5ng i tiden var den gr\u00f6na \u00f6n v\u00e4rldens st\u00f6rsta whiskeyproducent, och irl\u00e4ndarna h\u00e4vdar fortfarande att det var de \u2013 inte skottarna \u2013 som uppfann den gyllene drycken. Men p\u00e5 grund av en l\u00e5ng rad problem, s\u00e5som hungersn\u00f6d, f\u00f6rbudstiden och ovilja att anpassa sig till en f\u00f6r\u00e4nderlig marknad, drabbades den irl\u00e4ndska whiskeyindustrin av en gradvis men f\u00f6r\u00f6dande kollaps. \u00c5r 1970 fanns endast tv\u00e5 aktiva destillerier kvar p\u00e5 hela \u00f6n!<\/p>\n<p>Lyckligtvis har vinden (\u00e4ntligen) v\u00e4nt f\u00f6r irl\u00e4ndsk whiskey, och nya destillerier dyker nu upp \u00f6ver hela \u00f6n. Walsh Whiskey, som grundades 1999 av makarna Bernard och Rosemary Walsh, har tagit p\u00e5 sig rollen som ledare f\u00f6r denna irl\u00e4ndska whiskeyren\u00e4ssans. De g\u00f6r detta bland annat genom sina tv\u00e5 produktlinjer \u2013 Writer\u2019s Tears och The Irishman.<\/p>\n<p>\u201dV\u00e5r filosofi \u00e4r f\u00f6rankrad i v\u00e5rt familjemotto: \u2019Never Say Die\u2019 \u2013 om vi inte lyckas f\u00f6rsta g\u00e5ngen, forts\u00e4tter vi tills vi g\u00f6r det.\u201d<\/p>\n<p>Om The Irishman<br \/>\nThe Irishman \u00e4r en m\u00e4sterlig serie som huvudsakligen best\u00e5r av irl\u00e4ndska single malts. P\u00e5 klassiskt irl\u00e4ndskt vis \u00e4r alla produkter trippeldestillerade. Detta inneb\u00e4r att whiskeyn genomg\u00e5r en extra destillering ut\u00f6ver den vanliga andra destilleringen, vilket resulterar i en l\u00e4ttare och mer rundad smak.<\/p>\n<p>The Irishman \u00e4r en prisbel\u00f6nt irl\u00e4ndsk whiskey, k\u00e4nd f\u00f6r sin h\u00f6ga kvalitet och l\u00e4tthet.<\/p>\n","protected":false},"excerpt":{"rendered":"<p>Irish Single Malt Whiskey<\/p>\n","protected":false},"featured_media":74769,"template":"","meta":{"_acf_changed":false,"rs_blank_template":"","rs_page_bg_color":"","slide_template_v7":""},"product_brand":[],"product_cat":[2392,4768,9517],"product_tag":[],"class_list":{"0":"post-74711","1":"product","2":"type-product","3":"status-publish","4":"has-post-thumbnail","6":"product_cat-whisky-sv","7":"product_cat-irish-whiskey","8":"product_cat-single-malt-irish-whiskey","9":"pa_land-irland-sv","10":"pa_procent-43-sv","11":"pa_producent-walsh-whiskey-sv-2","12":"pa_volume-70-sv-2","14":"first","15":"instock","16":"sale","17":"taxable","18":"shipping-taxable","19":"purchasable","20":"product-type-simple"},"bundled_by":[],"bundle_stock_status":"instock","bundle_stock_quantity":null,"bundle_virtual":false,"bundle_layout":"","bundle_add_to_cart_form_location":"","bundle_editable_in_cart":false,"bundle_sold_individually_context":"","bundle_item_grouping":"","bundle_min_size":"","bundle_max_size":"","bundle_price":[],"bundled_items":[],"bundle_sell_ids":[],"acf":[],"_links":{"self":[{"href":"https:\/\/www.raschvin.com\/sv\/wp-json\/wp\/v2\/product\/74711","targetHints":{"allow":["GET"]}}],"collection":[{"href":"https:\/\/www.raschvin.com\/sv\/wp-json\/wp\/v2\/product"}],"about":[{"href":"https:\/\/www.raschvin.com\/sv\/wp-json\/wp\/v2\/types\/product"}],"wp:featuredmedia":[{"embeddable":true,"href":"https:\/\/www.raschvin.com\/sv\/wp-json\/wp\/v2\/media\/74769"}],"wp:attachment":[{"href":"https:\/\/www.raschvin.com\/sv\/wp-json\/wp\/v2\/media?parent=74711"}],"wp:term":[{"taxonomy":"product_brand","embeddable":true,"href":"https:\/\/www.raschvin.com\/sv\/wp-json\/wp\/v2\/product_brand?post=74711"},{"taxonomy":"product_cat","embeddable":true,"href":"https:\/\/www.raschvin.com\/sv\/wp-json\/wp\/v2\/product_cat?post=74711"},{"taxonomy":"product_tag","embeddable":true,"href":"https:\/\/www.raschvin.com\/sv\/wp-json\/wp\/v2\/product_tag?post=74711"}],"curies":[{"name":"wp","href":"https:\/\/api.w.org\/{rel}","templated":true}]}}