{"id":74706,"date":"2024-11-19T09:43:19","date_gmt":"2024-11-19T08:43:19","guid":{"rendered":"https:\/\/www.raschvin.com\/produkt\/the-irishman-single-malt-70-cl-40\/"},"modified":"2024-11-19T09:43:19","modified_gmt":"2024-11-19T08:43:19","slug":"the-irishman-single-malt-70-cl-40","status":"publish","type":"product","link":"https:\/\/www.raschvin.com\/sv\/produkt\/the-irishman-single-malt-70-cl-40\/","title":{"rendered":"The Irishman &#8211; Single Malt 70 cl. 40%"},"content":{"rendered":"<p>En s\u00f6t och maltig trippeldestillerad Single Malt Irish Whiskey \u2013 absolut v\u00e4rd att rekommendera!<\/p>\n<p>Doft<br \/>\nDelikata, honungsaktiga och maltiga aromer.<\/p>\n<p>Smak<br \/>\nKanderad frukt fylld med s\u00f6tma och toner av fikon.<\/p>\n<p>Eftersmak<br \/>\nSoltorkade russin och kryddiga toner av ek.<\/p>\n<p>Om Produkten<br \/>\nEtt uts\u00f6kt irl\u00e4ndskt exempel p\u00e5 trippeldestillerad Single Malt-whiskey. Detta \u00e4r en delikat och mjuk whiskey tillverkad uteslutande av m\u00e4ltat irl\u00e4ndskt korn, lagrad i tv\u00e5 steg: f\u00f6rst i amerikanska ekfat som tidigare inneh\u00e5llit bourbon och d\u00e4refter i europeiska ekfat som tidigare inneh\u00e5llit Oloroso-sherry.<\/p>\n<p>Whiskeyn har en alkoholhalt p\u00e5 40 %.<\/p>\n<p>Smaknoter<br \/>\nDen dubbla lagringen ger en rik, honungss\u00f6t maltighet och mjuka toner av kanderad frukt. Det f\u00f6rstn\u00e4mnda framtr\u00e4der s\u00e4rskilt i doften, medan det sistn\u00e4mnda blir tydligt vid avsmakning. Eftersmaken \u00f6verg\u00e5r till soltorkade russin och kryddiga toner av ek.<\/p>\n<p>Om Walsh Whiskey<br \/>\nWalsh Whiskey \u00e4r ett familjef\u00f6retag som \u00e4r dedikerat till att \u00e5teruppliva irl\u00e4ndsk whiskey.<\/p>\n<p>Irl\u00e4ndsk whiskey (som stavas med ett \u2019e\u2019) har haft ett par tuffa \u00e5rhundraden. En g\u00e5ng var den gr\u00f6na \u00f6n v\u00e4rldens st\u00f6rsta whiskeyproducent, och irl\u00e4ndarna h\u00e4vdar fortfarande att det var de \u2013 och inte skottarna \u2013 som uppfann den gyllene drycken. Men p\u00e5 grund av en l\u00e5ng rad problem \u2013 s\u00e5som hungersn\u00f6d, f\u00f6rbudstiden och ovilja att anpassa sig till en f\u00f6r\u00e4nderlig marknad \u2013 genomgick den irl\u00e4ndska whiskeyindustrin en gradvis men f\u00f6r\u00f6dande kollaps, vilket resulterade i att det 1970 bara fanns tv\u00e5 aktiva destillerier kvar p\u00e5 hela \u00f6n.<\/p>\n<p>Lyckligtvis har vinden \u00e4ntligen v\u00e4nt f\u00f6r irl\u00e4ndsk whiskey, och m\u00e5nga nya destillerier dyker nu upp \u00f6ver hela \u00f6n. Walsh Whiskey, som grundades 1999 av makarna Bernard och Rosemary Walsh, str\u00e4var efter att leda denna irl\u00e4ndska whiskeyren\u00e4ssans. De g\u00f6r detta bland annat med sina tv\u00e5 produktlinjer av irl\u00e4ndsk whiskey \u2013 Writer\u2019s Tears och The Irishman.<\/p>\n<p>\u201dV\u00e5r filosofi \u00e4r f\u00f6rankrad i familjens motto, som lyder: \u2019Never Say Die\u2019 \u2013 om det inte lyckas f\u00f6rsta g\u00e5ngen, forts\u00e4tter vi tills det g\u00f6r det.\u201d<\/p>\n<p>Om The Irishman<br \/>\nThe Irishman \u00e4r en m\u00e4sterlig serie som huvudsakligen best\u00e5r av irl\u00e4ndsk single malt. Enligt klassisk irl\u00e4ndsk tradition \u00e4r alla produkter trippeldestillerade. Detta inneb\u00e4r att whiskeyn genomg\u00e5r en extra destillering ut\u00f6ver den vanliga andra rundan, vilket resulterar i en l\u00e4ttare och mer balanserad smak.<\/p>\n<p>The Irishman \u00e4r en prisbel\u00f6nt irl\u00e4ndsk whiskey som \u00e4r uppskattad f\u00f6r sin h\u00f6ga kvalitet och mjukhet.<\/p>\n","protected":false},"excerpt":{"rendered":"<p>Irish Single Malt Whiskey<\/p>\n","protected":false},"featured_media":74805,"template":"","meta":{"_acf_changed":false,"rs_blank_template":"","rs_page_bg_color":"","slide_template_v7":""},"product_brand":[],"product_cat":[2392,4768,9517],"product_tag":[],"class_list":{"0":"post-74706","1":"product","2":"type-product","3":"status-publish","4":"has-post-thumbnail","6":"product_cat-whisky-sv","7":"product_cat-irish-whiskey","8":"product_cat-single-malt-irish-whiskey","9":"pa_land-irland-sv","10":"pa_procent-40-sv-2","11":"pa_producent-walsh-whiskey-sv-2","12":"pa_volume-70-sv-2","14":"first","15":"instock","16":"sale","17":"taxable","18":"shipping-taxable","19":"purchasable","20":"product-type-simple"},"bundled_by":[],"bundle_stock_status":"instock","bundle_stock_quantity":null,"bundle_virtual":false,"bundle_layout":"","bundle_add_to_cart_form_location":"","bundle_editable_in_cart":false,"bundle_sold_individually_context":"","bundle_item_grouping":"","bundle_min_size":"","bundle_max_size":"","bundle_price":[],"bundled_items":[],"bundle_sell_ids":[],"acf":[],"_links":{"self":[{"href":"https:\/\/www.raschvin.com\/sv\/wp-json\/wp\/v2\/product\/74706","targetHints":{"allow":["GET"]}}],"collection":[{"href":"https:\/\/www.raschvin.com\/sv\/wp-json\/wp\/v2\/product"}],"about":[{"href":"https:\/\/www.raschvin.com\/sv\/wp-json\/wp\/v2\/types\/product"}],"wp:featuredmedia":[{"embeddable":true,"href":"https:\/\/www.raschvin.com\/sv\/wp-json\/wp\/v2\/media\/74805"}],"wp:attachment":[{"href":"https:\/\/www.raschvin.com\/sv\/wp-json\/wp\/v2\/media?parent=74706"}],"wp:term":[{"taxonomy":"product_brand","embeddable":true,"href":"https:\/\/www.raschvin.com\/sv\/wp-json\/wp\/v2\/product_brand?post=74706"},{"taxonomy":"product_cat","embeddable":true,"href":"https:\/\/www.raschvin.com\/sv\/wp-json\/wp\/v2\/product_cat?post=74706"},{"taxonomy":"product_tag","embeddable":true,"href":"https:\/\/www.raschvin.com\/sv\/wp-json\/wp\/v2\/product_tag?post=74706"}],"curies":[{"name":"wp","href":"https:\/\/api.w.org\/{rel}","templated":true}]}}