{"id":74704,"date":"2024-11-19T09:36:38","date_gmt":"2024-11-19T08:36:38","guid":{"rendered":"https:\/\/www.raschvin.com\/produkt\/the-irishman-legacy-70-cl-46\/"},"modified":"2024-11-19T09:36:38","modified_gmt":"2024-11-19T08:36:38","slug":"the-irishman-legacy-70-cl-46","status":"publish","type":"product","link":"https:\/\/www.raschvin.com\/sv\/produkt\/the-irishman-legacy-70-cl-46\/","title":{"rendered":"The Irishman &#8211; Legacy 70 cl. 46%"},"content":{"rendered":"<p>Skapad f\u00f6r att fira 700-\u00e5rsjubileet av v\u00e4rldens f\u00f6rsta skriftliga beskrivning av whiskydestillation. Lagrad p\u00e5 bourbon- och sherryfat innan den f\u00e5tt en avslutande lagring p\u00e5 15 m\u00e5nader i Ch\u00e2teauneuf-du-Pape-vinfat fr\u00e5n Ch\u00e2teau La Nerthe. Faten valdes av Walsh Whiskeys grundare och chef Bernard Walsh samt medlemmar i Kilkenny Whiskey Guild i april 2022. Erbjuder en vacker persikos\u00f6tma, inslag av choklad, lagerblad och en kr\u00e4mig munk\u00e4nsla.<\/p>\n<p>Aromer (utan vatten)<br \/>\nAromer av r\u00f6da och svarta b\u00e4r, inslag av ek och l\u00e4der.<\/p>\n<p>Smak<br \/>\nPersikos\u00f6tma, inslag av choklad, lagerblad och en kr\u00e4mig munk\u00e4nsla.<\/p>\n<p>Lagring<br \/>\nLagrad p\u00e5 bourbon- och sherryfat, f\u00f6ljt av 15 m\u00e5naders slutlagring i Ch\u00e2teauneuf-du-Pape-vinfat fr\u00e5n Ch\u00e2teau La Nerthe.<\/p>\n<p>Om Walsh Whiskey<br \/>\nWalsh Whiskey er en familievirksomhed dedikeret til genoprettelsen af Irsk Whiskey.<br \/>\nIrsk Whiskey (som man staver med et \u2019e\u2019) har haft et par h\u00e5rde \u00e5rhundreder \u2013 engang var den gr\u00f8nne \u00f8 den st\u00f8rste whisky-producent i verden, og irl\u00e6nderne holder stadig p\u00e5 at det var dem \u2013 og ikke skotterne \u2013 der opfandt den gyldne drik. Men grundet en langvarig r\u00e6kke problemer \u2013 s\u00e5 som hungersn\u00f8d, Forbudstiden og en uvillighed til at omstille sig et skiftende marked \u2013 undergik den Irske Whiskeybranche en gradvis men fatal kollaps, med det resultat at der i 1970 kun var to aktive destillerier tilbage p\u00e5 hele \u00f8en!<br \/>\nHeldigvis er vinden (langt om l\u00e6nge) begyndt at vende sig for den Irske Whiskey, og mange nye destillerier springer i disse dage frem over hele \u00f8en. Walsh Whiskey, der blev grundlagt i 1999 af \u00e6gteparret Bernard og Rosemary Walsh, har sat sig for at v\u00e6re bannerf\u00f8rere for denne irske whiskeyren\u00e6ssance. Det g\u00f8r de blandt andet med deres to produktlinjer af Irsk Whiskey \u2013 Writer\u2019s Tears og The Irishman.<br \/>\n\u201dVores filosofi er forankret i familiemottoet, som lyder: \u2019Never Say Die\u2019 \u2013 hvis det ikke lykkes f\u00f8rste gang, forts\u00e6tter vi, indtil det g\u00f8r.\u201d<br \/>\nOm The Irishman<br \/>\nThe Irishman er en mesterlig serie, der hovedsageligt best\u00e5r af irsk single malt. P\u00e5 klassisk irsk man\u00e9r er alle produkterne triple-distilled (\u2019tredobbelt destilleret\u2019). Dette betyder egentligt bare, at whiskyen efter den s\u00e6dvanlige anden destillering destilleres en yderligere gang, hvilket resulterer i en lettere og mere afrundet smag<br \/>\nThe Irishman er en prisvindende irsk whiskey, der nyder bred popularitet for sin h\u00f8je kvalitet og lethed.<\/p>\n","protected":false},"excerpt":{"rendered":"<p>Irish Whiskey<\/p>\n","protected":false},"featured_media":74790,"template":"","meta":{"_acf_changed":false,"rs_blank_template":"","rs_page_bg_color":"","slide_template_v7":""},"product_brand":[],"product_cat":[2392,4768,9517],"product_tag":[],"class_list":{"0":"post-74704","1":"product","2":"type-product","3":"status-publish","4":"has-post-thumbnail","6":"product_cat-whisky-sv","7":"product_cat-irish-whiskey","8":"product_cat-single-malt-irish-whiskey","9":"pa_land-irland-sv","10":"pa_procent-46-sv","11":"pa_producent-walsh-whiskey-sv-2","12":"pa_volume-70-sv-2","14":"first","15":"instock","16":"sale","17":"taxable","18":"shipping-taxable","19":"purchasable","20":"product-type-simple"},"bundled_by":[],"bundle_stock_status":"instock","bundle_stock_quantity":null,"bundle_virtual":false,"bundle_layout":"","bundle_add_to_cart_form_location":"","bundle_editable_in_cart":false,"bundle_sold_individually_context":"","bundle_item_grouping":"","bundle_min_size":"","bundle_max_size":"","bundle_price":[],"bundled_items":[],"bundle_sell_ids":[],"acf":[],"_links":{"self":[{"href":"https:\/\/www.raschvin.com\/sv\/wp-json\/wp\/v2\/product\/74704","targetHints":{"allow":["GET"]}}],"collection":[{"href":"https:\/\/www.raschvin.com\/sv\/wp-json\/wp\/v2\/product"}],"about":[{"href":"https:\/\/www.raschvin.com\/sv\/wp-json\/wp\/v2\/types\/product"}],"wp:featuredmedia":[{"embeddable":true,"href":"https:\/\/www.raschvin.com\/sv\/wp-json\/wp\/v2\/media\/74790"}],"wp:attachment":[{"href":"https:\/\/www.raschvin.com\/sv\/wp-json\/wp\/v2\/media?parent=74704"}],"wp:term":[{"taxonomy":"product_brand","embeddable":true,"href":"https:\/\/www.raschvin.com\/sv\/wp-json\/wp\/v2\/product_brand?post=74704"},{"taxonomy":"product_cat","embeddable":true,"href":"https:\/\/www.raschvin.com\/sv\/wp-json\/wp\/v2\/product_cat?post=74704"},{"taxonomy":"product_tag","embeddable":true,"href":"https:\/\/www.raschvin.com\/sv\/wp-json\/wp\/v2\/product_tag?post=74704"}],"curies":[{"name":"wp","href":"https:\/\/api.w.org\/{rel}","templated":true}]}}