{"id":74700,"date":"2024-11-19T09:28:27","date_gmt":"2024-11-19T08:28:27","guid":{"rendered":"https:\/\/www.raschvin.com\/produkt\/the-irishman-17-years-70-cl-54\/"},"modified":"2024-11-19T09:28:27","modified_gmt":"2024-11-19T08:28:27","slug":"the-irishman-17-years-70-cl-54","status":"publish","type":"product","link":"https:\/\/www.raschvin.com\/sv\/produkt\/the-irishman-17-years-70-cl-54\/","title":{"rendered":"The Irishman &#8211; 17 Years 70 cl. 54%"},"content":{"rendered":"<p>The Irishman 17 Year Old \u00e4r en sp\u00e4nnande Single Malt som verkligen har vunnit ett antal utm\u00e4rkelser! Ett mycket exklusivt uttryck \u2013 endast tre fat produceras varje \u00e5r. Varje flaska \u00e4r numrerad efter fatet som en kvalitetsst\u00e4mpel. Trippeldestillerad, ej kylfiltrerad och skapad av en m\u00e4sk gjord helt p\u00e5 irl\u00e4ndsk korn. Buteljerad vid 56 % alkoholstyrka.<\/p>\n<p>Doft: Visar en f\u00f6rfinad sherryfatsinfluens som antyder balans och elegans. Aromer av torkade aprikoser, exotiska frukter, rostade kryddor, citrus, kanderade frukter och marshmallows.<br \/>\nSmak: Kraftfull vid full styrka med h\u00e4rliga kryddiga och ekiga toner i b\u00f6rjan. Smaken utvecklas till att bli fruktigare med torkat citrusskal, aprikos, exotiska frukter och kanel. Avslutningen \u00e4r l\u00e5ng, kryddig och med en liten str\u00e4vhet fr\u00e5n ekens tanniner.<br \/>\nF\u00e4rg: Djupguld.<\/p>\n<p>Om Walsh Whiskey<br \/>\nWalsh Whiskey \u00e4r ett familjef\u00f6retag dedikerat till att \u00e5teruppliva irl\u00e4ndsk whiskey.<br \/>\nIrl\u00e4ndsk whiskey (stavas med ett \u201ce\u201d) har haft ett tufft par \u00e5rhundraden. En g\u00e5ng i tiden var den gr\u00f6na \u00f6n v\u00e4rldens st\u00f6rsta whiskeyproducent, och irl\u00e4ndarna h\u00e5ller fortfarande fast vid att det var de \u2013 och inte skottarna \u2013 som uppfann den gyllene drycken. Men p\u00e5 grund av en rad utmaningar, som sv\u00e4lt, f\u00f6rbudstiden och ovilja att anpassa sig till en f\u00f6r\u00e4ndrad marknad, kollapsade den irl\u00e4ndska whiskeyindustrin gradvis. \u00c5r 1970 fanns det endast tv\u00e5 aktiva destillerier kvar p\u00e5 hela \u00f6n!<br \/>\nLyckligtvis har vinden (\u00e4ntligen) v\u00e4nt f\u00f6r irl\u00e4ndsk whiskey, och m\u00e5nga nya destillerier dyker idag upp \u00f6ver hela \u00f6n. Walsh Whiskey, som grundades 1999 av Bernard och Rosemary Walsh, str\u00e4var efter att leda denna irl\u00e4ndska whiskeyren\u00e4ssans. Detta g\u00f6r de bland annat med sina tv\u00e5 produktlinjer: Writer\u2019s Tears och The Irishman.<br \/>\n\u201dV\u00e5r filosofi \u00e4r f\u00f6rankrad i v\u00e5rt familjemotto: \u2019Never Say Die\u2019 \u2013 om det inte lyckas f\u00f6rsta g\u00e5ngen, forts\u00e4tter vi tills det g\u00f6r det.\u201d<br \/>\nOm The Irishman<br \/>\nThe Irishman \u00e4r en m\u00e4sterlig serie som huvudsakligen best\u00e5r av irl\u00e4ndsk single malt. I klassisk irl\u00e4ndsk stil \u00e4r alla produkter trippeldestillerade. Detta inneb\u00e4r att whiskeys genomg\u00e5r en ytterligare destillering efter den vanliga andra rundan, vilket resulterar i en l\u00e4ttare och mer balanserad smak.<br \/>\nThe Irishman \u00e4r en prisbel\u00f6nt irl\u00e4ndsk whiskey som hyllas f\u00f6r sin h\u00f6ga kvalitet och mjukhet.<\/p>\n","protected":false},"excerpt":{"rendered":"<p>Single Malt Irish Whiskey<\/p>\n","protected":false},"featured_media":74775,"template":"","meta":{"_acf_changed":false,"rs_blank_template":"","rs_page_bg_color":"","slide_template_v7":""},"product_brand":[],"product_cat":[2392,4768,9517],"product_tag":[],"class_list":{"0":"post-74700","1":"product","2":"type-product","3":"status-publish","4":"has-post-thumbnail","6":"product_cat-whisky-sv","7":"product_cat-irish-whiskey","8":"product_cat-single-malt-irish-whiskey","9":"pa_land-irland-sv","10":"pa_procent-54-sv","11":"pa_producent-walsh-whiskey-sv-2","12":"pa_volume-70-sv-2","14":"first","15":"instock","16":"taxable","17":"shipping-taxable","18":"purchasable","19":"product-type-simple"},"bundled_by":[],"bundle_stock_status":"instock","bundle_stock_quantity":null,"bundle_virtual":false,"bundle_layout":"","bundle_add_to_cart_form_location":"","bundle_editable_in_cart":false,"bundle_sold_individually_context":"","bundle_item_grouping":"","bundle_min_size":"","bundle_max_size":"","bundle_price":[],"bundled_items":[],"bundle_sell_ids":[],"acf":[],"_links":{"self":[{"href":"https:\/\/www.raschvin.com\/sv\/wp-json\/wp\/v2\/product\/74700","targetHints":{"allow":["GET"]}}],"collection":[{"href":"https:\/\/www.raschvin.com\/sv\/wp-json\/wp\/v2\/product"}],"about":[{"href":"https:\/\/www.raschvin.com\/sv\/wp-json\/wp\/v2\/types\/product"}],"wp:featuredmedia":[{"embeddable":true,"href":"https:\/\/www.raschvin.com\/sv\/wp-json\/wp\/v2\/media\/74775"}],"wp:attachment":[{"href":"https:\/\/www.raschvin.com\/sv\/wp-json\/wp\/v2\/media?parent=74700"}],"wp:term":[{"taxonomy":"product_brand","embeddable":true,"href":"https:\/\/www.raschvin.com\/sv\/wp-json\/wp\/v2\/product_brand?post=74700"},{"taxonomy":"product_cat","embeddable":true,"href":"https:\/\/www.raschvin.com\/sv\/wp-json\/wp\/v2\/product_cat?post=74700"},{"taxonomy":"product_tag","embeddable":true,"href":"https:\/\/www.raschvin.com\/sv\/wp-json\/wp\/v2\/product_tag?post=74700"}],"curies":[{"name":"wp","href":"https:\/\/api.w.org\/{rel}","templated":true}]}}