{"id":74696,"date":"2024-11-19T09:19:42","date_gmt":"2024-11-19T08:19:42","guid":{"rendered":"https:\/\/www.raschvin.com\/produkt\/the-irishman-the-harvest-70-cl-40\/"},"modified":"2024-11-19T09:19:42","modified_gmt":"2024-11-19T08:19:42","slug":"the-irishman-the-harvest-70-cl-40","status":"publish","type":"product","link":"https:\/\/www.raschvin.com\/sv\/produkt\/the-irishman-the-harvest-70-cl-40\/","title":{"rendered":"The Irishman &#8211; The Harvest 70 cl. 40%"},"content":{"rendered":"<p>En prisbel\u00f6nt och mycket uttrycksfull blandning av Irish Single Pot Still och Irish Single Malt whiskey.<\/p>\n<p>Doft<br \/>\nKryddiga toner, svartpeppar och persikor.<\/p>\n<p>Smak<br \/>\nPot Still-kryddor, m\u00f6rk choklad och bourbon ekfat.<\/p>\n<p>Eftersmak<br \/>\nEk och karamell.<\/p>\n<p>Om Produkten<br \/>\nTidigare sl\u00e4ppt under namnet &#8221;Founder&#8217;s Reserve,&#8221; \u00e4r The Harvest en unik blandning av Single Malt och Single Pot Still Irish Whiskey. Den f\u00f6rstn\u00e4mnda utg\u00f6r cirka 70 %, medan den sistn\u00e4mnda st\u00e5r f\u00f6r cirka 30 %.<\/p>\n<p>Whiskeyn har en alkoholhalt p\u00e5 40 %.<\/p>\n<p>Smaknoter<br \/>\nP\u00e5 n\u00e4san framtr\u00e4der flaskan med h\u00e4rliga kryddor, samt en saftig, fruktig ton av mogna persikor.<\/p>\n<p>Pot Still-whiskeyns karakt\u00e4ristiska kryddighet k\u00e4nns tydligt och utvecklas tillsammans med omissk\u00e4nnliga toner av m\u00f6rk choklad. Slutligen m\u00e4rks bourbonfatens inflytande, med vanilj och s\u00f6t karamell som blir s\u00e4rskilt framtr\u00e4dande i eftersmaken.<\/p>\n<p>Om Walsh Whiskey<br \/>\nWalsh Whiskey \u00e4r ett familjef\u00f6retag som \u00e4r dedikerat till att \u00e5teruppliva den irl\u00e4ndska whiskeytraditionen.<\/p>\n<p>Irl\u00e4ndsk whiskey (som stavas med ett &#8217;e&#8217;) har genomlevt n\u00e5gra tuffa \u00e5rhundraden. Irland var en g\u00e5ng v\u00e4rldens st\u00f6rsta whiskeyproducent, och irl\u00e4ndarna h\u00e4vdar fortfarande att det var de\u2014och inte skottarna\u2014som uppfann den gyllene drycken. Men p\u00e5 grund av en l\u00e5ng rad problem, som hungersn\u00f6d, f\u00f6rbudstiden och oviljan att anpassa sig till en f\u00f6r\u00e4nderlig marknad, gick den irl\u00e4ndska whiskeyindustrin gradvis men fatalt under, med endast tv\u00e5 aktiva destillerier kvar p\u00e5 hela \u00f6n \u00e5r 1970!<\/p>\n<p>Lyckligtvis har vinden (\u00e4ntligen) v\u00e4nt f\u00f6r irl\u00e4ndsk whiskey, och m\u00e5nga nya destillerier v\u00e4xer fram \u00f6ver hela Irland. Walsh Whiskey, grundat 1999 av paret Bernard och Rosemary Walsh, har som m\u00e5l att leda denna irl\u00e4ndska whiskeyren\u00e4ssans. De g\u00f6r detta bland annat genom sina tv\u00e5 produktserier av irl\u00e4ndsk whiskey\u2014Writer\u2019s Tears och The Irishman.<\/p>\n<p>&#8221;V\u00e5r filosofi \u00e4r rotad i familjens motto: &#8217;Never Say Die&#8217;\u2014om det inte lyckas f\u00f6rsta g\u00e5ngen, forts\u00e4tter vi tills det g\u00f6r det.&#8221;<\/p>\n<p>Om The Irishman<br \/>\nThe Irishman \u00e4r en m\u00e4sterlig serie som huvudsakligen best\u00e5r av irl\u00e4ndsk single malt. P\u00e5 klassiskt irl\u00e4ndskt vis \u00e4r alla produkter trippeldestillerade. Detta inneb\u00e4r att whiskeyn efter den sedvanliga andra destilleringen destilleras ytterligare en g\u00e5ng, vilket resulterar i en l\u00e4ttare och mer avrundad smak.<\/p>\n<p>The Irishman \u00e4r en prisbel\u00f6nt irl\u00e4ndsk whiskey som \u00e4r mycket popul\u00e4r tack vare sin h\u00f6ga kvalitet och mjuka karakt\u00e4r.<\/p>\n","protected":false},"excerpt":{"rendered":"<p>Irish Whiskey Single Malt &#038; Single Pot<\/p>\n","protected":false},"featured_media":74772,"template":"","meta":{"_acf_changed":false,"rs_blank_template":"","rs_page_bg_color":"","slide_template_v7":""},"product_brand":[],"product_cat":[2392,4768,9512],"product_tag":[],"class_list":{"0":"post-74696","1":"product","2":"type-product","3":"status-publish","4":"has-post-thumbnail","6":"product_cat-whisky-sv","7":"product_cat-irish-whiskey","8":"product_cat-blended-irish-whiskey","9":"pa_land-irland-sv","10":"pa_procent-40-sv-2","11":"pa_producent-walsh-whiskey-sv-2","12":"pa_volume-70-sv-2","14":"first","15":"instock","16":"sale","17":"taxable","18":"shipping-taxable","19":"purchasable","20":"product-type-simple"},"bundled_by":[],"bundle_stock_status":"instock","bundle_stock_quantity":null,"bundle_virtual":false,"bundle_layout":"","bundle_add_to_cart_form_location":"","bundle_editable_in_cart":false,"bundle_sold_individually_context":"","bundle_item_grouping":"","bundle_min_size":"","bundle_max_size":"","bundle_price":[],"bundled_items":[],"bundle_sell_ids":[],"acf":[],"_links":{"self":[{"href":"https:\/\/www.raschvin.com\/sv\/wp-json\/wp\/v2\/product\/74696","targetHints":{"allow":["GET"]}}],"collection":[{"href":"https:\/\/www.raschvin.com\/sv\/wp-json\/wp\/v2\/product"}],"about":[{"href":"https:\/\/www.raschvin.com\/sv\/wp-json\/wp\/v2\/types\/product"}],"wp:featuredmedia":[{"embeddable":true,"href":"https:\/\/www.raschvin.com\/sv\/wp-json\/wp\/v2\/media\/74772"}],"wp:attachment":[{"href":"https:\/\/www.raschvin.com\/sv\/wp-json\/wp\/v2\/media?parent=74696"}],"wp:term":[{"taxonomy":"product_brand","embeddable":true,"href":"https:\/\/www.raschvin.com\/sv\/wp-json\/wp\/v2\/product_brand?post=74696"},{"taxonomy":"product_cat","embeddable":true,"href":"https:\/\/www.raschvin.com\/sv\/wp-json\/wp\/v2\/product_cat?post=74696"},{"taxonomy":"product_tag","embeddable":true,"href":"https:\/\/www.raschvin.com\/sv\/wp-json\/wp\/v2\/product_tag?post=74696"}],"curies":[{"name":"wp","href":"https:\/\/api.w.org\/{rel}","templated":true}]}}