{"id":74693,"date":"2024-11-19T09:09:31","date_gmt":"2024-11-19T08:09:31","guid":{"rendered":"https:\/\/www.raschvin.com\/produkt\/the-irishman-caribbean-cask-finish-70-cl-46\/"},"modified":"2024-11-19T09:09:31","modified_gmt":"2024-11-19T08:09:31","slug":"the-irishman-caribbean-cask-finish-70-cl-46","status":"publish","type":"product","link":"https:\/\/www.raschvin.com\/sv\/produkt\/the-irishman-caribbean-cask-finish-70-cl-46\/","title":{"rendered":"The Irishman &#8211; Caribbean Cask Finish 70 cl. 46%"},"content":{"rendered":"<p>En dekadent och exotisk irl\u00e4ndsk whiskey f\u00f6r dig som letar efter n\u00e5got riktigt speciellt.<\/p>\n<p>Doft<br \/>\nVarm, exotisk och s\u00f6t \u2013 med tropiska frukter och farinsocker.<\/p>\n<p>Smak<br \/>\nL\u00e4tt, s\u00f6t och kryddig \u2013 med \u00e4ppelpaj och kryddnejlika.<\/p>\n<p>Eftersmak<br \/>\nFruktig och kryddig \u2013 med mango, banan och fikon.<\/p>\n<p>Om Produkten<br \/>\nDekadent och tropisk. De s\u00f6ta romfaten fr\u00e5n St. Lucia bjuder p\u00e5 en spektakul\u00e4r sensorisk njutning, fylld med tropiska frukter och h\u00e4rliga kryddor. Single Pot Still-karakt\u00e4ren \u00e4r dock fortfarande n\u00e4rvarande. Varm och inbjudande \u2013 en genuint exotisk whiskey!<\/p>\n<p>Denna whiskey \u00e4r baserad p\u00e5 samma grund som The Irishman \u2013 The Harvest och \u00e4r d\u00e4rmed en unik blandning av Single Malt och Single Pot Still Irish Whiskey. Blandningen best\u00e5r av cirka 70 % Single Malt och 30 % Single Pot Still.<\/p>\n<p>The Irishman \u2013 Caribbean Cask Irish Whiskey \u00e4r buteljerad utan kylfiltrering vid en alkoholhalt p\u00e5 46 %.<\/p>\n<p>Smaknoter<br \/>\nDoften tar dig med till St. Lucias gyllene sandstr\u00e4nder. Sitt bland palmerna och lyssna till havets brus. K\u00e4nn doften av tropiska frukter som h\u00e4nger tungt fr\u00e5n grenarna. Ytterst behaglig och s\u00f6t.<\/p>\n<p>Smaken \u00e4r varm och djup. M\u00f6tespunkten mellan Single Malt och Single Pot Still whiskey ger en l\u00e4tt s\u00f6tma och precis r\u00e4tt m\u00e4ngd krydda \u2013 t\u00e4nk \u00e4ppelpaj och kryddnejlika.<\/p>\n<p>I eftersmaken m\u00e4rks romfatens p\u00e5verkan tydligt. En v\u00e5g av tropiska frukter och h\u00e4rliga kryddor. Exotiska inslag av mango och banan, kanske till och med fikon. L\u00e4mnar definitivt ett intryck!<\/p>\n<p>Om Walsh Whiskey<br \/>\nWalsh Whiskey \u00e4r ett familjef\u00f6retag dedikerat till att \u00e5teruppliva irl\u00e4ndsk whiskey.<\/p>\n<p>Irl\u00e4ndsk whiskey (stavas med ett &#8221;e&#8221;) har haft ett tufft par \u00e5rhundraden. En g\u00e5ng i tiden var den gr\u00f6na \u00f6n v\u00e4rldens st\u00f6rsta whiskeyproducent, och irl\u00e4ndarna h\u00e5ller fortfarande fast vid att det var de \u2013 och inte skottarna \u2013 som uppfann den gyllene drycken. Men p\u00e5 grund av en rad utmaningar, som sv\u00e4lt, f\u00f6rbudstiden och ovilja att anpassa sig till en f\u00f6r\u00e4ndrad marknad, kollapsade den irl\u00e4ndska whiskeyindustrin gradvis. \u00c5r 1970 fanns det endast tv\u00e5 aktiva destillerier kvar p\u00e5 hela \u00f6n!<\/p>\n<p>Lyckligtvis har vinden (\u00e4ntligen) v\u00e4nt f\u00f6r irl\u00e4ndsk whiskey, och m\u00e5nga nya destillerier dyker idag upp \u00f6ver hela \u00f6n. Walsh Whiskey, som grundades 1999 av Bernard och Rosemary Walsh, str\u00e4var efter att leda denna irl\u00e4ndska whiskeyren\u00e4ssans. Detta g\u00f6r de bland annat med sina tv\u00e5 produktlinjer: Writer\u2019s Tears och The Irishman.<\/p>\n<p>\u201dV\u00e5r filosofi \u00e4r f\u00f6rankrad i v\u00e5rt familjemotto: \u2019Never Say Die\u2019 \u2013 om det inte lyckas f\u00f6rsta g\u00e5ngen, forts\u00e4tter vi tills det g\u00f6r det.\u201d<\/p>\n<p>Om The Irishman<br \/>\nThe Irishman \u00e4r en m\u00e4sterlig serie som huvudsakligen best\u00e5r av irl\u00e4ndsk single malt. I klassisk irl\u00e4ndsk stil \u00e4r alla produkter trippeldestillerade. Detta inneb\u00e4r att whiskeys genomg\u00e5r en ytterligare destillering efter den vanliga andra rundan, vilket resulterar i en l\u00e4ttare och mer balanserad smak.<\/p>\n<p>The Irishman \u00e4r en prisbel\u00f6nt irl\u00e4ndsk whiskey som hyllas f\u00f6r sin h\u00f6ga kvalitet och mjukhet.<\/p>\n","protected":false},"excerpt":{"rendered":"<p>Irish Whiskey<\/p>\n","protected":false},"featured_media":74793,"template":"","meta":{"_acf_changed":false,"rs_blank_template":"","rs_page_bg_color":"","slide_template_v7":""},"product_brand":[],"product_cat":[2392,4768,9512],"product_tag":[],"class_list":{"0":"post-74693","1":"product","2":"type-product","3":"status-publish","4":"has-post-thumbnail","6":"product_cat-whisky-sv","7":"product_cat-irish-whiskey","8":"product_cat-blended-irish-whiskey","9":"pa_land-irland-sv","10":"pa_procent-46-sv","11":"pa_producent-walsh-whiskey-sv-2","12":"pa_volume-70-sv-2","14":"first","15":"instock","16":"sale","17":"taxable","18":"shipping-taxable","19":"purchasable","20":"product-type-simple"},"bundled_by":[],"bundle_stock_status":"instock","bundle_stock_quantity":null,"bundle_virtual":false,"bundle_layout":"","bundle_add_to_cart_form_location":"","bundle_editable_in_cart":false,"bundle_sold_individually_context":"","bundle_item_grouping":"","bundle_min_size":"","bundle_max_size":"","bundle_price":[],"bundled_items":[],"bundle_sell_ids":[],"acf":[],"_links":{"self":[{"href":"https:\/\/www.raschvin.com\/sv\/wp-json\/wp\/v2\/product\/74693","targetHints":{"allow":["GET"]}}],"collection":[{"href":"https:\/\/www.raschvin.com\/sv\/wp-json\/wp\/v2\/product"}],"about":[{"href":"https:\/\/www.raschvin.com\/sv\/wp-json\/wp\/v2\/types\/product"}],"wp:featuredmedia":[{"embeddable":true,"href":"https:\/\/www.raschvin.com\/sv\/wp-json\/wp\/v2\/media\/74793"}],"wp:attachment":[{"href":"https:\/\/www.raschvin.com\/sv\/wp-json\/wp\/v2\/media?parent=74693"}],"wp:term":[{"taxonomy":"product_brand","embeddable":true,"href":"https:\/\/www.raschvin.com\/sv\/wp-json\/wp\/v2\/product_brand?post=74693"},{"taxonomy":"product_cat","embeddable":true,"href":"https:\/\/www.raschvin.com\/sv\/wp-json\/wp\/v2\/product_cat?post=74693"},{"taxonomy":"product_tag","embeddable":true,"href":"https:\/\/www.raschvin.com\/sv\/wp-json\/wp\/v2\/product_tag?post=74693"}],"curies":[{"name":"wp","href":"https:\/\/api.w.org\/{rel}","templated":true}]}}