{"id":74628,"date":"2024-11-18T19:41:21","date_gmt":"2024-11-18T18:41:21","guid":{"rendered":"https:\/\/www.raschvin.com\/produkt\/grahams-50-years-old-tawny-port-75-cl\/"},"modified":"2024-11-18T19:41:21","modified_gmt":"2024-11-18T18:41:21","slug":"grahams-50-years-old-tawny-port-75-cl","status":"publish","type":"product","link":"https:\/\/www.raschvin.com\/sv\/produkt\/grahams-50-years-old-tawny-port-75-cl\/","title":{"rendered":"Graham\u2019s \u2013 50 Years Old Tawny Port 75 cl."},"content":{"rendered":"<p>Graham&#8217;s Aged Tawny Ports bygger p\u00e5 mer \u00e4n 200 \u00e5rs tradition och \u00e4r en hyllning till det hantverk och de v\u00e4lbepr\u00f6vade f\u00e4rdigheter som har \u00f6verf\u00f6rts fr\u00e5n generation till generation.<br \/>\nDenna Graham&#8217;s 50 Year Old Tawny Port har noggrant \u00f6vervakats genom tv\u00e5 generationer av Master Blenders, Peter och Charles Symington. Ett unikt vittnesm\u00e5l om exceptionellt hantverk och engagemang.<\/p>\n<p>Tv\u00e5 av vinets komponenter har s\u00e4rskild betydelse. Den f\u00f6rsta \u00e4r vin fr\u00e5n 1969, k\u00e4nt som &#8217;CAS Reserve&#8217;, som ursprungligen avsattes av Peter Symington f\u00f6r att markera f\u00f6delsen av hans son, Charles, fr\u00e5n vilken det f\u00e5tt sitt namn. Den andra best\u00e5r av viner fr\u00e5n 1970 och 1973. Portvinen blandades 1982, och mer \u00e4n 50 % har avdunstat genom de f\u00f6ljande \u00e5rtiondena, vilket resulterar i en otrolig koncentration.<\/p>\n<p>N\u00e4r man dricker Graham&#8217;s 50 Year Old Tawny \u00e4r det centrumet som allt kretsar kring. Det b\u00f6r avnjutas l\u00e4tt kyligt eller tillsammans med mogna ostar, n\u00f6tter eller kr\u00e4miga desserter.<\/p>\n<p>Komplexa aromer utvecklas i lager av apelsinblomma, fruktkaka, karamell och tobak, allt i en balanserad och eminent koncentrerad sensorisk upplevelse. Fyllig, rik och kr\u00e4mig p\u00e5 tungan med en livlig syra som h\u00e5ller upplevelsen i perfekt balans. Du kommer att uppleva noter av kryddig ek, muskotn\u00f6t, kanel och en l\u00e5ngvarig, behaglig finish.<\/p>\n<p>100 PO\u00c4NG<br \/>\nThe World of Fine Wine<br \/>\nRecenserad av Richard Mayson<br \/>\nEtt vin som omedelbart imponerar p\u00e5 dig med sin texturala rikedom och fokus p\u00e5 gommen, men det \u00e4r den \u00f6vergripande delikatessen, finessen och den perfekta balansen p\u00e5 finishen som verkligen resonerar. Det kan bara finnas ett betyg f\u00f6r ett vin med denna proveniens och kaliber.<\/p>\n<p>98 PO\u00c4NG<br \/>\nJames Suckling<br \/>\nM\u00f6rk b\u00e4rnsten och gul kantf\u00e4rg. Aromer av jordn\u00f6tsbrittle, karamell, tegel, torv och kola. Fullbodied och s\u00e5 t\u00e4t med en nektarlik intensitet med kola och karamell. Kaffe. Syran h\u00e5ller den levande och energisk. S\u00e5 aromatisk. Apelsinkaramell. Endast n\u00e5gra hundra flaskor producerades. Drick nu.<\/p>\n","protected":false},"excerpt":{"rendered":"<p>Douro Valley Port<\/p>\n","protected":false},"featured_media":74650,"template":"","meta":{"_acf_changed":false,"rs_blank_template":"","rs_page_bg_color":"","slide_template_v7":""},"product_brand":[],"product_cat":[2765,2772,2788,4734],"product_tag":[],"class_list":{"0":"post-74628","1":"product","2":"type-product","3":"status-publish","4":"has-post-thumbnail","6":"product_cat-hedvin-sv","7":"product_cat-hamn","8":"product_cat-vin-sv","9":"product_cat-aged-tawny-sv","10":"pa_drue-classic-douro-blend-sv","11":"pa_lagring-50-sv","12":"pa_land-portugal-sv","13":"pa_procent-20-sv","14":"pa_producent-grahams-sv","15":"pa_region-douro-sv","16":"pa_serveringstemperatur-18-20-sv","17":"pa_volume-75-sv","19":"first","20":"instock","21":"taxable","22":"shipping-taxable","23":"purchasable","24":"product-type-simple"},"bundled_by":[],"bundle_stock_status":"instock","bundle_stock_quantity":null,"bundle_virtual":false,"bundle_layout":"","bundle_add_to_cart_form_location":"","bundle_editable_in_cart":false,"bundle_sold_individually_context":"","bundle_item_grouping":"","bundle_min_size":"","bundle_max_size":"","bundle_price":[],"bundled_items":[],"bundle_sell_ids":[],"acf":[],"_links":{"self":[{"href":"https:\/\/www.raschvin.com\/sv\/wp-json\/wp\/v2\/product\/74628","targetHints":{"allow":["GET"]}}],"collection":[{"href":"https:\/\/www.raschvin.com\/sv\/wp-json\/wp\/v2\/product"}],"about":[{"href":"https:\/\/www.raschvin.com\/sv\/wp-json\/wp\/v2\/types\/product"}],"wp:featuredmedia":[{"embeddable":true,"href":"https:\/\/www.raschvin.com\/sv\/wp-json\/wp\/v2\/media\/74650"}],"wp:attachment":[{"href":"https:\/\/www.raschvin.com\/sv\/wp-json\/wp\/v2\/media?parent=74628"}],"wp:term":[{"taxonomy":"product_brand","embeddable":true,"href":"https:\/\/www.raschvin.com\/sv\/wp-json\/wp\/v2\/product_brand?post=74628"},{"taxonomy":"product_cat","embeddable":true,"href":"https:\/\/www.raschvin.com\/sv\/wp-json\/wp\/v2\/product_cat?post=74628"},{"taxonomy":"product_tag","embeddable":true,"href":"https:\/\/www.raschvin.com\/sv\/wp-json\/wp\/v2\/product_tag?post=74628"}],"curies":[{"name":"wp","href":"https:\/\/api.w.org\/{rel}","templated":true}]}}