{"id":74625,"date":"2024-11-18T19:35:22","date_gmt":"2024-11-18T18:35:22","guid":{"rendered":"https:\/\/www.raschvin.com\/produkt\/grahams-40-years-old-tawny-port-75-cl\/"},"modified":"2024-11-18T19:35:22","modified_gmt":"2024-11-18T18:35:22","slug":"grahams-40-years-old-tawny-port-75-cl","status":"publish","type":"product","link":"https:\/\/www.raschvin.com\/sv\/produkt\/grahams-40-years-old-tawny-port-75-cl\/","title":{"rendered":"Graham\u2019s \u2013 40 Years Old Tawny Port 75 cl."},"content":{"rendered":"<p>Graham&#8217;s Aged Tawny Ports bygger p\u00e5 mer \u00e4n 200 \u00e5rs tradition och \u00e4r en hyllning till det hantverk och de f\u00e4rdigheter som har \u00f6verf\u00f6rts genom generationer. Graham&#8217;s 40 Year Old Tawny \u00e4r ett bevis p\u00e5 tid och tradition. Graham&#8217;s Master Blender blandar denna vinblandning som sparades undan i k\u00e4llaren av hans gammelfarfar, farfar, far och farbr\u00f6der. Han reserverar ocks\u00e5 vin f\u00f6r framtida generationer. Detta \u00e4r en gl\u00e4dje f\u00f6r oss alla som uppskattar tidens smak.<\/p>\n<p>En portvin av denna kaliber b\u00f6r avnjutas l\u00e4tt kyld som dessert, precis som det \u00e4r. Alternativt passar det exceptionellt bra med mogna ostar, n\u00f6tter eller kr\u00e4miga desserter.<\/p>\n<p>En enormt komplex och kraftfull doft som livligt mots\u00e4ger sin egen \u00e5lder. N\u00e4r du smakar kommer du att uppleva en bred variation av smaker, fr\u00e5n delikata noter av frukt och russin till rostad karamell och choklad med ett enast\u00e5ende eftersmak.<\/p>\n<p>Om W &#038; J Graham&#8217;s Det finns f\u00e5 platser i v\u00e4rlden som \u00e4r vackrare \u00e4n Douro-dalen och staden Porto. Detta blir man medveten om n\u00e4r man bes\u00f6ker Graham&#8217;s b\u00e5de i Douro-dalen och i Porto. Druvorna kommer fr\u00e5n Douro-dalen (annars f\u00e5r portvin inte kallas portvin), och vinet lagras i Porto, d\u00e4r Graham&#8217;s Lodge ligger med en ovanligt vacker utsikt \u00f6ver den fina staden Porto. Det \u00e4r en stad vi bara kan rekommendera att resa till.<\/p>\n<p>1820 fick Graham-br\u00f6derna 27 fat portvin som betalning f\u00f6r obetalda skulder. Det gick s\u00e5 bra att s\u00e4lja dem att de tv\u00e5 driftiga skottarna fick smak f\u00f6r det speciella vinet. De best\u00e4mde sig f\u00f6r att inte bara producera portvin utan att producera de b\u00e4sta portvinerna i hela Douro-dalen. Detta var starten f\u00f6r W &#038; J Graham&#8217;s.<\/p>\n<p>Tre hundra \u00e5rs portvinstradition och erfarenhet ger naturligtvis Graham&#8217;s starka fundament\u2014och s\u00e4kerst\u00e4ller en upps\u00e4ttning v\u00e4rderingar som fortfarande \u00e4r grundpelare i f\u00f6retaget. D\u00e4rf\u00f6r \u00e4r f\u00f6retagets motto &#8221;Do Not Forget&#8221;. Traditioner, erfarenhet och kunskap f\u00f6rs vidare fr\u00e5n generation till generation samtidigt som f\u00f6retaget hela tiden fokuserar p\u00e5 innovation.<\/p>\n<p>1882 anst\u00e4lldes den unge skotten Andrew James Symington, men efter n\u00e5gra \u00e5r gav han sig vidare ut i portvinens v\u00e4rld. N\u00e4r Graham&#8217;s dock 1970 fick ekonomiska problem och beh\u00f6vde ett kapitaltillskott, tog Symingtons barnbarn chansen att k\u00f6pa f\u00f6retaget. Idag har Symington-familjen en mycket central position inom portvin och \u00e4ger n\u00e5gra av de b\u00e4sta husen. Idag \u00e4r det fem kusiner med r\u00f6tter i portvinproduktion och Douro-dalen som str\u00e4cker sig tillbaka till 1600-talet som ansvarar f\u00f6r produktionen.<\/p>\n","protected":false},"excerpt":{"rendered":"<p>Douro Valley Port<\/p>\n","protected":false},"featured_media":74632,"template":"","meta":{"_acf_changed":false,"rs_blank_template":"","rs_page_bg_color":"","slide_template_v7":""},"product_brand":[],"product_cat":[2765,2772,2788,4734],"product_tag":[],"class_list":{"0":"post-74625","1":"product","2":"type-product","3":"status-publish","4":"has-post-thumbnail","6":"product_cat-hedvin-sv","7":"product_cat-hamn","8":"product_cat-vin-sv","9":"product_cat-aged-tawny-sv","10":"pa_drue-classic-douro-blend-sv","11":"pa_lagring-40-sv","12":"pa_land-portugal-sv","13":"pa_procent-20-sv","14":"pa_producent-grahams-sv","15":"pa_region-douro-sv","16":"pa_serveringstemperatur-18-20-sv","17":"pa_volume-75-sv","19":"first","20":"instock","21":"taxable","22":"shipping-taxable","23":"purchasable","24":"product-type-simple"},"bundled_by":[],"bundle_stock_status":"instock","bundle_stock_quantity":null,"bundle_virtual":false,"bundle_layout":"","bundle_add_to_cart_form_location":"","bundle_editable_in_cart":false,"bundle_sold_individually_context":"","bundle_item_grouping":"","bundle_min_size":"","bundle_max_size":"","bundle_price":[],"bundled_items":[],"bundle_sell_ids":[],"acf":[],"_links":{"self":[{"href":"https:\/\/www.raschvin.com\/sv\/wp-json\/wp\/v2\/product\/74625","targetHints":{"allow":["GET"]}}],"collection":[{"href":"https:\/\/www.raschvin.com\/sv\/wp-json\/wp\/v2\/product"}],"about":[{"href":"https:\/\/www.raschvin.com\/sv\/wp-json\/wp\/v2\/types\/product"}],"wp:featuredmedia":[{"embeddable":true,"href":"https:\/\/www.raschvin.com\/sv\/wp-json\/wp\/v2\/media\/74632"}],"wp:attachment":[{"href":"https:\/\/www.raschvin.com\/sv\/wp-json\/wp\/v2\/media?parent=74625"}],"wp:term":[{"taxonomy":"product_brand","embeddable":true,"href":"https:\/\/www.raschvin.com\/sv\/wp-json\/wp\/v2\/product_brand?post=74625"},{"taxonomy":"product_cat","embeddable":true,"href":"https:\/\/www.raschvin.com\/sv\/wp-json\/wp\/v2\/product_cat?post=74625"},{"taxonomy":"product_tag","embeddable":true,"href":"https:\/\/www.raschvin.com\/sv\/wp-json\/wp\/v2\/product_tag?post=74625"}],"curies":[{"name":"wp","href":"https:\/\/api.w.org\/{rel}","templated":true}]}}