{"id":74571,"date":"2024-11-18T18:51:43","date_gmt":"2024-11-18T17:51:43","guid":{"rendered":"https:\/\/www.raschvin.com\/produkt\/ron-cueva-1501-panama-rum-sistema-25-solera-70-cl-40\/"},"modified":"2024-11-18T18:51:43","modified_gmt":"2024-11-18T17:51:43","slug":"ron-cueva-1501-panama-rum-sistema-25-solera-70-cl-40","status":"publish","type":"product","link":"https:\/\/www.raschvin.com\/sv\/produkt\/ron-cueva-1501-panama-rum-sistema-25-solera-70-cl-40\/","title":{"rendered":"Ron Cueva 1501 Panama Rum Sistema 25 Solera 70 cl. 40%"},"content":{"rendered":"<p>Ron Cueva 1501 Panama Rum 25 Solera<\/p>\n<p>Ron Cueva 25 Solera \u00e4r s\u00e5 full av smak och komplexitet att den borde avnjutas med en sked och en uts\u00f6kt bit m\u00f6rk choklad. Balansen \u00e4r superb, med djup och m\u00e5ttlig s\u00f6tma.<\/p>\n<p>Doft:<br \/>\nNypressade kaffeb\u00f6nor, en blandning av mogna tropiska frukter, m\u00f6rk choklad och koncentrerad Madagaskar-vanilj \u2013 wow!<\/p>\n<p>Smak:<br \/>\nSammetlen och lyxig. En smygande explosion av dadlar, sultanrussin, karamell, svarta k\u00f6rsb\u00e4r och varma kryddor som kanel och kryddnejlika sveper \u00f6ver tungan.<\/p>\n<p>Eftersmak:<br \/>\nL\u00e5ngvarig med nyanser av kanelbakade \u00e4pplen och \u00e4nnu mer m\u00f6rk choklad.<\/p>\n<p>Om Ron Cueva 1501:<br \/>\nCueva-stammen uppt\u00e4cktes i Panama \u00e5r 1501 av spanska er\u00f6vrare. Stammen dog ut 1535 i kampen mot spanjorerna och de sjukdomar de f\u00f6rde med sig fr\u00e5n Europa.<\/p>\n<p>Ron Cueva \u00e4r en hyllning till den modiga Cueva-stammen, som nu \u201cer\u00f6vrar\u201d v\u00e4rlden med panamansk rom!<\/p>\n<p>Ett optimalt klimat f\u00f6r sockerr\u00f6r: kalla n\u00e4tter och varma, fuktiga dagar, i kombination med en relativt kort regnperiod, skapar en l\u00e5ng och effektiv v\u00e4xts\u00e4song som producerar sockerr\u00f6r av h\u00f6g kvalitet.<\/p>\n<p>Klimatet \u00e4r ocks\u00e5 en avg\u00f6rande faktor f\u00f6r rommens lagring. Ett fuktigt och m\u00e5ttligt tropiskt klimat ger idealiska f\u00f6rh\u00e5llanden f\u00f6r rommognad. F\u00f6rutom att lagra rom i fat genom s\u00e5 kallad vintage-lagring anv\u00e4nder Ron Cueva ocks\u00e5 \u201cSistema Solera\u201d-metoden.<\/p>\n<p>Trots att panamansk lag endast kr\u00e4ver att rom lagras i minst tv\u00e5 \u00e5r, l\u00e5ter Ron Cueva 1501 sin rom mogna i 8, 12, 18 och upp till 25 \u00e5r.<\/p>\n<p>F\u00f6rutom att hylla historien bidrar Ron Cueva 1501 till att f\u00f6rb\u00e4ttra livskvaliteten f\u00f6r inhemska stammar. De driver m\u00e5nga projekt som stammarna har nytta av \u2013 en producent som v\u00e4rdes\u00e4tter tradition och historia och aldrig gl\u00f6mmer sitt ursprung. En romserie som visar framtiden genom att anv\u00e4nda det f\u00f6rflutna.<\/p>\n","protected":false},"excerpt":{"rendered":"<p>Premium Aged Panama Rum<\/p>\n","protected":false},"featured_media":74608,"template":"","meta":{"_acf_changed":false,"rs_blank_template":"","rs_page_bg_color":"","slide_template_v7":""},"product_brand":[],"product_cat":[2391,4634,9225],"product_tag":[],"class_list":{"0":"post-74571","1":"product","2":"type-product","3":"status-publish","4":"has-post-thumbnail","6":"product_cat-rom-sv","7":"product_cat-premium-aged-sv","8":"product_cat-alternativa-romtyper","9":"pa_land-panama-sv","10":"pa_procent-40-sv-2","11":"pa_producent-licores-don-pancho-sv","12":"pa_volume-70-sv-2","14":"first","15":"instock","16":"sale","17":"taxable","18":"shipping-taxable","19":"purchasable","20":"product-type-simple"},"bundled_by":[],"bundle_stock_status":"instock","bundle_stock_quantity":null,"bundle_virtual":false,"bundle_layout":"","bundle_add_to_cart_form_location":"","bundle_editable_in_cart":false,"bundle_sold_individually_context":"","bundle_item_grouping":"","bundle_min_size":"","bundle_max_size":"","bundle_price":[],"bundled_items":[],"bundle_sell_ids":[],"acf":[],"_links":{"self":[{"href":"https:\/\/www.raschvin.com\/sv\/wp-json\/wp\/v2\/product\/74571","targetHints":{"allow":["GET"]}}],"collection":[{"href":"https:\/\/www.raschvin.com\/sv\/wp-json\/wp\/v2\/product"}],"about":[{"href":"https:\/\/www.raschvin.com\/sv\/wp-json\/wp\/v2\/types\/product"}],"wp:featuredmedia":[{"embeddable":true,"href":"https:\/\/www.raschvin.com\/sv\/wp-json\/wp\/v2\/media\/74608"}],"wp:attachment":[{"href":"https:\/\/www.raschvin.com\/sv\/wp-json\/wp\/v2\/media?parent=74571"}],"wp:term":[{"taxonomy":"product_brand","embeddable":true,"href":"https:\/\/www.raschvin.com\/sv\/wp-json\/wp\/v2\/product_brand?post=74571"},{"taxonomy":"product_cat","embeddable":true,"href":"https:\/\/www.raschvin.com\/sv\/wp-json\/wp\/v2\/product_cat?post=74571"},{"taxonomy":"product_tag","embeddable":true,"href":"https:\/\/www.raschvin.com\/sv\/wp-json\/wp\/v2\/product_tag?post=74571"}],"curies":[{"name":"wp","href":"https:\/\/api.w.org\/{rel}","templated":true}]}}