{"id":74566,"date":"2024-11-18T18:47:42","date_gmt":"2024-11-18T17:47:42","guid":{"rendered":"https:\/\/www.raschvin.com\/produkt\/ron-cueva-1501-panama-rum-sistema-18-solera-70-cl-40\/"},"modified":"2026-04-30T08:45:40","modified_gmt":"2026-04-30T06:45:40","slug":"ron-cueva-1501-panama-rum-sistema-18-solera-70-cl-40","status":"publish","type":"product","link":"https:\/\/www.raschvin.com\/sv\/produkt\/ron-cueva-1501-panama-rum-sistema-18-solera-70-cl-40\/","title":{"rendered":"Ron Cueva Las Perlas Elegante 18 70 cl. 40%"},"content":{"rendered":"<p>Lagrat i upp till 18 \u00e5r i solera-systemet. En exklusiv lagrad rom skapad f\u00f6r speciella upplevelser.<\/p>\n<p>Doft:<br \/>\nMocka, papaya, s\u00f6t kaffearom, banan och andra tropiska frukter.<\/p>\n<p>Smak:<br \/>\nFyllig och \u00f6verv\u00e4ldigande. En m\u00e4ngd varma kryddor som kryddpeppar och kanel, kompletterat med torkade fikon, rostade mandlar och l\u00e4cker kakao.<\/p>\n<p>Eftersmak:<br \/>\nL\u00e5ng och avrundad med en h\u00e4rlig s\u00f6t piptobak, m\u00f6rk choklad och cedertr\u00e4. Perfekt balanserad med en anpassad s\u00f6tma.<\/p>\n<p>Om Ron Cueva 1501:<br \/>\nCueva-stammen uppt\u00e4cktes i Panama \u00e5r 1501 av spanska er\u00f6vrare. Stammen dog ut 1535 till f\u00f6ljd av strider mot spanjorerna och de sjukdomar som f\u00f6rdes med fr\u00e5n Europa.<\/p>\n<p>Ron Cueva \u00e4r en hyllning till det tappra Cueva-folket, som nu \u201cer\u00f6vrar\u201d v\u00e4rlden med panamansk rom!<\/p>\n<p>Ett optimalt klimat f\u00f6r sockerr\u00f6r. Kalla n\u00e4tter och varma, fuktiga dagar, tillsammans med en relativt kort regns\u00e4song, ger en l\u00e5ng och effektiv v\u00e4xts\u00e4song som producerar sockerr\u00f6r av h\u00f6g kvalitet.<\/p>\n<p>Klimatet \u00e4r en avg\u00f6rande del av rommens mognadsprocess. Ett fuktigt och m\u00e5ttligt tropiskt klimat skapar perfekta f\u00f6rh\u00e5llanden f\u00f6r att mogna rom. F\u00f6rutom att lagra rommen p\u00e5 fat genom en vintageprocess anv\u00e4nder Ron Cueva ocks\u00e5 \u201cSistema Solera\u201d-metoden.<\/p>\n<p>Trots att Panamas lagstiftning endast kr\u00e4ver en lagringstid p\u00e5 minst tv\u00e5 \u00e5r l\u00e5ter Ron Cueva 1501 sin rom lagras och mogna i 8, 12, 18 och upp till 25 \u00e5r.<\/p>\n<p>F\u00f6rutom att hedra historien arbetar Ron Cueva 1501 f\u00f6r att f\u00f6rb\u00e4ttra livskvaliteten f\u00f6r ursprungsbefolkningar. De startar m\u00e5nga projekt som gynnar dessa samh\u00e4llen \u2013 en producent som v\u00e4rdes\u00e4tter tradition och historia och aldrig gl\u00f6mmer sina r\u00f6tter. En romserie som visar framtiden med hj\u00e4lp av det f\u00f6rflutna.<\/p>\n","protected":false},"excerpt":{"rendered":"<p>Premium Aged Panama Rum<\/p>\n","protected":false},"featured_media":123192,"template":"","meta":{"_acf_changed":false,"rs_blank_template":"","rs_page_bg_color":"","slide_template_v7":""},"product_brand":[],"product_cat":[2391,4634,9225],"product_tag":[],"class_list":{"0":"post-74566","1":"product","2":"type-product","3":"status-publish","4":"has-post-thumbnail","6":"product_cat-rom-sv","7":"product_cat-premium-aged-sv","8":"product_cat-alternativa-romtyper","9":"pa_land-panama-sv","10":"pa_procent-40-sv-2","11":"pa_producent-licores-don-pancho-sv","12":"pa_volume-70-sv-2","14":"first","15":"instock","16":"sale","17":"taxable","18":"shipping-taxable","19":"purchasable","20":"product-type-simple"},"bundled_by":[],"bundle_stock_status":"instock","bundle_stock_quantity":null,"bundle_virtual":false,"bundle_layout":"","bundle_add_to_cart_form_location":"","bundle_editable_in_cart":false,"bundle_sold_individually_context":"","bundle_item_grouping":"","bundle_min_size":"","bundle_max_size":"","bundle_price":[],"bundled_items":[],"bundle_sell_ids":[],"acf":[],"_links":{"self":[{"href":"https:\/\/www.raschvin.com\/sv\/wp-json\/wp\/v2\/product\/74566","targetHints":{"allow":["GET"]}}],"collection":[{"href":"https:\/\/www.raschvin.com\/sv\/wp-json\/wp\/v2\/product"}],"about":[{"href":"https:\/\/www.raschvin.com\/sv\/wp-json\/wp\/v2\/types\/product"}],"wp:featuredmedia":[{"embeddable":true,"href":"https:\/\/www.raschvin.com\/sv\/wp-json\/wp\/v2\/media\/123192"}],"wp:attachment":[{"href":"https:\/\/www.raschvin.com\/sv\/wp-json\/wp\/v2\/media?parent=74566"}],"wp:term":[{"taxonomy":"product_brand","embeddable":true,"href":"https:\/\/www.raschvin.com\/sv\/wp-json\/wp\/v2\/product_brand?post=74566"},{"taxonomy":"product_cat","embeddable":true,"href":"https:\/\/www.raschvin.com\/sv\/wp-json\/wp\/v2\/product_cat?post=74566"},{"taxonomy":"product_tag","embeddable":true,"href":"https:\/\/www.raschvin.com\/sv\/wp-json\/wp\/v2\/product_tag?post=74566"}],"curies":[{"name":"wp","href":"https:\/\/api.w.org\/{rel}","templated":true}]}}