{"id":74564,"date":"2024-11-18T18:42:22","date_gmt":"2024-11-18T17:42:22","guid":{"rendered":"https:\/\/www.raschvin.com\/produkt\/ron-cueva-1501-panama-rum-sistema-12-solera-70-cl-40\/"},"modified":"2024-11-18T18:42:22","modified_gmt":"2024-11-18T17:42:22","slug":"ron-cueva-1501-panama-rum-sistema-12-solera-70-cl-40","status":"publish","type":"product","link":"https:\/\/www.raschvin.com\/sv\/produkt\/ron-cueva-1501-panama-rum-sistema-12-solera-70-cl-40\/","title":{"rendered":"Ron Cueva 1501 Panama Rum Sistema 12 Solera 70 cl. 40%"},"content":{"rendered":"<p>I denna Panama Rom 12 Solera fr\u00e5n Ron Cueva 1501 finner du en perfekt balanserad rom. Lagrad i upp till 12 \u00e5r i solera-systemet, f\u00f6renas smakerna av friska, fruktiga citrusnoter med rika toner av choklad, kaffe och karamell. Massor av djup och komplexitet mellan s\u00f6tma och alkohol.<\/p>\n<p>Doft:<br \/>\nH\u00e4rlig citrus, honung, vanilj och romtryfflar som delikat smyger sig upp ur glaset. En underbar doft att njuta av l\u00e4nge.<\/p>\n<p>Smak:<br \/>\nMjuk och kr\u00e4mig med smaker av mj\u00f6lkchoklad, dadlar och rostade fatkryddor som frig\u00f6rs vid f\u00f6rsta sippen. En delikat smakupplevelse med inslag av russin och aprikos.<\/p>\n<p>Om Ron Cueva 1501:<br \/>\nCueva-stammen uppt\u00e4cktes i Panama \u00e5r 1501 av spanska er\u00f6vrare. Stammen dog ut \u00e5r 1535 p\u00e5 grund av strider mot spanjorerna och sjukdomar som de f\u00f6rde med sig fr\u00e5n Europa.<\/p>\n<p>Ron Cueva \u00e4r en hyllning till den modiga Cueva-stammen, som nu &#8221;er\u00f6vrar&#8221; v\u00e4rlden med panamansk rom!<\/p>\n<p>Ett optimalt klimat f\u00f6r sockerr\u00f6r. Kalla n\u00e4tter och varma, fuktiga dagar, kombinerat med en relativt kort regnperiod, skapar en l\u00e5ng och effektiv v\u00e4xts\u00e4song som producerar sockerr\u00f6r av h\u00f6g kvalitet.<\/p>\n<p>Klimatet \u00e4r en viktig del av rommens mognad. Ett fuktigt och m\u00e5ttligt tropiskt klimat ger perfekta f\u00f6rh\u00e5llanden f\u00f6r att mogna rom. F\u00f6rutom att lagra rommen p\u00e5 fat genom s.k. vintagelagring, anv\u00e4nder Ron Cueva ocks\u00e5 &#8221;Sistema Solera&#8221;-metoden.<\/p>\n<p>Trots att lagstiftningen i Panama bara kr\u00e4ver minst tv\u00e5 \u00e5rs lagring av rom, l\u00e5ter Ron Cueva 1501 sin rom mogna i 8, 12, 18 och upp till 25 \u00e5r.<\/p>\n<p>Ut\u00f6ver att hylla det f\u00f6rflutna bidrar Ron Cueva 1501 till att f\u00f6rb\u00e4ttra livskvaliteten f\u00f6r inhemska stammar. De lanserar m\u00e5nga projekt som dessa samh\u00e4llen drar nytta av \u2013 en producent som v\u00e4rderar tradition och historia, och aldrig gl\u00f6mmer sina r\u00f6tter. En romserie som visar framtiden med hj\u00e4lp av det f\u00f6rflutna.<\/p>\n","protected":false},"excerpt":{"rendered":"<p>Premium Aged Panama Rum<\/p>\n","protected":false},"featured_media":74602,"template":"","meta":{"_acf_changed":false,"rs_blank_template":"","rs_page_bg_color":"","slide_template_v7":""},"product_brand":[],"product_cat":[2391,4634,9225],"product_tag":[],"class_list":{"0":"post-74564","1":"product","2":"type-product","3":"status-publish","4":"has-post-thumbnail","6":"product_cat-rom-sv","7":"product_cat-premium-aged-sv","8":"product_cat-alternativa-romtyper","9":"pa_land-panama-sv","10":"pa_procent-40-sv-2","11":"pa_producent-licores-don-pancho-sv","12":"pa_volume-70-sv-2","14":"first","15":"instock","16":"sale","17":"taxable","18":"shipping-taxable","19":"purchasable","20":"product-type-simple"},"bundled_by":[],"bundle_stock_status":"instock","bundle_stock_quantity":null,"bundle_virtual":false,"bundle_layout":"","bundle_add_to_cart_form_location":"","bundle_editable_in_cart":false,"bundle_sold_individually_context":"","bundle_item_grouping":"","bundle_min_size":"","bundle_max_size":"","bundle_price":[],"bundled_items":[],"bundle_sell_ids":[],"acf":[],"_links":{"self":[{"href":"https:\/\/www.raschvin.com\/sv\/wp-json\/wp\/v2\/product\/74564","targetHints":{"allow":["GET"]}}],"collection":[{"href":"https:\/\/www.raschvin.com\/sv\/wp-json\/wp\/v2\/product"}],"about":[{"href":"https:\/\/www.raschvin.com\/sv\/wp-json\/wp\/v2\/types\/product"}],"wp:featuredmedia":[{"embeddable":true,"href":"https:\/\/www.raschvin.com\/sv\/wp-json\/wp\/v2\/media\/74602"}],"wp:attachment":[{"href":"https:\/\/www.raschvin.com\/sv\/wp-json\/wp\/v2\/media?parent=74564"}],"wp:term":[{"taxonomy":"product_brand","embeddable":true,"href":"https:\/\/www.raschvin.com\/sv\/wp-json\/wp\/v2\/product_brand?post=74564"},{"taxonomy":"product_cat","embeddable":true,"href":"https:\/\/www.raschvin.com\/sv\/wp-json\/wp\/v2\/product_cat?post=74564"},{"taxonomy":"product_tag","embeddable":true,"href":"https:\/\/www.raschvin.com\/sv\/wp-json\/wp\/v2\/product_tag?post=74564"}],"curies":[{"name":"wp","href":"https:\/\/api.w.org\/{rel}","templated":true}]}}