{"id":74560,"date":"2024-11-18T18:35:06","date_gmt":"2024-11-18T17:35:06","guid":{"rendered":"https:\/\/www.raschvin.com\/produkt\/ron-cueva-1501-panama-rum-8-solera-70-cl-40\/"},"modified":"2024-11-18T18:38:24","modified_gmt":"2024-11-18T17:38:24","slug":"ron-cueva-1501-panama-rum-8-solera-70-cl-40","status":"publish","type":"product","link":"https:\/\/www.raschvin.com\/sv\/produkt\/ron-cueva-1501-panama-rum-8-solera-70-cl-40\/","title":{"rendered":"Ron Cueva 1501 Panama Rum Sistema 8 Solera 70 cl. 40%"},"content":{"rendered":"<p>Ron Cueva 1501 Panama Rum 8 Solera<\/p>\n<p>Lagrat i upp till 8 \u00e5r i ett solerasystem. Energisk, frisk och full av smak, med en strid str\u00f6m av choklad, tropiska frukter och kryddor.<\/p>\n<p>Doft:<br \/>\nKaffe, tropiska frukter, choklad och en avslutning av s\u00f6t vanilj.<\/p>\n<p>Smak:<br \/>\nMjuk och energisk p\u00e5 tungan. De torkade frukterna harmonierar med mogna \u00e4pplen, kryddor och karamell.<\/p>\n<p>Eftersmak:<br \/>\nL\u00e4ckra rostade n\u00f6tter, frisk citron och \u00f6rter. En eftersmak som ber om en klunk till. Mums, den \u00e4r oemotst\u00e5ndlig. Perfekt balans mellan alkohol och s\u00f6tma.<\/p>\n<p>Om Ron Cueva 1501:<br \/>\nCueva-stammen uppt\u00e4cktes i Panama \u00e5r 1501 av spanska er\u00f6vrare. Stammen utrotades 1535 i strider med spanjorerna och sjukdomar de f\u00f6rde med sig fr\u00e5n Europa.<\/p>\n<p>Ron Cueva \u00e4r en hyllning till det tappra Cueva-folket, som nu &#8221;er\u00f6vrar&#8221; v\u00e4rlden med panamansk rom!<\/p>\n<p>Panama har ett optimalt klimat f\u00f6r sockerr\u00f6r. Svala n\u00e4tter och varma, fuktiga dagar, i kombination med en relativt kort regnperiod, ger en l\u00e5ng och effektiv v\u00e4xts\u00e4song som producerar sockerr\u00f6r av h\u00f6g kvalitet.<\/p>\n<p>Klimatet \u00e4r en viktig del av rommens lagring. Ett fuktigt, m\u00e5ttligt tropiskt klimat ger perfekta f\u00f6rh\u00e5llanden f\u00f6r att mogna rom. F\u00f6rutom att lagra rom p\u00e5 fat genom vintage-metoden anv\u00e4nder Ron Cueva \u00e4ven &#8221;Sistema Solera&#8221;-metoden.<\/p>\n<p>Trots att lagen i Panama endast kr\u00e4ver att rom ska lagras i minst tv\u00e5 \u00e5r, l\u00e5ter Ron Cueva 1501 sin rom lagras och mogna i 8, 12, 18 och upp till 25 \u00e5r.<\/p>\n<p>F\u00f6rutom att hylla det f\u00f6rflutna arbetar Ron Cueva 1501 f\u00f6r att f\u00f6rb\u00e4ttra livskvaliteten f\u00f6r ursprungsbefolkningar. De lanserar m\u00e5nga projekt som dessa grupper drar nytta av \u2014 en producent som v\u00e4rdes\u00e4tter tradition och historia och inte gl\u00f6mmer var de kommer ifr\u00e5n. En romserie som visar framtiden med hj\u00e4lp av det f\u00f6rflutna.<\/p>\n","protected":false},"excerpt":{"rendered":"<p>Premium Aged Panama Rum<\/p>\n","protected":false},"featured_media":74599,"template":"","meta":{"_acf_changed":false,"rs_blank_template":"","rs_page_bg_color":"","slide_template_v7":""},"product_brand":[],"product_cat":[2391,4634,9225],"product_tag":[],"class_list":{"0":"post-74560","1":"product","2":"type-product","3":"status-publish","4":"has-post-thumbnail","6":"product_cat-rom-sv","7":"product_cat-premium-aged-sv","8":"product_cat-alternativa-romtyper","9":"pa_land-panama-sv","10":"pa_procent-40-sv-2","11":"pa_producent-licores-don-pancho-sv","12":"pa_volume-70-sv-2","14":"first","15":"instock","16":"sale","17":"taxable","18":"shipping-taxable","19":"purchasable","20":"product-type-simple"},"bundled_by":[],"bundle_stock_status":"instock","bundle_stock_quantity":null,"bundle_virtual":false,"bundle_layout":"","bundle_add_to_cart_form_location":"","bundle_editable_in_cart":false,"bundle_sold_individually_context":"","bundle_item_grouping":"","bundle_min_size":"","bundle_max_size":"","bundle_price":[],"bundled_items":[],"bundle_sell_ids":[],"acf":[],"_links":{"self":[{"href":"https:\/\/www.raschvin.com\/sv\/wp-json\/wp\/v2\/product\/74560","targetHints":{"allow":["GET"]}}],"collection":[{"href":"https:\/\/www.raschvin.com\/sv\/wp-json\/wp\/v2\/product"}],"about":[{"href":"https:\/\/www.raschvin.com\/sv\/wp-json\/wp\/v2\/types\/product"}],"wp:featuredmedia":[{"embeddable":true,"href":"https:\/\/www.raschvin.com\/sv\/wp-json\/wp\/v2\/media\/74599"}],"wp:attachment":[{"href":"https:\/\/www.raschvin.com\/sv\/wp-json\/wp\/v2\/media?parent=74560"}],"wp:term":[{"taxonomy":"product_brand","embeddable":true,"href":"https:\/\/www.raschvin.com\/sv\/wp-json\/wp\/v2\/product_brand?post=74560"},{"taxonomy":"product_cat","embeddable":true,"href":"https:\/\/www.raschvin.com\/sv\/wp-json\/wp\/v2\/product_cat?post=74560"},{"taxonomy":"product_tag","embeddable":true,"href":"https:\/\/www.raschvin.com\/sv\/wp-json\/wp\/v2\/product_tag?post=74560"}],"curies":[{"name":"wp","href":"https:\/\/api.w.org\/{rel}","templated":true}]}}