{"id":74455,"date":"2024-11-18T10:35:23","date_gmt":"2024-11-18T09:35:23","guid":{"rendered":"https:\/\/www.raschvin.com\/produkt\/marolo-grappa-di-barolo-1988-70-cl-50\/"},"modified":"2024-11-18T10:35:23","modified_gmt":"2024-11-18T09:35:23","slug":"marolo-grappa-di-barolo-1988-70-cl-50","status":"publish","type":"product","link":"https:\/\/www.raschvin.com\/sv\/produkt\/marolo-grappa-di-barolo-1988-70-cl-50\/","title":{"rendered":"Marolo Grappa di Barolo 1988 70 cl. 50%"},"content":{"rendered":"<p>DRUVSORT: Nebbiolo da Barolo.<br \/>\nALKOHOLHALT: 50 % vol.<br \/>\nFLASKVOLYM: 70 cl.<br \/>\nLAGRING: Lagrad i sex olika typer av sm\u00e5 fat tillverkade av olika tr\u00e4slag.<br \/>\nANV\u00c4NDA FAT: Fat nr 250 och nr 1348.<\/p>\n<p>PROVNING:<br \/>\nDen f\u00f6rl\u00e4ngda lagringen ger denna utvalda grappa-reserv en unik sensorisk profil. Den intensiva f\u00e4rgen signalerar en aromatisk kraft och mjukhet som tydligt upplevs under provningen. Fatlagringen har p\u00e5 ett exceptionellt s\u00e4tt utvecklat kryddiga aromer med framtr\u00e4dande toner av peppar, kryddnejlika, muskot, m\u00f6rk tobak, anis och lakrits. Dessa f\u00f6rsta intryck f\u00f6ljs av fruktiga dofter av sylt, bakat \u00e4pple, katrinplommon, mandel och valn\u00f6t. D\u00e4refter anas \u00e4ven en blommig nyans av honung, vilket tillsammans skapar en ytterst \u00e4rlig och harmonisk helhet.<\/p>\n<p>PRODUCERADE FLASKOR:<br \/>\nFr\u00e5n fat nr 250 har 442 flaskor tappats, och fr\u00e5n fat nr 1348 har 464 flaskor tappats.<\/p>\n<p>F\u00d6RPACKNING:<br \/>\nVarje flaska, noggrant numrerad f\u00f6r hand, levereras i en elegant ek-kassett som tillf\u00f6r ett inslag av enkel elegans till f\u00f6rpackningen.<\/p>\n<p>Producenten:<br \/>\nPaolo Marolo \u00e4r grundaren av detta fantastiska destilleri, som ligger i utkanten av staden Alba mellan de ber\u00f6mda vinregionerna Barolo och Barbaresco i Piemonte. Marolo \u00e5tnjuter stor uppskattning och \u00e4r h\u00f6gt respekterad bland k\u00e4nnare och restaurang\u00e4gare i b\u00e5de Italien, Europa och USA.<br \/>\nDestilleriet grundades 1977 och anv\u00e4nder den hantverksm\u00e4ssiga metoden discontinuo a bagnomaria (batchdestillering med vattenbad). H\u00e4r v\u00e4rms druvskalen indirekt tillsammans med vatten f\u00f6r att s\u00e4kerst\u00e4lla en varsam hantering av r\u00e5varan.<\/p>\n","protected":false},"excerpt":{"rendered":"<p>Distilleria Santa Teresa dei Fratelli Marolo<\/p>\n","protected":false},"featured_media":74469,"template":"","meta":{"_acf_changed":false,"rs_blank_template":"","rs_page_bg_color":"","slide_template_v7":""},"product_brand":[],"product_cat":[2743,2397],"product_tag":[],"class_list":{"0":"post-74455","1":"product","2":"type-product","3":"status-publish","4":"has-post-thumbnail","6":"product_cat-brannvin-sv","7":"product_cat-grappa-sv","8":"pa_champagne-type-affinata-gold-sv","9":"pa_drue-nebbiolo-sv","10":"pa_land-italien-sv","11":"pa_procent-50-sv","12":"pa_producent-marolo-sv","13":"pa_region-piemonte-sv","14":"pa_vintage-1988-sv","15":"pa_volume-70-sv-2","17":"first","18":"instock","19":"taxable","20":"shipping-taxable","21":"purchasable","22":"product-type-simple"},"bundled_by":[],"bundle_stock_status":"instock","bundle_stock_quantity":null,"bundle_virtual":false,"bundle_layout":"","bundle_add_to_cart_form_location":"","bundle_editable_in_cart":false,"bundle_sold_individually_context":"","bundle_item_grouping":"","bundle_min_size":"","bundle_max_size":"","bundle_price":[],"bundled_items":[],"bundle_sell_ids":[],"acf":[],"_links":{"self":[{"href":"https:\/\/www.raschvin.com\/sv\/wp-json\/wp\/v2\/product\/74455","targetHints":{"allow":["GET"]}}],"collection":[{"href":"https:\/\/www.raschvin.com\/sv\/wp-json\/wp\/v2\/product"}],"about":[{"href":"https:\/\/www.raschvin.com\/sv\/wp-json\/wp\/v2\/types\/product"}],"wp:featuredmedia":[{"embeddable":true,"href":"https:\/\/www.raschvin.com\/sv\/wp-json\/wp\/v2\/media\/74469"}],"wp:attachment":[{"href":"https:\/\/www.raschvin.com\/sv\/wp-json\/wp\/v2\/media?parent=74455"}],"wp:term":[{"taxonomy":"product_brand","embeddable":true,"href":"https:\/\/www.raschvin.com\/sv\/wp-json\/wp\/v2\/product_brand?post=74455"},{"taxonomy":"product_cat","embeddable":true,"href":"https:\/\/www.raschvin.com\/sv\/wp-json\/wp\/v2\/product_cat?post=74455"},{"taxonomy":"product_tag","embeddable":true,"href":"https:\/\/www.raschvin.com\/sv\/wp-json\/wp\/v2\/product_tag?post=74455"}],"curies":[{"name":"wp","href":"https:\/\/api.w.org\/{rel}","templated":true}]}}