{"id":74453,"date":"2024-11-18T10:26:32","date_gmt":"2024-11-18T09:26:32","guid":{"rendered":"https:\/\/www.raschvin.com\/produkt\/marolo-grappa-di-vermentino-70-cl-42\/"},"modified":"2024-11-18T10:26:32","modified_gmt":"2024-11-18T09:26:32","slug":"marolo-grappa-di-vermentino-70-cl-42","status":"publish","type":"product","link":"https:\/\/www.raschvin.com\/sv\/produkt\/marolo-grappa-di-vermentino-70-cl-42\/","title":{"rendered":"Marolo Grappa di Vermentino 70 cl. 42%"},"content":{"rendered":"<p>Marolo Grappa di Vermentino \u00e4r en grappa tillverkad av druvrester fr\u00e5n den gr\u00f6na druvan Vermentino, som odlas i regionen Ligurien. Vermentino har ofta toner av citrus, \u00e4pple och \u00f6rter, och dessa smaker \u00e5terfinns \u00e4ven i grappan. Den har lagrats i tankar av rostfritt st\u00e5l f\u00f6r att bevara s\u00e5 mycket som m\u00f6jligt av druvkarakt\u00e4ren. Den \u00e4r tappad vid 42 % alkohol och inneh\u00e5ller inga tillsatser.<br \/>\nF\u00e4rg: Kristallklar.<br \/>\nDoft: Elegant doft av lime, vita blommor och gr\u00f6na \u00e4pplen.<br \/>\nSmaknoter: Behagligt frisk med en l\u00e4tt \u00f6rtig ton. Torr med en l\u00e5ng eftersmak.<\/p>\n<p>Serveringsf\u00f6rslag: B\u00f6r avnjutas ren.<\/p>\n<p>Producenten:<br \/>\nPaolo Marolo \u00e4r grundaren av detta fantastiska destilleri, som ligger i utkanten av Alba, mellan de ber\u00f6mda vinregionerna Barolo och Barbaresco i Piemonte. Marolo \u00e4r h\u00f6gt uppskattad och respekterad bland k\u00e4nnare och restaurang\u00e4gare i Italien, Europa och USA.<br \/>\nDestilleriet grundades 1977 och anv\u00e4nder den hantverksm\u00e4ssiga metoden discontinuo a bagnomaria (batchdestillering med vattenbad), d\u00e4r druvresterna v\u00e4rms upp indirekt med vatten f\u00f6r att s\u00e4kerst\u00e4lla en varsam behandling av r\u00e5varan.<\/p>\n","protected":false},"excerpt":{"rendered":"<p>Distilleria Santa Teresa dei Fratelli Marolo<\/p>\n","protected":false},"featured_media":74490,"template":"","meta":{"_acf_changed":false,"rs_blank_template":"","rs_page_bg_color":"","slide_template_v7":""},"product_brand":[],"product_cat":[2743,2397],"product_tag":[],"class_list":{"0":"post-74453","1":"product","2":"type-product","3":"status-publish","4":"has-post-thumbnail","6":"product_cat-brannvin-sv","7":"product_cat-grappa-sv","8":"pa_champagne-type-giovane-white-sv","9":"pa_drue-vermentino-sv","10":"pa_land-italien-sv","11":"pa_procent-42-sv","12":"pa_producent-marolo-sv","13":"pa_region-piemonte-sv","14":"pa_volume-70-sv-2","16":"first","17":"instock","18":"sale","19":"taxable","20":"shipping-taxable","21":"purchasable","22":"product-type-simple"},"bundled_by":[],"bundle_stock_status":"instock","bundle_stock_quantity":null,"bundle_virtual":false,"bundle_layout":"","bundle_add_to_cart_form_location":"","bundle_editable_in_cart":false,"bundle_sold_individually_context":"","bundle_item_grouping":"","bundle_min_size":"","bundle_max_size":"","bundle_price":[],"bundled_items":[],"bundle_sell_ids":[],"acf":[],"_links":{"self":[{"href":"https:\/\/www.raschvin.com\/sv\/wp-json\/wp\/v2\/product\/74453","targetHints":{"allow":["GET"]}}],"collection":[{"href":"https:\/\/www.raschvin.com\/sv\/wp-json\/wp\/v2\/product"}],"about":[{"href":"https:\/\/www.raschvin.com\/sv\/wp-json\/wp\/v2\/types\/product"}],"wp:featuredmedia":[{"embeddable":true,"href":"https:\/\/www.raschvin.com\/sv\/wp-json\/wp\/v2\/media\/74490"}],"wp:attachment":[{"href":"https:\/\/www.raschvin.com\/sv\/wp-json\/wp\/v2\/media?parent=74453"}],"wp:term":[{"taxonomy":"product_brand","embeddable":true,"href":"https:\/\/www.raschvin.com\/sv\/wp-json\/wp\/v2\/product_brand?post=74453"},{"taxonomy":"product_cat","embeddable":true,"href":"https:\/\/www.raschvin.com\/sv\/wp-json\/wp\/v2\/product_cat?post=74453"},{"taxonomy":"product_tag","embeddable":true,"href":"https:\/\/www.raschvin.com\/sv\/wp-json\/wp\/v2\/product_tag?post=74453"}],"curies":[{"name":"wp","href":"https:\/\/api.w.org\/{rel}","templated":true}]}}