{"id":74446,"date":"2024-11-18T10:05:06","date_gmt":"2024-11-18T09:05:06","guid":{"rendered":"https:\/\/www.raschvin.com\/produkt\/marolo-grappa-di-barbera-70-cl-40\/"},"modified":"2024-11-18T10:05:06","modified_gmt":"2024-11-18T09:05:06","slug":"marolo-grappa-di-barbera-70-cl-40","status":"publish","type":"product","link":"https:\/\/www.raschvin.com\/sv\/produkt\/marolo-grappa-di-barbera-70-cl-40\/","title":{"rendered":"Marolo Grappa di Barbera 70 cl. 40%"},"content":{"rendered":"<p>Fr\u00e5n sitt destilleri i Alba producerar Fratelli Marolo n\u00e5gra mycket speciella grappor av lokala druvsorter som odlas i n\u00e5gra av Italiens mest prestigefyllda vinregioner, inklusive Barolo och Barbaresco. Denna utg\u00e5va \u00e4r tillverkad av f\u00e4rsk must fr\u00e5n Barbera-druvan, destillerad i en traditionell bain-marie-panna. En torr och blommig grappa som kan avnjutas rumstempererad eller l\u00e4tt kyld.<\/p>\n<p>TILLVERKNINGSMETOD: Destillat av druvan Barbera fr\u00e5n Piemonte.<\/p>\n<p>SMAKBESKRIVNING: En grappa med rustik, spritig karakt\u00e4r och en l\u00e5ng, elegant eftersmak. Aromer: r\u00f6da b\u00e4r, sm\u00f6righet och svartpeppar.<\/p>\n<p>Producenten:<br \/>\nPaolo Marolo \u00e4r grundaren av detta fantastiska destilleri som ligger i utkanten av staden Alba, mellan de ber\u00f6mda vinregionerna Barolo och Barbaresco i Piemonte. Marolo har ett gott rykte och varum\u00e4rket \u00e4r h\u00f6gt uppskattat av k\u00e4nnare och restaurang\u00e4gare i b\u00e5de Italien, Europa och USA.<\/p>\n<p>Destilleriet grundades 1977 och anv\u00e4nder den hantverksm\u00e4ssiga metoden discontinuo a bagnomaria (batchdestillering med vattenbad), d\u00e4r druvskalen blandas med vatten och v\u00e4rms upp indirekt f\u00f6r att s\u00e4kerst\u00e4lla en varsam hantering av r\u00e5varan.<\/p>\n","protected":false},"excerpt":{"rendered":"<p>Distilleria Santa Teresa dei Fratelli Marolo<\/p>\n","protected":false},"featured_media":74472,"template":"","meta":{"_acf_changed":false,"rs_blank_template":"","rs_page_bg_color":"","slide_template_v7":""},"product_brand":[],"product_cat":[2743,2397],"product_tag":[],"class_list":{"0":"post-74446","1":"product","2":"type-product","3":"status-publish","4":"has-post-thumbnail","6":"product_cat-brannvin-sv","7":"product_cat-grappa-sv","8":"pa_champagne-type-giovane-white-sv","9":"pa_drue-barbera-sv","10":"pa_land-italien-sv","11":"pa_procent-40-sv-2","12":"pa_producent-marolo-sv","13":"pa_region-piemonte-sv","14":"pa_volume-70-sv-2","16":"first","17":"instock","18":"sale","19":"taxable","20":"shipping-taxable","21":"purchasable","22":"product-type-simple"},"bundled_by":[],"bundle_stock_status":"instock","bundle_stock_quantity":null,"bundle_virtual":false,"bundle_layout":"","bundle_add_to_cart_form_location":"","bundle_editable_in_cart":false,"bundle_sold_individually_context":"","bundle_item_grouping":"","bundle_min_size":"","bundle_max_size":"","bundle_price":[],"bundled_items":[],"bundle_sell_ids":[],"acf":[],"_links":{"self":[{"href":"https:\/\/www.raschvin.com\/sv\/wp-json\/wp\/v2\/product\/74446","targetHints":{"allow":["GET"]}}],"collection":[{"href":"https:\/\/www.raschvin.com\/sv\/wp-json\/wp\/v2\/product"}],"about":[{"href":"https:\/\/www.raschvin.com\/sv\/wp-json\/wp\/v2\/types\/product"}],"wp:featuredmedia":[{"embeddable":true,"href":"https:\/\/www.raschvin.com\/sv\/wp-json\/wp\/v2\/media\/74472"}],"wp:attachment":[{"href":"https:\/\/www.raschvin.com\/sv\/wp-json\/wp\/v2\/media?parent=74446"}],"wp:term":[{"taxonomy":"product_brand","embeddable":true,"href":"https:\/\/www.raschvin.com\/sv\/wp-json\/wp\/v2\/product_brand?post=74446"},{"taxonomy":"product_cat","embeddable":true,"href":"https:\/\/www.raschvin.com\/sv\/wp-json\/wp\/v2\/product_cat?post=74446"},{"taxonomy":"product_tag","embeddable":true,"href":"https:\/\/www.raschvin.com\/sv\/wp-json\/wp\/v2\/product_tag?post=74446"}],"curies":[{"name":"wp","href":"https:\/\/api.w.org\/{rel}","templated":true}]}}