{"id":74148,"date":"2024-11-16T08:21:59","date_gmt":"2024-11-16T07:21:59","guid":{"rendered":"https:\/\/www.raschvin.com\/produkt\/compass-box-architectonics-bespoke-release-70-cl-49\/"},"modified":"2024-11-16T08:21:59","modified_gmt":"2024-11-16T07:21:59","slug":"compass-box-architectonics-bespoke-release-70-cl-49","status":"publish","type":"product","link":"https:\/\/www.raschvin.com\/sv\/produkt\/compass-box-architectonics-bespoke-release-70-cl-49\/","title":{"rendered":"Compass Box &#8211; Architectonics Bespoke Release 70 cl. 49%"},"content":{"rendered":"<p>Inspirerad av eklektiska och ibland udda v\u00e4rldar utm\u00e4rker sig det London-baserade huset, grundat \u00e5r 2000 av John Glaser, genom att st\u00e4ndigt f\u00f6rnya blandningsgenren. Architectonics-blenden \u00e4r en hyllning till 1800-talets industriarkitektur. S\u00e4rskilt komplex \u00e4r denna version resultatet av en blandning av en rik, mjuk single malt lagrad p\u00e5 sherryfat, en r\u00f6kig Islay-whisky, en blended malt och mjukare, fruktigare whiskys lagrade p\u00e5 bourbonfat. L\u00e5ngt efter\u00e5t l\u00e4mnar de intensivt maltiga, empyreumatiska torra extrakterna fr\u00e5n det tomma glaset en nyanserad doft- och smakresa.<\/p>\n<p>En blandning som hyllar Grande Halle de la Villette i Paris, d\u00e4r Whisky Live har h\u00e5llits i flera \u00e5r nu. Den inneh\u00e5ller n\u00e5gra av Compass Box favoritmaltar, som Laphroaig och Clynelish. F\u00e4rg: djup gyllene. Doft: komplex, oljig, med rostade hasseln\u00f6tter som start. Sedan kommer r\u00f6kta sesamfr\u00f6n, lapsang souchong, bivax, apelsinskal, maskrosblomma och Ovaltine. Ett uns enb\u00e4r. Smak: en verklig balansakt med m\u00e5nga olika influenser (kustn\u00e4ra, tr\u00e4kol, vax, frukttr\u00e4dg\u00e5rdar), men ingen \u00f6verv\u00e4ldigar de andra, \u00e4ven om det tydligt \u00e4r en &#8221;r\u00f6kig&#8221; whisky i grunden. \u00c4ven en touch av citronlakrits. Eftersmak: l\u00e5ng, med citron, aska, \u00e4pplen och lite cedertr\u00e4. Toner av gentiana och verbena i eftersmaken. Kommentar: en vacker f\u00f6rening och n\u00e4stan ett fullst\u00e4ndigt panorama \u00f6ver Skottland. Den l\u00e5nar vissa drag fr\u00e5n Johnnie Green enligt min mening.<\/p>\n","protected":false},"excerpt":{"rendered":"<p>Blended Malt Scotch Whisky<\/p>\n","protected":false},"featured_media":74198,"template":"","meta":{"_acf_changed":false,"rs_blank_template":"","rs_page_bg_color":"","slide_template_v7":""},"product_brand":[],"product_cat":[2387,2392,4648],"product_tag":[],"class_list":{"0":"post-74148","1":"product","2":"type-product","3":"status-publish","4":"has-post-thumbnail","6":"product_cat-avec-sv","7":"product_cat-whisky-sv","8":"product_cat-blended-malt","9":"pa_land-skottland","10":"pa_procent-49-sv","11":"pa_producent-compass-box-sv","12":"pa_volume-70-sv-2","14":"first","15":"instock","16":"taxable","17":"shipping-taxable","18":"purchasable","19":"product-type-simple"},"bundled_by":[],"bundle_stock_status":"instock","bundle_stock_quantity":null,"bundle_virtual":false,"bundle_layout":"","bundle_add_to_cart_form_location":"","bundle_editable_in_cart":false,"bundle_sold_individually_context":"","bundle_item_grouping":"","bundle_min_size":"","bundle_max_size":"","bundle_price":[],"bundled_items":[],"bundle_sell_ids":[],"acf":[],"_links":{"self":[{"href":"https:\/\/www.raschvin.com\/sv\/wp-json\/wp\/v2\/product\/74148","targetHints":{"allow":["GET"]}}],"collection":[{"href":"https:\/\/www.raschvin.com\/sv\/wp-json\/wp\/v2\/product"}],"about":[{"href":"https:\/\/www.raschvin.com\/sv\/wp-json\/wp\/v2\/types\/product"}],"wp:featuredmedia":[{"embeddable":true,"href":"https:\/\/www.raschvin.com\/sv\/wp-json\/wp\/v2\/media\/74198"}],"wp:attachment":[{"href":"https:\/\/www.raschvin.com\/sv\/wp-json\/wp\/v2\/media?parent=74148"}],"wp:term":[{"taxonomy":"product_brand","embeddable":true,"href":"https:\/\/www.raschvin.com\/sv\/wp-json\/wp\/v2\/product_brand?post=74148"},{"taxonomy":"product_cat","embeddable":true,"href":"https:\/\/www.raschvin.com\/sv\/wp-json\/wp\/v2\/product_cat?post=74148"},{"taxonomy":"product_tag","embeddable":true,"href":"https:\/\/www.raschvin.com\/sv\/wp-json\/wp\/v2\/product_tag?post=74148"}],"curies":[{"name":"wp","href":"https:\/\/api.w.org\/{rel}","templated":true}]}}