{"id":74134,"date":"2024-11-16T07:39:35","date_gmt":"2024-11-16T06:39:35","guid":{"rendered":"https:\/\/www.raschvin.com\/produkt\/compass-box-the-circle-no-2-70-cl-46\/"},"modified":"2024-11-16T07:39:35","modified_gmt":"2024-11-16T06:39:35","slug":"compass-box-the-circle-no-2-70-cl-46","status":"publish","type":"product","link":"https:\/\/www.raschvin.com\/sv\/produkt\/compass-box-the-circle-no-2-70-cl-46\/","title":{"rendered":"Compass Box &#8211; The Circle No.2 70 cl. 46%"},"content":{"rendered":"<p>The Circle \u00e4r v\u00e5r internationella bartendert\u00e4vling; det fungerar som ett slags symposium d\u00e4r barv\u00e4rlden och whiskytillverkare kan m\u00f6tas och dela id\u00e9er. \u2018\u00c4r det m\u00f6jligt att skapa en whisky som framkallar f\u00e4rgen korall?\u2019 var id\u00e9n som Mannie Monaghan, vinnaren 2019, presenterade f\u00f6r oss.<\/p>\n<p>Hur smakar en f\u00e4rg?<br \/>\nDet var f\u00f6rst efter att Mannie Monaghan vann v\u00e5rt internationella bartenderprogram The Circle 2019, och vi b\u00f6rjade arbeta p\u00e5 en whisky tillsammans, som vi uppt\u00e4ckte att han \u00e4r synestetiker. Mannie ville att hans whisky skulle framkalla en s\u00e4rskild f\u00e4rg \u2013 korall \u2013 och s\u00e5 b\u00f6rjade ett unikt whiskytillverkningsprojekt.<\/p>\n<p>Ungef\u00e4r 4% av befolkningen upplever synestesi, ett tillst\u00e5nd d\u00e4r sinnena blandas samman. F\u00f6r Mannie avsl\u00f6jar aromer och smaker ett spektrum av f\u00e4rger. Eftersom vi inte sj\u00e4lva \u00e4r synestetiker, tillbringade Mannie tv\u00e5 l\u00e5nga sessioner i Blending Rooms, d\u00e4r han gick igenom provl\u00e5dor f\u00f6r att hitta whiskys som matchade v\u00e4rmen och den kraftfulla positiviteten hos f\u00e4rgen Living Coral.<\/p>\n<p>Recept och Fakta<\/p>\n<p>SMAKPROFIL<br \/>\nVi \u00e4lskar de fr\u00e4scha dofterna av ananas och stuvad persika som spritter ur glaset. Smaken best\u00e5r av vanilj, honung och sultanrussin dr\u00e4nkta i Cognac.<\/p>\n<p>REKOMMENDATIONER<br \/>\nMannie skapade denna whisky som en utomhusupplevelse, perfekt att njuta av med v\u00e4nner p\u00e5 en terrass eller altan i solnedg\u00e5ngen.<\/p>\n<p>TEKNISKA DETALJER<\/p>\n<p>Flaskstyrka: 46% ABV<br \/>\nEj kylfiltrerad<br \/>\nNaturlig f\u00e4rg<br \/>\nAntal flaskor: 3 113<br \/>\nLansering: 2022<\/p>\n","protected":false},"excerpt":{"rendered":"<p>Blended Scotch Whisky<\/p>\n","protected":false},"featured_media":74216,"template":"","meta":{"_acf_changed":false,"rs_blank_template":"","rs_page_bg_color":"","slide_template_v7":""},"product_brand":[],"product_cat":[2387,4765,2392],"product_tag":[],"class_list":{"0":"post-74134","1":"product","2":"type-product","3":"status-publish","4":"has-post-thumbnail","6":"product_cat-avec-sv","7":"product_cat-blended-sv","8":"product_cat-whisky-sv","9":"pa_land-skottland","10":"pa_procent-46-sv","11":"pa_producent-compass-box-sv","12":"pa_volume-70-sv-2","14":"first","15":"instock","16":"taxable","17":"shipping-taxable","18":"purchasable","19":"product-type-simple"},"bundled_by":[],"bundle_stock_status":"instock","bundle_stock_quantity":null,"bundle_virtual":false,"bundle_layout":"","bundle_add_to_cart_form_location":"","bundle_editable_in_cart":false,"bundle_sold_individually_context":"","bundle_item_grouping":"","bundle_min_size":"","bundle_max_size":"","bundle_price":[],"bundled_items":[],"bundle_sell_ids":[],"acf":[],"_links":{"self":[{"href":"https:\/\/www.raschvin.com\/sv\/wp-json\/wp\/v2\/product\/74134","targetHints":{"allow":["GET"]}}],"collection":[{"href":"https:\/\/www.raschvin.com\/sv\/wp-json\/wp\/v2\/product"}],"about":[{"href":"https:\/\/www.raschvin.com\/sv\/wp-json\/wp\/v2\/types\/product"}],"wp:featuredmedia":[{"embeddable":true,"href":"https:\/\/www.raschvin.com\/sv\/wp-json\/wp\/v2\/media\/74216"}],"wp:attachment":[{"href":"https:\/\/www.raschvin.com\/sv\/wp-json\/wp\/v2\/media?parent=74134"}],"wp:term":[{"taxonomy":"product_brand","embeddable":true,"href":"https:\/\/www.raschvin.com\/sv\/wp-json\/wp\/v2\/product_brand?post=74134"},{"taxonomy":"product_cat","embeddable":true,"href":"https:\/\/www.raschvin.com\/sv\/wp-json\/wp\/v2\/product_cat?post=74134"},{"taxonomy":"product_tag","embeddable":true,"href":"https:\/\/www.raschvin.com\/sv\/wp-json\/wp\/v2\/product_tag?post=74134"}],"curies":[{"name":"wp","href":"https:\/\/api.w.org\/{rel}","templated":true}]}}