{"id":74131,"date":"2024-11-16T07:34:07","date_gmt":"2024-11-16T06:34:07","guid":{"rendered":"https:\/\/www.raschvin.com\/produkt\/compass-box-delos-70-cl-49\/"},"modified":"2024-11-16T07:34:07","modified_gmt":"2024-11-16T06:34:07","slug":"compass-box-delos-70-cl-49","status":"publish","type":"product","link":"https:\/\/www.raschvin.com\/sv\/produkt\/compass-box-delos-70-cl-49\/","title":{"rendered":"Compass Box &#8211; Delos 70 cl. 49%"},"content":{"rendered":"<p>Delos \u00e4r en ny limited edition fr\u00e5n Compass Box. Den skapades f\u00f6r att hedra en \u00e4ldre Compass Box-whisky, Asyla, som inte l\u00e4ngre finns, och \u00e4r verkligen en v\u00e4rdig eftertr\u00e4dare! Blandningen (detta \u00e4r en blended whisky \u2013 chock!) inneh\u00e5ller whisky fr\u00e5n bland annat Miltonduff, Glen Elgin och det numera nedlagda Imperial-destilleriet. Den \u00e4r buteljerad vid 49 %, utan kylfiltrering eller f\u00e4rg\u00e4mnen, och endast 5 520 flaskor har sl\u00e4ppts.<\/p>\n<p>F\u00e4rg: B\u00e4rnsten.<br \/>\nDoft: Fruktiga toner av mogen p\u00e4ron, ananas och vanilj.<br \/>\nSmaknoter: Smaken \u00e4r ocks\u00e5 full av frukt, men \u00e4ven toner av choklad, honung och kardemumma framtr\u00e4der.<\/p>\n<p>Serveringsf\u00f6rslag: Avnjuts b\u00e4st rent.<\/p>\n","protected":false},"excerpt":{"rendered":"<p>Blended Scotch Whisky<\/p>\n","protected":false},"featured_media":74159,"template":"","meta":{"_acf_changed":false,"rs_blank_template":"","rs_page_bg_color":"","slide_template_v7":""},"product_brand":[],"product_cat":[2387,2392,4765],"product_tag":[],"class_list":{"0":"post-74131","1":"product","2":"type-product","3":"status-publish","4":"has-post-thumbnail","6":"product_cat-avec-sv","7":"product_cat-whisky-sv","8":"product_cat-blended-sv","9":"pa_land-skottland","10":"pa_procent-49-sv","11":"pa_producent-compass-box-sv","12":"pa_volume-70-sv-2","14":"first","15":"instock","16":"taxable","17":"shipping-taxable","18":"purchasable","19":"product-type-simple"},"bundled_by":[],"bundle_stock_status":"instock","bundle_stock_quantity":null,"bundle_virtual":false,"bundle_layout":"","bundle_add_to_cart_form_location":"","bundle_editable_in_cart":false,"bundle_sold_individually_context":"","bundle_item_grouping":"","bundle_min_size":"","bundle_max_size":"","bundle_price":[],"bundled_items":[],"bundle_sell_ids":[],"acf":[],"_links":{"self":[{"href":"https:\/\/www.raschvin.com\/sv\/wp-json\/wp\/v2\/product\/74131","targetHints":{"allow":["GET"]}}],"collection":[{"href":"https:\/\/www.raschvin.com\/sv\/wp-json\/wp\/v2\/product"}],"about":[{"href":"https:\/\/www.raschvin.com\/sv\/wp-json\/wp\/v2\/types\/product"}],"wp:featuredmedia":[{"embeddable":true,"href":"https:\/\/www.raschvin.com\/sv\/wp-json\/wp\/v2\/media\/74159"}],"wp:attachment":[{"href":"https:\/\/www.raschvin.com\/sv\/wp-json\/wp\/v2\/media?parent=74131"}],"wp:term":[{"taxonomy":"product_brand","embeddable":true,"href":"https:\/\/www.raschvin.com\/sv\/wp-json\/wp\/v2\/product_brand?post=74131"},{"taxonomy":"product_cat","embeddable":true,"href":"https:\/\/www.raschvin.com\/sv\/wp-json\/wp\/v2\/product_cat?post=74131"},{"taxonomy":"product_tag","embeddable":true,"href":"https:\/\/www.raschvin.com\/sv\/wp-json\/wp\/v2\/product_tag?post=74131"}],"curies":[{"name":"wp","href":"https:\/\/api.w.org\/{rel}","templated":true}]}}