{"id":74125,"date":"2024-11-16T07:17:45","date_gmt":"2024-11-16T06:17:45","guid":{"rendered":"https:\/\/www.raschvin.com\/produkt\/compass-box-art-decadence-70-cl-49\/"},"modified":"2024-11-16T07:17:45","modified_gmt":"2024-11-16T06:17:45","slug":"compass-box-art-decadence-70-cl-49","status":"publish","type":"product","link":"https:\/\/www.raschvin.com\/sv\/produkt\/compass-box-art-decadence-70-cl-49\/","title":{"rendered":"Compass Box &#8211; Art &#038; Decadence 70 cl. 49%"},"content":{"rendered":"<p>Oscar Wilde skrev att \u201cvi lever i en tid d\u00e5 on\u00f6diga ting \u00e4r v\u00e5ra enda n\u00f6dv\u00e4ndigheter.\u201d Tiden han syftade p\u00e5 var slutet av 1800-talet, d\u00e5 den estetiska r\u00f6relsen gav upphov till dekadensr\u00f6relsen, d\u00e4r mer alltid var b\u00e4ttre. Konst skapades f\u00f6r konstens skull, utan n\u00e5gra dolda motiv. P\u00e5 samma s\u00e4tt \u00e4r en whisky som Art &#038; Decadence kanske inte str\u00e4ngt n\u00f6dv\u00e4ndig \u2013 och just det \u00e4r hela den h\u00e4rliga po\u00e4ngen.<\/p>\n<p>Den estetiska r\u00f6relsen, som tog fart under andra h\u00e4lften av 1800-talet, innebar en f\u00f6r\u00e4ndring i v\u00e4sterl\u00e4ndsk konst b\u00e5de i \u00e4mnesval och influenser. R\u00f6relsen gav upphov till dekadensr\u00f6relsen, d\u00e4r prydnader och \u00f6verfl\u00f6diga detaljer hyllades. Ikonografi och m\u00f6nster fr\u00e5n andra kulturer v\u00e4vdes samman i komplexa kompositioner, och en ny sensualitet b\u00f6rjade framtr\u00e4da.<\/p>\n<p>Detta var Oscar Wildes och Aubrey Beardsleys tid \u2013 \u00f6verfl\u00f6d, njutning och gl\u00e4dje var ledorden inom konsten. Dandyn \u00e5teruppstod, p\u00e5f\u00e5geln blev en kulturell symbol, och guld fanns \u00f6verallt. Sk\u00f6nhet, \u00f6verd\u00e5d och utsmyckning har varit v\u00e5rt fokus f\u00f6r den extraordin\u00e4ra etiketten och f\u00f6rpackningen till Art &#038; Decadence. En whisky med s\u00e5dana dekadenta smaker f\u00f6rtj\u00e4nar en lika dekadent design.<\/p>\n<p>Smaknoter<br \/>\nRik och aromatisk doft av r\u00f6da \u00e4pplen, vaxpolerat tr\u00e4 och vinnoter. Kr\u00e4mig med en ton av lakrits. Banan, toffee och vaniljs\u00e5s blandas med Sauternes. P\u00e5 gommen k\u00e4nns torkad frukt som gyllene russin, aprikos, \u00e4pple och mycket vanilj. L\u00e5ngvariga smaker av m\u00f6rk choklad och doftande ek.<\/p>\n<p>REKOMMENDATIONER<br \/>\nMiddagens sista del \u2013 n\u00e4r pudding, kakor, pajer, gel\u00e9er, choklad och ostar dukas fram \u2013 \u00e4r vanligtvis stunden f\u00f6r sann dekadens. Denna whisky \u00e4r den perfekta f\u00f6ljeslagaren f\u00f6r detta viktiga \u00f6gonblick i m\u00e5ltiden.<\/p>\n<p>TEKNISKA DETALJER<br \/>\nButeljerad vid 49% ABV.<br \/>\nNaturlig f\u00e4rg.<br \/>\nL\u00e4tt filtrerad med 10-mikronfilter, ej kylfiltrerad.<br \/>\nBlended Scotch Whisky.<br \/>\nEn limiterad utg\u00e5va p\u00e5 9 496 flaskor.<br \/>\nLanseras: November 2023.<\/p>\n","protected":false},"excerpt":{"rendered":"<p>Blended Scotch Whisky<\/p>\n","protected":false},"featured_media":74180,"template":"","meta":{"_acf_changed":false,"rs_blank_template":"","rs_page_bg_color":"","slide_template_v7":""},"product_brand":[],"product_cat":[2387,2392,4765],"product_tag":[],"class_list":{"0":"post-74125","1":"product","2":"type-product","3":"status-publish","4":"has-post-thumbnail","6":"product_cat-avec-sv","7":"product_cat-whisky-sv","8":"product_cat-blended-sv","9":"pa_land-skottland","10":"pa_procent-49-sv","11":"pa_producent-compass-box-sv","12":"pa_volume-70-sv-2","14":"first","15":"instock","16":"taxable","17":"shipping-taxable","18":"purchasable","19":"product-type-simple"},"bundled_by":[],"bundle_stock_status":"instock","bundle_stock_quantity":null,"bundle_virtual":false,"bundle_layout":"","bundle_add_to_cart_form_location":"","bundle_editable_in_cart":false,"bundle_sold_individually_context":"","bundle_item_grouping":"","bundle_min_size":"","bundle_max_size":"","bundle_price":[],"bundled_items":[],"bundle_sell_ids":[],"acf":[],"_links":{"self":[{"href":"https:\/\/www.raschvin.com\/sv\/wp-json\/wp\/v2\/product\/74125","targetHints":{"allow":["GET"]}}],"collection":[{"href":"https:\/\/www.raschvin.com\/sv\/wp-json\/wp\/v2\/product"}],"about":[{"href":"https:\/\/www.raschvin.com\/sv\/wp-json\/wp\/v2\/types\/product"}],"wp:featuredmedia":[{"embeddable":true,"href":"https:\/\/www.raschvin.com\/sv\/wp-json\/wp\/v2\/media\/74180"}],"wp:attachment":[{"href":"https:\/\/www.raschvin.com\/sv\/wp-json\/wp\/v2\/media?parent=74125"}],"wp:term":[{"taxonomy":"product_brand","embeddable":true,"href":"https:\/\/www.raschvin.com\/sv\/wp-json\/wp\/v2\/product_brand?post=74125"},{"taxonomy":"product_cat","embeddable":true,"href":"https:\/\/www.raschvin.com\/sv\/wp-json\/wp\/v2\/product_cat?post=74125"},{"taxonomy":"product_tag","embeddable":true,"href":"https:\/\/www.raschvin.com\/sv\/wp-json\/wp\/v2\/product_tag?post=74125"}],"curies":[{"name":"wp","href":"https:\/\/api.w.org\/{rel}","templated":true}]}}