{"id":74121,"date":"2024-11-16T07:10:46","date_gmt":"2024-11-16T06:10:46","guid":{"rendered":"https:\/\/www.raschvin.com\/produkt\/compass-box-oak-cross-70-cl-43\/"},"modified":"2024-11-16T07:10:46","modified_gmt":"2024-11-16T06:10:46","slug":"compass-box-oak-cross-70-cl-43","status":"publish","type":"product","link":"https:\/\/www.raschvin.com\/sv\/produkt\/compass-box-oak-cross-70-cl-43\/","title":{"rendered":"Compass Box &#8211; Oak Cross 70 cl. 43%"},"content":{"rendered":"<p>Compass Box Oak Cross \u00e4r en blended maltwhisky skapad av den erfarne whiskymakaren John Glaser. Namnet Oak Cross syftar p\u00e5 anv\u00e4ndningen av tv\u00e5 olika typer av ek: f\u00f6rst lagras alla komponenter (Clynelish, Dailuaine och Teaninich) i first fill-fat av amerikansk ek, innan en del slutlagras i &#8221;s\u00e4rskilt aktiva&#8221; fat med kraftigt rostad fransk ek i \u00e4ndtr\u00e4et.<br \/>\nF\u00e4rg: Ljust halmgul.<br \/>\nDoft: Bakade \u00e4pplen och p\u00e4ron, ingef\u00e4ra och toffee.<br \/>\nSmaknoter: Smaken bjuder p\u00e5 rikligt med malt och ek, med l\u00e4tt kryddiga toner av kryddnejlika och en behaglig honungss\u00f6tma.<\/p>\n<p>Serveringsf\u00f6rslag: B\u00f6r avnjutas rent.<\/p>\n","protected":false},"excerpt":{"rendered":"<p>Blended Malt Scotch Whisky<\/p>\n","protected":false},"featured_media":74228,"template":"","meta":{"_acf_changed":false,"rs_blank_template":"","rs_page_bg_color":"","slide_template_v7":""},"product_brand":[],"product_cat":[2387,4648,2392],"product_tag":[],"class_list":{"0":"post-74121","1":"product","2":"type-product","3":"status-publish","4":"has-post-thumbnail","6":"product_cat-avec-sv","7":"product_cat-blended-malt","8":"product_cat-whisky-sv","9":"pa_land-skottland","10":"pa_procent-43-sv","11":"pa_producent-compass-box-sv","12":"pa_volume-70-sv-2","14":"first","15":"outofstock","16":"sale","17":"taxable","18":"shipping-taxable","19":"purchasable","20":"product-type-simple"},"bundled_by":[],"bundle_stock_status":"outofstock","bundle_stock_quantity":null,"bundle_virtual":false,"bundle_layout":"","bundle_add_to_cart_form_location":"","bundle_editable_in_cart":false,"bundle_sold_individually_context":"","bundle_item_grouping":"","bundle_min_size":"","bundle_max_size":"","bundle_price":[],"bundled_items":[],"bundle_sell_ids":[],"acf":[],"_links":{"self":[{"href":"https:\/\/www.raschvin.com\/sv\/wp-json\/wp\/v2\/product\/74121","targetHints":{"allow":["GET"]}}],"collection":[{"href":"https:\/\/www.raschvin.com\/sv\/wp-json\/wp\/v2\/product"}],"about":[{"href":"https:\/\/www.raschvin.com\/sv\/wp-json\/wp\/v2\/types\/product"}],"wp:featuredmedia":[{"embeddable":true,"href":"https:\/\/www.raschvin.com\/sv\/wp-json\/wp\/v2\/media\/74228"}],"wp:attachment":[{"href":"https:\/\/www.raschvin.com\/sv\/wp-json\/wp\/v2\/media?parent=74121"}],"wp:term":[{"taxonomy":"product_brand","embeddable":true,"href":"https:\/\/www.raschvin.com\/sv\/wp-json\/wp\/v2\/product_brand?post=74121"},{"taxonomy":"product_cat","embeddable":true,"href":"https:\/\/www.raschvin.com\/sv\/wp-json\/wp\/v2\/product_cat?post=74121"},{"taxonomy":"product_tag","embeddable":true,"href":"https:\/\/www.raschvin.com\/sv\/wp-json\/wp\/v2\/product_tag?post=74121"}],"curies":[{"name":"wp","href":"https:\/\/api.w.org\/{rel}","templated":true}]}}