{"id":73475,"date":"2024-11-14T09:30:18","date_gmt":"2024-11-14T08:30:18","guid":{"rendered":"https:\/\/www.raschvin.com\/produkt\/kilchoman-sanaig-cask-strength-2024-edition-70-cl-578\/"},"modified":"2024-11-14T09:30:18","modified_gmt":"2024-11-14T08:30:18","slug":"kilchoman-sanaig-cask-strength-2024-edition-70-cl-578","status":"publish","type":"product","link":"https:\/\/www.raschvin.com\/sv\/produkt\/kilchoman-sanaig-cask-strength-2024-edition-70-cl-578\/","title":{"rendered":"Kilchoman Sanaig Cask Strength 2024 Edition 70 cl. 57,8%"},"content":{"rendered":"<p><iframe loading=\"lazy\" title=\"Sanaig Cask Srength\" src=\"https:\/\/player.vimeo.com\/video\/1025477769?dnt=1&amp;app_id=122963\" width=\"1080\" height=\"608\" frameborder=\"0\" allow=\"autoplay; fullscreen; picture-in-picture; clipboard-write\"><\/iframe><\/p>\n<p>Kilchoman Sanaig \u00e4r uppkallad efter en vik p\u00e5 Islays karga Atlantkust. Sanaig \u00e4r en kombination av oloroso sherry hogshead-fatfinish och fullt mogna fat. Destilleriet h\u00e4mtar alla sina sherryfat fr\u00e5n Jos\u00e9 y Miguel Mart\u00edn, och konsistensen i dessa fat framh\u00e4vs verkligen vid den h\u00f6gre styrkan. Sanaig p\u00e5 fatstyrka har en otrolig kombination av rik torvr\u00f6k och s\u00f6ta kokta frukter med en djup och l\u00e5ngvarig, fyllig finish.<\/p>\n<p>70cl p\u00e5 57,8% alc.\/vol. Ej kylfiltrerad, naturlig f\u00e4rg.<\/p>\n<p>UTSEENDE<br \/>\nDjupt tawny.<\/p>\n<p>DOFT<br \/>\nKolas\u00f6tma och m\u00f6rka frukter med r\u00f6da b\u00e4r och r\u00f6kig ek.<\/p>\n<p>SMAK<br \/>\nIntensiv s\u00f6tma och kryddig m\u00f6rk choklad med russin, lakrits och varm, rik torvr\u00f6k.<\/p>\n<p>EFTERSMAK<br \/>\nL\u00e5ngvarig s\u00f6tma och kryddor med integrerad r\u00f6k genom hela eftersmaken.<\/p>\n<p>Om Kilchoman Distillery<br \/>\nKilchoman \u00e4r Skottlands enda g\u00e5rdsdestilleri och ligger p\u00e5 Rockside Farm p\u00e5 nordv\u00e4stra Islay. H\u00e4r odlar destilleriet sitt eget korn vid Machir Bay och \u00e4r det enda destilleriet p\u00e5 \u00f6n som b\u00e5de odlar och m\u00e4ltar Islay-korn f\u00f6r sina whiskysorter. Kilchoman grundades 2005 och s\u00e5lde sin f\u00f6rsta whisky 2009. Klassisk Islay-stil, k\u00e4nd f\u00f6r sin eleganta torvr\u00f6k, men Kilchoman har ocks\u00e5 ofta en antydan av citrus som ger whiskyn en fr\u00e4sch touch. 20% av malten kommer fr\u00e5n egen odling och destilleriet tillverkar enbart Single Malts \u2013 ingen whisky f\u00f6r blends. Whiskyerna \u00e4r unga och livfulla med en salt karakt\u00e4r, tack vare torven som i \u00e5rhundraden sk\u00f6ljts av saltvatten.<\/p>\n<p>Whiskyn fermenteras i minst fyra dagar, eller 50 timmar. Vanligtvis stoppas fermenteringen h\u00e4r, men Kilchoman forts\u00e4tter f\u00f6r att skapa en sekund\u00e4r j\u00e4sning och fler estrar. Sm\u00e5 stills anv\u00e4nds f\u00f6r att dubbel-destillera whiskyn.<\/p>\n<p>Exklusiva och popul\u00e4ra whiskyer<br \/>\nF\u00f6r sina mest popul\u00e4ra whiskyer, Machir Bay och Sanaig, anv\u00e4nder destilleriet en kombination av bourbon- och sherryfat. De flesta faten f\u00f6r Machir Bay \u00e4r bourbonfat, medan de flesta f\u00f6r Sanaig \u00e4r sherryfat. B\u00e5da whiskyerna \u00e4r p\u00e5 46% och \u00e4r varken karamellf\u00e4rgade eller kylfiltrerade.<\/p>\n","protected":false},"excerpt":{"rendered":"<p>Islay Single Malt Scotch Whisky<\/p>\n","protected":false},"featured_media":73717,"template":"","meta":{"_acf_changed":false,"rs_blank_template":"","rs_page_bg_color":"","slide_template_v7":""},"product_brand":[],"product_cat":[2392,9248,9433],"product_tag":[],"class_list":{"0":"post-73475","1":"product","2":"type-product","3":"status-publish","4":"has-post-thumbnail","6":"product_cat-whisky-sv","7":"product_cat-scotch-whisky","8":"product_cat-single-malt-scotch-whisky","9":"pa_aargang-2024-sv","10":"pa_land-skottland","11":"pa_procent-57-8-sv","12":"pa_producent-kilchoman-distillery-sv","13":"pa_region-islay-sv","14":"pa_volume-70-sv-2","16":"first","17":"instock","18":"sale","19":"taxable","20":"shipping-taxable","21":"purchasable","22":"product-type-simple"},"bundled_by":[],"bundle_stock_status":"instock","bundle_stock_quantity":null,"bundle_virtual":false,"bundle_layout":"","bundle_add_to_cart_form_location":"","bundle_editable_in_cart":false,"bundle_sold_individually_context":"","bundle_item_grouping":"","bundle_min_size":"","bundle_max_size":"","bundle_price":[],"bundled_items":[],"bundle_sell_ids":[],"acf":[],"_links":{"self":[{"href":"https:\/\/www.raschvin.com\/sv\/wp-json\/wp\/v2\/product\/73475","targetHints":{"allow":["GET"]}}],"collection":[{"href":"https:\/\/www.raschvin.com\/sv\/wp-json\/wp\/v2\/product"}],"about":[{"href":"https:\/\/www.raschvin.com\/sv\/wp-json\/wp\/v2\/types\/product"}],"wp:featuredmedia":[{"embeddable":true,"href":"https:\/\/www.raschvin.com\/sv\/wp-json\/wp\/v2\/media\/73717"}],"wp:attachment":[{"href":"https:\/\/www.raschvin.com\/sv\/wp-json\/wp\/v2\/media?parent=73475"}],"wp:term":[{"taxonomy":"product_brand","embeddable":true,"href":"https:\/\/www.raschvin.com\/sv\/wp-json\/wp\/v2\/product_brand?post=73475"},{"taxonomy":"product_cat","embeddable":true,"href":"https:\/\/www.raschvin.com\/sv\/wp-json\/wp\/v2\/product_cat?post=73475"},{"taxonomy":"product_tag","embeddable":true,"href":"https:\/\/www.raschvin.com\/sv\/wp-json\/wp\/v2\/product_tag?post=73475"}],"curies":[{"name":"wp","href":"https:\/\/api.w.org\/{rel}","templated":true}]}}