{"id":73465,"date":"2024-11-14T09:05:45","date_gmt":"2024-11-14T08:05:45","guid":{"rendered":"https:\/\/www.raschvin.com\/produkt\/kilchoman-100-islay-14th-edition-70-cl-50\/"},"modified":"2024-11-14T09:05:45","modified_gmt":"2024-11-14T08:05:45","slug":"kilchoman-100-islay-14th-edition-70-cl-50","status":"publish","type":"product","link":"https:\/\/www.raschvin.com\/sv\/produkt\/kilchoman-100-islay-14th-edition-70-cl-50\/","title":{"rendered":"Kilchoman 100% Islay 14th Edition 70 cl. 50%"},"content":{"rendered":"<p>V\u00e5r 100% Islay-serie \u00e4r Islays enda Single Farm Single Malt Scotch Whisky. Den representerar \u00e5terupplivandet av traditionell g\u00e5rdsdestillering; vi odlar v\u00e5rt eget korn och m\u00e4ltar, destillerar, lagrar och buteljerar varje flaska av v\u00e5r 100% Islay-serie p\u00e5 plats.<\/p>\n<p>100% Islay 14th Edition \u00e4r destillerad fr\u00e5n v\u00e5rt korn som sk\u00f6rdades 2013 och 2014 och har sedan lagrats i utvalda bourbon- och oloroso-sherryfat i minst nio \u00e5r.<\/p>\n<p>DOFT L\u00e4gereldsr\u00f6k, inlagd citron, apelsinskal, tropisk s\u00f6tma.<\/p>\n<p>SMAK Kr\u00e4miga karamelliserade sockerarter, vanilj, citron, ananass\u00f6tma, f\u00e4rsk ingef\u00e4ra och ekr\u00f6k.<\/p>\n<p>EFTERSMAK Oljig och texturerad med rika sherrynoter och kvarvarande torvr\u00f6k.<\/p>\n<p>Om Kilchoman Distillery Kilchoman \u00e4r Skottlands enda farmdestilleri och ligger p\u00e5 Rockside Farm p\u00e5 nordv\u00e4stra Islay. H\u00e4r odlar destilleriet sitt eget korn vid Machir Bay och \u00e4r det enda destilleriet p\u00e5 \u00f6n som b\u00e5de odlar och m\u00e4ltar Islay-korn f\u00f6r sina whiskyer. Kilchoman grundades 2005 och s\u00e5lde sin f\u00f6rsta whisky 2009. Det \u00e4r en klassisk Islay-whisky med tydliga, eleganta inslag av torvr\u00f6k, som Islay \u00e4r s\u00e5 \u00e4lskad f\u00f6r. Det unika med Kilchoman \u00e4r dock att destilleriets whiskyer ofta har en liten antydan av citrus, vilket ger en frisk ton till dramen. 20% av malten \u00e4r fr\u00e5n eget korn, och de producerar enbart Single Malts \u2013 det vill s\u00e4ga ingen whisky f\u00f6r blends. Generellt \u00e4r det whiskyer som kan och b\u00f6r drickas unga och har en frisk och livlig karakt\u00e4r med en salt ton. Detta beror p\u00e5 torv som i \u00e5rhundraden har sk\u00f6ljts \u00f6ver av saltvatten.<\/p>\n<p>Whiskyn j\u00e4ser i minst fyra dagar eller 50 timmar. Vid denna tidpunkt stoppar de flesta destillerier j\u00e4sningen, men Kilchoman l\u00e5ter den forts\u00e4tta l\u00e4ngre, vilket skapar en sekund\u00e4r j\u00e4sning och fler estrar. De anv\u00e4nder sm\u00e5 pannor och dubbel-destillerar.<\/p>\n<p>Exklusiva och popul\u00e4ra whiskyer F\u00f6r destilleriets tv\u00e5 mest popul\u00e4ra whiskyer, Machir Bay och Sanaig, anv\u00e4nds en kombination av bourbon- och sherryfat. Medan de flesta faten f\u00f6r Machir Bay \u00e4r bourbonfat, \u00e4r majoriteten av faten f\u00f6r Sanaig sherryfat. B\u00e5da whiskyerna \u00e4r 46% och har varken tillsatt karamellf\u00e4rg eller kylfiltrerats.<\/p>\n","protected":false},"excerpt":{"rendered":"<p>Islay Single Malt Scotch Whisky<\/p>\n","protected":false},"featured_media":73615,"template":"","meta":{"_acf_changed":false,"rs_blank_template":"","rs_page_bg_color":"","slide_template_v7":""},"product_brand":[],"product_cat":[2392,9248,9433],"product_tag":[],"class_list":{"0":"post-73465","1":"product","2":"type-product","3":"status-publish","4":"has-post-thumbnail","6":"product_cat-whisky-sv","7":"product_cat-scotch-whisky","8":"product_cat-single-malt-scotch-whisky","9":"pa_land-skottland","10":"pa_procent-50-sv","11":"pa_producent-kilchoman-distillery-sv","12":"pa_region-islay-sv","13":"pa_volume-70-sv-2","15":"first","16":"instock","17":"sale","18":"taxable","19":"shipping-taxable","20":"purchasable","21":"product-type-simple"},"bundled_by":[],"bundle_stock_status":"instock","bundle_stock_quantity":null,"bundle_virtual":false,"bundle_layout":"","bundle_add_to_cart_form_location":"","bundle_editable_in_cart":false,"bundle_sold_individually_context":"","bundle_item_grouping":"","bundle_min_size":"","bundle_max_size":"","bundle_price":[],"bundled_items":[],"bundle_sell_ids":[],"acf":[],"_links":{"self":[{"href":"https:\/\/www.raschvin.com\/sv\/wp-json\/wp\/v2\/product\/73465","targetHints":{"allow":["GET"]}}],"collection":[{"href":"https:\/\/www.raschvin.com\/sv\/wp-json\/wp\/v2\/product"}],"about":[{"href":"https:\/\/www.raschvin.com\/sv\/wp-json\/wp\/v2\/types\/product"}],"wp:featuredmedia":[{"embeddable":true,"href":"https:\/\/www.raschvin.com\/sv\/wp-json\/wp\/v2\/media\/73615"}],"wp:attachment":[{"href":"https:\/\/www.raschvin.com\/sv\/wp-json\/wp\/v2\/media?parent=73465"}],"wp:term":[{"taxonomy":"product_brand","embeddable":true,"href":"https:\/\/www.raschvin.com\/sv\/wp-json\/wp\/v2\/product_brand?post=73465"},{"taxonomy":"product_cat","embeddable":true,"href":"https:\/\/www.raschvin.com\/sv\/wp-json\/wp\/v2\/product_cat?post=73465"},{"taxonomy":"product_tag","embeddable":true,"href":"https:\/\/www.raschvin.com\/sv\/wp-json\/wp\/v2\/product_tag?post=73465"}],"curies":[{"name":"wp","href":"https:\/\/api.w.org\/{rel}","templated":true}]}}