{"id":73462,"date":"2024-11-14T08:51:48","date_gmt":"2024-11-14T07:51:48","guid":{"rendered":"https:\/\/www.raschvin.com\/produkt\/kilchoman-loch-gorm-sherry-cask-matured-2024-edition-70-cl-487\/"},"modified":"2024-11-26T11:00:26","modified_gmt":"2024-11-26T10:00:26","slug":"kilchoman-loch-gorm-sherry-cask-matured-2024-edition-70-cl-487","status":"publish","type":"product","link":"https:\/\/www.raschvin.com\/sv\/produkt\/kilchoman-loch-gorm-sherry-cask-matured-2024-edition-70-cl-487\/","title":{"rendered":"Kilchoman Loch Gorm Sherry Cask Matured 2024 Edition 70 cl. 46%"},"content":{"rendered":"<p>Loch Gorm \u00e4r namnet p\u00e5 Kilchomans \u00e5rliga sherryfatslagrade Limited Edition-whisky. Namnet kommer fr\u00e5n Islays st\u00f6rsta s\u00f6tvattenssj\u00f6, som ligger intill destilleriet. Whiskyn speglar sj\u00f6ns m\u00f6rka f\u00e4rg med sin djupa, kopparaktiga ton.<\/p>\n<p>Loch Gorm lagras uteslutande p\u00e5 gamla Oloroso-sherryfat fr\u00e5n det v\u00e4lk\u00e4nda bodegan Jose Miguel Martin. Det \u00e4r vanligt att destillerier anv\u00e4nder flera olika sherryproducenter, men f\u00f6r att uppn\u00e5 en j\u00e4mn kvalitet och karakt\u00e4r h\u00e4mtar Kilchoman faten fr\u00e5n samma bodega. Skottarna anv\u00e4nder en kombination av sherrybutts och hogsheads fr\u00e5n Jose Miguel Martin, vilket ger tv\u00e5 separata mognadsformer.<\/p>\n<p>Fina, tunga sherrynoter, kryddig m\u00f6rk choklad, rika fruktnyanser och br\u00e4nt socker. Allt balanseras vackert med Kilchomans klassiska torvr\u00f6k och inslag av citrus.<\/p>\n<p>Om Kilchoman Distillery Kilchoman \u00e4r Skottlands enda g\u00e5rdsdestilleri och ligger p\u00e5 Rockside Farm p\u00e5 nordv\u00e4stra Islay. H\u00e4r odlar destilleriet sitt eget korn vid Machir Bay och \u00e4r det enda destilleriet p\u00e5 \u00f6n som b\u00e5de odlar och m\u00e4ltar Islay-korn f\u00f6r sina whiskyer. Kilchoman grundades 2005 och s\u00e5lde sin f\u00f6rsta whisky 2009. Destilleriet har den klassiska Islay-stilen med en distinkt och elegant torvr\u00f6k, som Islay \u00e4r s\u00e5 \u00e4lskat f\u00f6r. Kilchomans unika pr\u00e4gel \u00e4r dock en l\u00e4tt citruston som ger en frisk touch till whiskyn. 20 % av malten \u00e4r fr\u00e5n egen odling, och de tillverkar uteslutande Single Malts, allts\u00e5 ingen whisky f\u00f6r blends. Generellt \u00e4r det whiskyer som kan och b\u00f6r drickas unga och har en frisk och livlig karakt\u00e4r med en salt ton, eftersom torven i \u00e5rhundraden har \u00f6versk\u00f6ljts av saltvatten.<\/p>\n<p>Whiskyn j\u00e4ser minst fyra dagar eller 50 timmar. Vid denna tidpunkt avslutar de flesta destillerier j\u00e4sningen, men Kilchoman forts\u00e4tter l\u00e4ngre, vilket skapar en sekund\u00e4r j\u00e4sning och fler estrar. De anv\u00e4nder sm\u00e5 pannor och dubbel-destillerar.<\/p>\n<p>Exklusiva och popul\u00e4ra whiskyer F\u00f6r destilleriets tv\u00e5 mest popul\u00e4ra whiskyer, Machir Bay och Sanaig, anv\u00e4nds en kombination av bourbon- och sherryfat. De flesta faten f\u00f6r Machir Bay \u00e4r bourbonfat, medan de flesta f\u00f6r Sanaig \u00e4r sherryfat. B\u00e5da whiskyerna har en alkoholhalt p\u00e5 46 % och inneh\u00e5ller varken tillsatt karamell eller kylfiltrering.<\/p>\n","protected":false},"excerpt":{"rendered":"<p>Islay Single Malt Scotch Whisky<\/p>\n","protected":false},"featured_media":73741,"template":"","meta":{"_acf_changed":false,"rs_blank_template":"","rs_page_bg_color":"","slide_template_v7":""},"product_brand":[],"product_cat":[2392,9248,9433],"product_tag":[],"class_list":{"0":"post-73462","1":"product","2":"type-product","3":"status-publish","4":"has-post-thumbnail","6":"product_cat-whisky-sv","7":"product_cat-scotch-whisky","8":"product_cat-single-malt-scotch-whisky","9":"pa_aargang-2024-sv","10":"pa_land-skottland","11":"pa_procent-46-sv","12":"pa_producent-kilchoman-distillery-sv","13":"pa_region-islay-sv","14":"pa_volume-70-sv-2","16":"first","17":"instock","18":"sale","19":"taxable","20":"shipping-taxable","21":"purchasable","22":"product-type-simple"},"bundled_by":[],"bundle_stock_status":"instock","bundle_stock_quantity":null,"bundle_virtual":false,"bundle_layout":"","bundle_add_to_cart_form_location":"","bundle_editable_in_cart":false,"bundle_sold_individually_context":"","bundle_item_grouping":"","bundle_min_size":"","bundle_max_size":"","bundle_price":[],"bundled_items":[],"bundle_sell_ids":[],"acf":[],"_links":{"self":[{"href":"https:\/\/www.raschvin.com\/sv\/wp-json\/wp\/v2\/product\/73462","targetHints":{"allow":["GET"]}}],"collection":[{"href":"https:\/\/www.raschvin.com\/sv\/wp-json\/wp\/v2\/product"}],"about":[{"href":"https:\/\/www.raschvin.com\/sv\/wp-json\/wp\/v2\/types\/product"}],"wp:featuredmedia":[{"embeddable":true,"href":"https:\/\/www.raschvin.com\/sv\/wp-json\/wp\/v2\/media\/73741"}],"wp:attachment":[{"href":"https:\/\/www.raschvin.com\/sv\/wp-json\/wp\/v2\/media?parent=73462"}],"wp:term":[{"taxonomy":"product_brand","embeddable":true,"href":"https:\/\/www.raschvin.com\/sv\/wp-json\/wp\/v2\/product_brand?post=73462"},{"taxonomy":"product_cat","embeddable":true,"href":"https:\/\/www.raschvin.com\/sv\/wp-json\/wp\/v2\/product_cat?post=73462"},{"taxonomy":"product_tag","embeddable":true,"href":"https:\/\/www.raschvin.com\/sv\/wp-json\/wp\/v2\/product_tag?post=73462"}],"curies":[{"name":"wp","href":"https:\/\/api.w.org\/{rel}","templated":true}]}}