{"id":73425,"date":"2024-11-13T21:25:32","date_gmt":"2024-11-13T20:25:32","guid":{"rendered":"https:\/\/www.raschvin.com\/produkt\/cdi-guyana-14-years-armagnac-cask-finish-high-proof-dk-70-cl-612\/"},"modified":"2024-11-13T21:25:32","modified_gmt":"2024-11-13T20:25:32","slug":"cdi-guyana-14-years-armagnac-cask-finish-high-proof-dk-70-cl-612","status":"publish","type":"product","link":"https:\/\/www.raschvin.com\/sv\/produkt\/cdi-guyana-14-years-armagnac-cask-finish-high-proof-dk-70-cl-612\/","title":{"rendered":"CDI &#8211; Guyana 14 Years Armagnac Cask Finish High Proof DK 70 cl. 61,2%"},"content":{"rendered":"<p>Demerara-rom lagrad p\u00e5 armagnacfat \u00e4r ovanlig, men tappningsf\u00f6retaget Compagnie des Indes \u00e4r ju franskt, s\u00e5 om n\u00e5gon skulle g\u00f6ra det, vore det Florent och Compagnie! Innan de 36 m\u00e5nadernas avslutning p\u00e5 armagnacfatet har rommen legat i bourbonfat i 11 \u00e5r. Den \u00e4r tappad vid 61,2% utan tillsatt socker eller kylfiltrering. Fatet, med nummer GDA61, gav totalt 479 flaskor och \u00e4ven om det inte st\u00e5r p\u00e5 etiketten \u00e4r den tappad uteslutande f\u00f6r den danska marknaden!<\/p>\n<p>F\u00e4rg: Gammalt guld.<br \/>\nDoft: Doften \u00e4r inte tung och m\u00f6rk utan \u00f6verraskande frisk bakom den starka alkoholen (den \u00e4r 61%!) med toner av citronmeliss, kastanjekr\u00e4m, br\u00e4nt socker, torkade blommor och \u00f6rter (mynta).<br \/>\nSmaknoter: Torr och kraftfull i b\u00f6rjan men utvecklar sedan n\u00e5got s\u00f6tare toner av pepparkaka, nybakat br\u00f6d, kardemumma och rostade kastanjer.<\/p>\n<p>Serveringsf\u00f6rslag: B\u00f6r avnjutas ren.<\/p>\n","protected":false},"excerpt":{"rendered":"<p>Single Cask Premium Aged Rum- Single Cask Denmark<\/p>\n","protected":false},"featured_media":73645,"template":"","meta":{"_acf_changed":false,"rs_blank_template":"","rs_page_bg_color":"","slide_template_v7":""},"product_brand":[],"product_cat":[2387,4634,2391],"product_tag":[],"class_list":{"0":"post-73425","1":"product","2":"type-product","3":"status-publish","4":"has-post-thumbnail","6":"product_cat-avec-sv","7":"product_cat-premium-aged-sv","8":"product_cat-rom-sv","9":"pa_land-guyana-sv","10":"pa_procent-61-2-sv","11":"pa_producent-compagnie-des-indes-sv","12":"pa_volume-70-sv-2","14":"first","15":"instock","16":"taxable","17":"shipping-taxable","18":"purchasable","19":"product-type-simple"},"bundled_by":[],"bundle_stock_status":"instock","bundle_stock_quantity":null,"bundle_virtual":false,"bundle_layout":"","bundle_add_to_cart_form_location":"","bundle_editable_in_cart":false,"bundle_sold_individually_context":"","bundle_item_grouping":"","bundle_min_size":"","bundle_max_size":"","bundle_price":[],"bundled_items":[],"bundle_sell_ids":[],"acf":[],"_links":{"self":[{"href":"https:\/\/www.raschvin.com\/sv\/wp-json\/wp\/v2\/product\/73425","targetHints":{"allow":["GET"]}}],"collection":[{"href":"https:\/\/www.raschvin.com\/sv\/wp-json\/wp\/v2\/product"}],"about":[{"href":"https:\/\/www.raschvin.com\/sv\/wp-json\/wp\/v2\/types\/product"}],"wp:featuredmedia":[{"embeddable":true,"href":"https:\/\/www.raschvin.com\/sv\/wp-json\/wp\/v2\/media\/73645"}],"wp:attachment":[{"href":"https:\/\/www.raschvin.com\/sv\/wp-json\/wp\/v2\/media?parent=73425"}],"wp:term":[{"taxonomy":"product_brand","embeddable":true,"href":"https:\/\/www.raschvin.com\/sv\/wp-json\/wp\/v2\/product_brand?post=73425"},{"taxonomy":"product_cat","embeddable":true,"href":"https:\/\/www.raschvin.com\/sv\/wp-json\/wp\/v2\/product_cat?post=73425"},{"taxonomy":"product_tag","embeddable":true,"href":"https:\/\/www.raschvin.com\/sv\/wp-json\/wp\/v2\/product_tag?post=73425"}],"curies":[{"name":"wp","href":"https:\/\/api.w.org\/{rel}","templated":true}]}}