{"id":73421,"date":"2024-11-13T21:19:28","date_gmt":"2024-11-13T20:19:28","guid":{"rendered":"https:\/\/www.raschvin.com\/produkt\/cdi-nicaragua-secrete-17-years-dk-ncr30-1998-70-cl-649\/"},"modified":"2024-11-13T21:19:28","modified_gmt":"2024-11-13T20:19:28","slug":"cdi-nicaragua-secrete-17-years-dk-ncr30-1998-70-cl-649","status":"publish","type":"product","link":"https:\/\/www.raschvin.com\/sv\/produkt\/cdi-nicaragua-secrete-17-years-dk-ncr30-1998-70-cl-649\/","title":{"rendered":"CDI \u2013 Nicaragua Secrete 17 Years DK NCR30 1998 70 cl. 64,9%"},"content":{"rendered":"<p>Compagnie des Indes Nicaragua 17 Years Cask #NCR30 \u00e4r \u00e4nnu en single cask-buteljering fr\u00e5n Florent Beuchet som endast \u00e4r tillg\u00e4nglig i Danmark. Denna kommer fr\u00e5n ett \u201dhemligt\u201d destilleri i Nicaragua, men om du \u00e4r duktig p\u00e5 att googla kan mysteriet l\u00f6sas. Detta fat \u00e4r tappat p\u00e5 en styrka av 64,9 %, bara n\u00e5got mer civiliserad \u00e4n lillebrodern fr\u00e5n fat #SN18.<\/p>\n<p>F\u00e4rg: Gyllene.<br \/>\nDoft: Melon, vindruvor, gr\u00f6na bananer och en hint av kokos.<br \/>\nSmaknoter: En l\u00e4tt munk\u00e4nsla med toner av karamell, apelsinjuice, kryddnejlika och konserverad persika.<\/p>\n<p>Serveringsf\u00f6rslag: Njut rent \u2013 eventuellt med n\u00e5gra droppar vatten.<\/p>\n","protected":false},"excerpt":{"rendered":"<p>Single Cask Premium Aged Rum- Single Cask Denmark<\/p>\n","protected":false},"featured_media":73642,"template":"","meta":{"_acf_changed":false,"rs_blank_template":"","rs_page_bg_color":"","slide_template_v7":""},"product_brand":[],"product_cat":[2387,4634,2391],"product_tag":[],"class_list":{"0":"post-73421","1":"product","2":"type-product","3":"status-publish","4":"has-post-thumbnail","6":"product_cat-avec-sv","7":"product_cat-premium-aged-sv","8":"product_cat-rom-sv","9":"pa_land-nicaragua-sv","10":"pa_procent-64-9-sv","11":"pa_producent-unknown-sv","12":"pa_vintage-1998-sv","13":"pa_volume-70-sv-2","15":"first","16":"instock","17":"taxable","18":"shipping-taxable","19":"purchasable","20":"product-type-simple"},"bundled_by":[],"bundle_stock_status":"instock","bundle_stock_quantity":null,"bundle_virtual":false,"bundle_layout":"","bundle_add_to_cart_form_location":"","bundle_editable_in_cart":false,"bundle_sold_individually_context":"","bundle_item_grouping":"","bundle_min_size":"","bundle_max_size":"","bundle_price":[],"bundled_items":[],"bundle_sell_ids":[],"acf":[],"_links":{"self":[{"href":"https:\/\/www.raschvin.com\/sv\/wp-json\/wp\/v2\/product\/73421","targetHints":{"allow":["GET"]}}],"collection":[{"href":"https:\/\/www.raschvin.com\/sv\/wp-json\/wp\/v2\/product"}],"about":[{"href":"https:\/\/www.raschvin.com\/sv\/wp-json\/wp\/v2\/types\/product"}],"wp:featuredmedia":[{"embeddable":true,"href":"https:\/\/www.raschvin.com\/sv\/wp-json\/wp\/v2\/media\/73642"}],"wp:attachment":[{"href":"https:\/\/www.raschvin.com\/sv\/wp-json\/wp\/v2\/media?parent=73421"}],"wp:term":[{"taxonomy":"product_brand","embeddable":true,"href":"https:\/\/www.raschvin.com\/sv\/wp-json\/wp\/v2\/product_brand?post=73421"},{"taxonomy":"product_cat","embeddable":true,"href":"https:\/\/www.raschvin.com\/sv\/wp-json\/wp\/v2\/product_cat?post=73421"},{"taxonomy":"product_tag","embeddable":true,"href":"https:\/\/www.raschvin.com\/sv\/wp-json\/wp\/v2\/product_tag?post=73421"}],"curies":[{"name":"wp","href":"https:\/\/api.w.org\/{rel}","templated":true}]}}