{"id":73417,"date":"2024-11-13T21:12:26","date_gmt":"2024-11-13T20:12:26","guid":{"rendered":"https:\/\/www.raschvin.com\/produkt\/cdi-reunion-savanna-18-years-dk-dr120-2022-70-cl-529\/"},"modified":"2024-11-13T21:12:26","modified_gmt":"2024-11-13T20:12:26","slug":"cdi-reunion-savanna-18-years-dk-dr120-2022-70-cl-529","status":"publish","type":"product","link":"https:\/\/www.raschvin.com\/sv\/produkt\/cdi-reunion-savanna-18-years-dk-dr120-2022-70-cl-529\/","title":{"rendered":"CDI &#8211; Reunion Savanna 18 Years DK DR120 2022 70 cl. 52,9%"},"content":{"rendered":"<p>S\u00e5 vitt vi vet \u00e4r detta fat fr\u00e5n Savanna-destilleriet p\u00e5 La R\u00e9union en av de \u00e4ldsta tappningarna n\u00e5gonsin fr\u00e5n detta destilleri. Det \u00e4r av typen &#8221;traditionell&#8221;, vilket inneb\u00e4r att den \u00e4r j\u00e4st p\u00e5 lokal melass och destillerad i en liten kolonnpanna. H\u00e4r har vi att g\u00f6ra med &#8221;konfekt fr\u00e5n allra \u00f6versta hyllan&#8221; \u2013 inget mindre \u00e4n enast\u00e5ende!<\/p>\n<p>Rommen \u00e4r tappad vid full fatstyrka, utan tillsats av socker eller f\u00e4rg, exklusivt f\u00f6r den danska marknaden.<\/p>\n<p>F\u00e4rg: M\u00f6rk. Doft: En m\u00e4ngd m\u00f6rk choklad, torkade fikon, apelsin och violer str\u00f6mmar upp fr\u00e5n glaset. Smak: Alkoholen \u00e4r ytterst v\u00e4l integrerad och frig\u00f6r l\u00e5ngsamt toner av stj\u00e4rnanis, marsipan, aprikos, fikon och tobak.<\/p>\n<p>Serveringsf\u00f6rslag: B\u00e4st att avnjutas rent.<\/p>\n","protected":false},"excerpt":{"rendered":"<p>Single Cask Premium Aged Rum- Single Cask Denmark<\/p>\n","protected":false},"featured_media":73648,"template":"","meta":{"_acf_changed":false,"rs_blank_template":"","rs_page_bg_color":"","slide_template_v7":""},"product_brand":[],"product_cat":[2387,4634,2391],"product_tag":[],"class_list":{"0":"post-73417","1":"product","2":"type-product","3":"status-publish","4":"has-post-thumbnail","6":"product_cat-avec-sv","7":"product_cat-premium-aged-sv","8":"product_cat-rom-sv","10":"first","11":"instock","12":"taxable","13":"shipping-taxable","14":"purchasable","15":"product-type-simple"},"bundled_by":[],"bundle_stock_status":"instock","bundle_stock_quantity":null,"bundle_virtual":false,"bundle_layout":"","bundle_add_to_cart_form_location":"","bundle_editable_in_cart":false,"bundle_sold_individually_context":"","bundle_item_grouping":"","bundle_min_size":"","bundle_max_size":"","bundle_price":[],"bundled_items":[],"bundle_sell_ids":[],"acf":[],"_links":{"self":[{"href":"https:\/\/www.raschvin.com\/sv\/wp-json\/wp\/v2\/product\/73417","targetHints":{"allow":["GET"]}}],"collection":[{"href":"https:\/\/www.raschvin.com\/sv\/wp-json\/wp\/v2\/product"}],"about":[{"href":"https:\/\/www.raschvin.com\/sv\/wp-json\/wp\/v2\/types\/product"}],"wp:featuredmedia":[{"embeddable":true,"href":"https:\/\/www.raschvin.com\/sv\/wp-json\/wp\/v2\/media\/73648"}],"wp:attachment":[{"href":"https:\/\/www.raschvin.com\/sv\/wp-json\/wp\/v2\/media?parent=73417"}],"wp:term":[{"taxonomy":"product_brand","embeddable":true,"href":"https:\/\/www.raschvin.com\/sv\/wp-json\/wp\/v2\/product_brand?post=73417"},{"taxonomy":"product_cat","embeddable":true,"href":"https:\/\/www.raschvin.com\/sv\/wp-json\/wp\/v2\/product_cat?post=73417"},{"taxonomy":"product_tag","embeddable":true,"href":"https:\/\/www.raschvin.com\/sv\/wp-json\/wp\/v2\/product_tag?post=73417"}],"curies":[{"name":"wp","href":"https:\/\/api.w.org\/{rel}","templated":true}]}}