{"id":73413,"date":"2024-11-13T21:03:04","date_gmt":"2024-11-13T20:03:04","guid":{"rendered":"https:\/\/www.raschvin.com\/produkt\/cdi-cuba-secrete-12-years-dk-cd132-2022-70-cl-574\/"},"modified":"2024-11-13T21:03:04","modified_gmt":"2024-11-13T20:03:04","slug":"cdi-cuba-secrete-12-years-dk-cd132-2022-70-cl-574","status":"publish","type":"product","link":"https:\/\/www.raschvin.com\/sv\/produkt\/cdi-cuba-secrete-12-years-dk-cd132-2022-70-cl-574\/","title":{"rendered":"CDI &#8211; Cuba Secrete 12 Years DK CD132 2022 70 cl. 57,4%"},"content":{"rendered":"<p>Det \u00e4r tyv\u00e4rr alldeles f\u00f6r s\u00e4llan vi f\u00e5r chansen att smaka gammal kubansk rom vid fatstyrka. Det \u00e4r synd, f\u00f6r de fina l\u00e4tta romsorterna fr\u00e5n Kuba vinner otroligt mycket p\u00e5 att koncentreras. Rostat n\u00f6tter, granola med honung, ett \u00f6verfl\u00f6d av karamell och vanilj \u00e5terfinns i doft och smak. Balanserade toner av kaffe med mj\u00f6lk, m\u00f6rk choklad och apelsin rundar av denna exilkubanska rom p\u00e5 ett utm\u00e4rkt s\u00e4tt. En enorm njutning och stor elegans!<\/p>\n<p>Rommet \u00e4r tappat vid full fatstyrka, utan tillsats av socker eller f\u00e4rg, exklusivt f\u00f6r den danska marknaden.<\/p>\n<p>F\u00e4rg: M\u00f6rk.<br \/>\nDoft: Doft av rostade n\u00f6tter, granola med honung, ett \u00f6verfl\u00f6d av karamell och vanilj.<br \/>\nSmak: Kraftfull, men mycket behaglig, likt kaffe med mj\u00f6lk eller m\u00f6rk choklad.<\/p>\n<p>Serveringsf\u00f6rslag: B\u00f6r avnjutas rent!<\/p>\n","protected":false},"excerpt":{"rendered":"<p>Single Cask Premium Aged Rum- Single Cask Denmark<\/p>\n","protected":false},"featured_media":73651,"template":"","meta":{"_acf_changed":false,"rs_blank_template":"","rs_page_bg_color":"","slide_template_v7":""},"product_brand":[],"product_cat":[2387,4634,2391],"product_tag":[],"class_list":{"0":"post-73413","1":"product","2":"type-product","3":"status-publish","4":"has-post-thumbnail","6":"product_cat-avec-sv","7":"product_cat-premium-aged-sv","8":"product_cat-rom-sv","9":"pa_land-cuba-sv","10":"pa_procent-57-4-sv","11":"pa_producent-unknown-sv","12":"pa_vintage-2022-sv","13":"pa_volume-70-sv-2","15":"first","16":"instock","17":"taxable","18":"shipping-taxable","19":"purchasable","20":"product-type-simple"},"bundled_by":[],"bundle_stock_status":"instock","bundle_stock_quantity":null,"bundle_virtual":false,"bundle_layout":"","bundle_add_to_cart_form_location":"","bundle_editable_in_cart":false,"bundle_sold_individually_context":"","bundle_item_grouping":"","bundle_min_size":"","bundle_max_size":"","bundle_price":[],"bundled_items":[],"bundle_sell_ids":[],"acf":[],"_links":{"self":[{"href":"https:\/\/www.raschvin.com\/sv\/wp-json\/wp\/v2\/product\/73413","targetHints":{"allow":["GET"]}}],"collection":[{"href":"https:\/\/www.raschvin.com\/sv\/wp-json\/wp\/v2\/product"}],"about":[{"href":"https:\/\/www.raschvin.com\/sv\/wp-json\/wp\/v2\/types\/product"}],"wp:featuredmedia":[{"embeddable":true,"href":"https:\/\/www.raschvin.com\/sv\/wp-json\/wp\/v2\/media\/73651"}],"wp:attachment":[{"href":"https:\/\/www.raschvin.com\/sv\/wp-json\/wp\/v2\/media?parent=73413"}],"wp:term":[{"taxonomy":"product_brand","embeddable":true,"href":"https:\/\/www.raschvin.com\/sv\/wp-json\/wp\/v2\/product_brand?post=73413"},{"taxonomy":"product_cat","embeddable":true,"href":"https:\/\/www.raschvin.com\/sv\/wp-json\/wp\/v2\/product_cat?post=73413"},{"taxonomy":"product_tag","embeddable":true,"href":"https:\/\/www.raschvin.com\/sv\/wp-json\/wp\/v2\/product_tag?post=73413"}],"curies":[{"name":"wp","href":"https:\/\/api.w.org\/{rel}","templated":true}]}}