{"id":73402,"date":"2024-11-13T20:19:40","date_gmt":"2024-11-13T19:19:40","guid":{"rendered":"https:\/\/www.raschvin.com\/produkt\/midtfyns-juloween-golden-ale-50-cl-65\/"},"modified":"2024-11-13T20:19:40","modified_gmt":"2024-11-13T19:19:40","slug":"midtfyns-juloween-golden-ale-50-cl-65","status":"publish","type":"product","link":"https:\/\/www.raschvin.com\/sv\/produkt\/midtfyns-juloween-golden-ale-50-cl-65\/","title":{"rendered":"Midtfyns Juloween Golden Ale 50 cl. 6,5%"},"content":{"rendered":"<p>Jultomten har f\u00f6rsovit sig, men D\u00f6den vilar aldrig! D\u00e4rf\u00f6r har D\u00f6den tagit p\u00e5 sig uppgiften att h\u00e5lla julst\u00e4mningen vid liv.<br \/>\nJuloween \u00e4r en fruktansv\u00e4rt v\u00e4lsmakande ale med pumpa och amerikanska pajkryddor. Njut av den n\u00e4r m\u00f6rkret faller eller n\u00e4r dina julg\u00e4ster kallar p\u00e5 en kusligt mysig stund.<\/p>\n","protected":false},"excerpt":{"rendered":"<p>Midtfyns Bryghus \u2013 Denmark<\/p>\n","protected":false},"featured_media":73759,"template":"","meta":{"_acf_changed":false,"rs_blank_template":"","rs_page_bg_color":"","slide_template_v7":""},"product_brand":[],"product_cat":[2801,2802,9392],"product_tag":[],"class_list":{"0":"post-73402","1":"product","2":"type-product","3":"status-publish","4":"has-post-thumbnail","6":"product_cat-oel-sv","7":"product_cat-ale-sv","8":"product_cat-likor-och-ol","9":"pa_land-danmark-sv","10":"pa_procent-6-5-sv","11":"pa_producent-midtfyns-bryghus-sv","12":"pa_region-fyn-sv","13":"pa_serveringstemperatur-8-12-sv","14":"pa_volume-50-sv","16":"first","17":"outofstock","18":"taxable","19":"shipping-taxable","20":"purchasable","21":"product-type-simple"},"bundled_by":[],"bundle_stock_status":"outofstock","bundle_stock_quantity":null,"bundle_virtual":false,"bundle_layout":"","bundle_add_to_cart_form_location":"","bundle_editable_in_cart":false,"bundle_sold_individually_context":"","bundle_item_grouping":"","bundle_min_size":"","bundle_max_size":"","bundle_price":[],"bundled_items":[],"bundle_sell_ids":[],"acf":[],"_links":{"self":[{"href":"https:\/\/www.raschvin.com\/sv\/wp-json\/wp\/v2\/product\/73402","targetHints":{"allow":["GET"]}}],"collection":[{"href":"https:\/\/www.raschvin.com\/sv\/wp-json\/wp\/v2\/product"}],"about":[{"href":"https:\/\/www.raschvin.com\/sv\/wp-json\/wp\/v2\/types\/product"}],"wp:featuredmedia":[{"embeddable":true,"href":"https:\/\/www.raschvin.com\/sv\/wp-json\/wp\/v2\/media\/73759"}],"wp:attachment":[{"href":"https:\/\/www.raschvin.com\/sv\/wp-json\/wp\/v2\/media?parent=73402"}],"wp:term":[{"taxonomy":"product_brand","embeddable":true,"href":"https:\/\/www.raschvin.com\/sv\/wp-json\/wp\/v2\/product_brand?post=73402"},{"taxonomy":"product_cat","embeddable":true,"href":"https:\/\/www.raschvin.com\/sv\/wp-json\/wp\/v2\/product_cat?post=73402"},{"taxonomy":"product_tag","embeddable":true,"href":"https:\/\/www.raschvin.com\/sv\/wp-json\/wp\/v2\/product_tag?post=73402"}],"curies":[{"name":"wp","href":"https:\/\/api.w.org\/{rel}","templated":true}]}}