{"id":72747,"date":"2024-11-08T11:31:05","date_gmt":"2024-11-08T10:31:05","guid":{"rendered":"https:\/\/www.raschvin.com\/produkt\/smith-cross-london-navy-strenght-70-cl-57\/"},"modified":"2024-11-08T11:31:05","modified_gmt":"2024-11-08T10:31:05","slug":"smith-cross-london-navy-strenght-70-cl-57","status":"publish","type":"product","link":"https:\/\/www.raschvin.com\/sv\/produkt\/smith-cross-london-navy-strenght-70-cl-57\/","title":{"rendered":"Smith &#038; Cross London Navy Strenght 70 cl. 57%"},"content":{"rendered":"<p>Smith &#038; Cross Rum \u00e4r en klassisk jamaicansk rom, k\u00e4nd f\u00f6r sin intensiva och komplexa smakprofil. Den \u00e4r tillverkad med stor respekt f\u00f6r de traditionella metoder som har anv\u00e4nts p\u00e5 Jamaica i \u00e5rhundraden, och \u00e4r en blandning av pot-still och kolonn-distillerad rom, vilket ger den en unik djup och rikedom.<\/p>\n<p>Den har en karakteristisk smak som \u00e4r b\u00e5de kraftfull och komplex. P\u00e5 doften m\u00e4rks tydliga inslag av tropiska frukter som papaya och banan, tillsammans med en subtil doft av vanilj och honung. N\u00e4r du tar en klunk, avsl\u00f6jar rommen rika smaker av karamell, melass och mogna frukter, vilket ger den en n\u00e4stan sirapsliknande s\u00f6tma. Denna s\u00f6tma balanseras perfekt med en l\u00e4tt kryddig ton av kanel, ingef\u00e4ra och ett sp\u00e5r av r\u00f6kighet, som kommer fr\u00e5n den l\u00e5ngsamma lagringen p\u00e5 ekfat.<\/p>\n<p>Smith &#038; Cross Rum \u00e4r inte bara en kraftfull rom; den \u00e4r ocks\u00e5 mycket komplex, med ett brett spektrum av smaker som utvecklas medan du smakar. Dess fylliga, n\u00e4stan oljiga konsistens g\u00f6r den till ett idealiskt val f\u00f6r b\u00e5de att dricka rent och i cocktails, d\u00e4r dess smak verkligen kan komma till sin r\u00e4tt.<\/p>\n<p>Rommen \u00e4r producerad p\u00e5 Jamaica, d\u00e4r det varma och fuktiga klimatet spelar en viktig roll i rommens utveckling. De naturliga ingredienserna, i kombination med den traditionella produktionsmetoden, ger Smith &#038; Cross en unik profil som skiljer sig fr\u00e5n andra romtyper. Den anv\u00e4nds ofta som ett verkligt exempel p\u00e5 jamaicansk rom, och dess autentiska smak g\u00f6r den till en favorit bland rom\u00e4lskare som vill uppleva det b\u00e4sta Jamaica har att erbjuda.<\/p>\n<p>Med sin rika historia, komplexa smaker och ikoniska status \u00e4r Smith &#038; Cross Rum en rom som garanterat kommer att imponera p\u00e5 b\u00e5de nyb\u00f6rjare och erfarna romdrickare.<\/p>\n","protected":false},"excerpt":{"rendered":"<p>Traditional Jamaica Rum<\/p>\n","protected":false},"featured_media":72756,"template":"","meta":{"_acf_changed":false,"rs_blank_template":"","rs_page_bg_color":"","slide_template_v7":""},"product_brand":[],"product_cat":[2387,6188,4634,2391],"product_tag":[],"class_list":{"0":"post-72747","1":"product","2":"type-product","3":"status-publish","4":"has-post-thumbnail","6":"product_cat-avec-sv","7":"product_cat-gold-sv","8":"product_cat-premium-aged-sv","9":"product_cat-rom-sv","10":"pa_land-jamaica-sv","11":"pa_procent-57-sv","12":"pa_producent-worth-park-estate-sv","13":"pa_volume-70-sv-2","15":"first","16":"instock","17":"sale","18":"taxable","19":"shipping-taxable","20":"purchasable","21":"product-type-simple"},"bundled_by":[],"bundle_stock_status":"instock","bundle_stock_quantity":null,"bundle_virtual":false,"bundle_layout":"","bundle_add_to_cart_form_location":"","bundle_editable_in_cart":false,"bundle_sold_individually_context":"","bundle_item_grouping":"","bundle_min_size":"","bundle_max_size":"","bundle_price":[],"bundled_items":[],"bundle_sell_ids":[],"acf":[],"_links":{"self":[{"href":"https:\/\/www.raschvin.com\/sv\/wp-json\/wp\/v2\/product\/72747","targetHints":{"allow":["GET"]}}],"collection":[{"href":"https:\/\/www.raschvin.com\/sv\/wp-json\/wp\/v2\/product"}],"about":[{"href":"https:\/\/www.raschvin.com\/sv\/wp-json\/wp\/v2\/types\/product"}],"wp:featuredmedia":[{"embeddable":true,"href":"https:\/\/www.raschvin.com\/sv\/wp-json\/wp\/v2\/media\/72756"}],"wp:attachment":[{"href":"https:\/\/www.raschvin.com\/sv\/wp-json\/wp\/v2\/media?parent=72747"}],"wp:term":[{"taxonomy":"product_brand","embeddable":true,"href":"https:\/\/www.raschvin.com\/sv\/wp-json\/wp\/v2\/product_brand?post=72747"},{"taxonomy":"product_cat","embeddable":true,"href":"https:\/\/www.raschvin.com\/sv\/wp-json\/wp\/v2\/product_cat?post=72747"},{"taxonomy":"product_tag","embeddable":true,"href":"https:\/\/www.raschvin.com\/sv\/wp-json\/wp\/v2\/product_tag?post=72747"}],"curies":[{"name":"wp","href":"https:\/\/api.w.org\/{rel}","templated":true}]}}