{"id":72740,"date":"2024-11-08T11:03:25","date_gmt":"2024-11-08T10:03:25","guid":{"rendered":"https:\/\/www.raschvin.com\/produkt\/gran-duque-de-alba-xo-solera-gran-reserva-70-cl-40\/"},"modified":"2024-11-08T11:03:25","modified_gmt":"2024-11-08T10:03:25","slug":"gran-duque-de-alba-xo-solera-gran-reserva-70-cl-40","status":"publish","type":"product","link":"https:\/\/www.raschvin.com\/sv\/produkt\/gran-duque-de-alba-xo-solera-gran-reserva-70-cl-40\/","title":{"rendered":"Gran Duque de Alba XO Solera Gran Reserva 70 cl. 40%"},"content":{"rendered":"<p>L\u00e4ngst ner i s\u00f6dra Spanien ligger den autonoma regionen Andalusien. Vinodlingar med fulla vinstockar f\u00f6rtrollar landskapet. Bodega Williams &#038; Humbert har sin bas h\u00e4r och producerar uts\u00f6kta brandys, som Gran Duque de Alba XO Brandy. Denna brandy mognar enligt Solera-metoden och \u00e4r en blandning av olika brandys som \u00e4r minst 20 \u00e5r gamla. Efter den noggrant \u00f6vervakade blandningen, som sker under masterblenders uppsikt, mognar Gran Duque de Alba XO Brandy ytterligare en tid i fat som tidigare har h\u00e5llit Pedro Xim\u00e9nez-sherry i 20 \u00e5r. Brandyen tappas i en elegant designerflaska, som redan i sig \u00e4r en perfekt present. Med sitt uts\u00f6kta inneh\u00e5ll \u00e4r den den ultimata presenten, som ocks\u00e5 \u00e4r en fantastisk till\u00e4gg till en presentkorg vid speciella tillf\u00e4llen.<\/p>\n<p>Med sin djupa mahognif\u00e4rg glittrar och gl\u00e4nser Gran Duque de Alba XO Brandy i glaset. Dess doft \u00e4r underbart komplex och fyller rummet med fruktiga toner av plommon, kombinerat med inslag av russin, tobak och l\u00e4der. En s\u00f6t hint av vanilj full\u00e4ndar doftkompositionen. Elegant och fyllig upptr\u00e4der brandyen p\u00e5 gommen, d\u00e4r dess symfoni f\u00f6rsiktigt smeker smakl\u00f6karna. Fruktiga toner av plommon och karamelliserade frukter blandas med kryddiga nyanser av tobak och l\u00e4der, inlindade i s\u00f6tman fr\u00e5n honung och vanilj, vilket v\u00e4cker sinnena. Ett mjukt sl\u00f6ja av sherryaromer g\u00f6r symfonin perfekt.<\/p>\n<p>Produktinformation om Gran Duque de Alba XO Brandy:<\/p>\n<p>Gran Duque de Alba XO Brandy imponerar ocks\u00e5 med sin avslutning. Den l\u00e5nga eftersmaken \u00e5tf\u00f6ljs av s\u00f6tman fr\u00e5n karamell och kryddigheten fr\u00e5n m\u00f6rk choklad. Denna l\u00e4ckra dryck har en alkoholhalt p\u00e5 40 % och \u00e4r utm\u00e4rkt f\u00f6r ren njutning. Dess starka aroma g\u00f6r det ocks\u00e5 m\u00f6jligt att njuta av den med lite is, utan att smaken p\u00e5verkas. K\u00e4nnare njuter av Gran Duque de Alba XO Brandy i lugna stunder och uppskattar m\u00e5ngfalden i smaken.<\/p>\n","protected":false},"excerpt":{"rendered":"<p>Brandy de Jerez \u2013 Spain<\/p>\n","protected":false},"featured_media":72750,"template":"","meta":{"_acf_changed":false,"rs_blank_template":"","rs_page_bg_color":"","slide_template_v7":""},"product_brand":[],"product_cat":[40],"product_tag":[],"class_list":{"0":"post-72740","1":"product","2":"type-product","3":"status-publish","4":"has-post-thumbnail","6":"product_cat-alla-produkter","7":"pa_land-spanien-sv","8":"pa_procent-40-sv-2","9":"pa_producent-williams-humbert-sv","10":"pa_region-jerez-sv","11":"pa_volume-70-sv-2","13":"first","14":"instock","15":"sale","16":"taxable","17":"shipping-taxable","18":"purchasable","19":"product-type-simple"},"bundled_by":[],"bundle_stock_status":"instock","bundle_stock_quantity":null,"bundle_virtual":false,"bundle_layout":"","bundle_add_to_cart_form_location":"","bundle_editable_in_cart":false,"bundle_sold_individually_context":"","bundle_item_grouping":"","bundle_min_size":"","bundle_max_size":"","bundle_price":[],"bundled_items":[],"bundle_sell_ids":[],"acf":[],"_links":{"self":[{"href":"https:\/\/www.raschvin.com\/sv\/wp-json\/wp\/v2\/product\/72740","targetHints":{"allow":["GET"]}}],"collection":[{"href":"https:\/\/www.raschvin.com\/sv\/wp-json\/wp\/v2\/product"}],"about":[{"href":"https:\/\/www.raschvin.com\/sv\/wp-json\/wp\/v2\/types\/product"}],"wp:featuredmedia":[{"embeddable":true,"href":"https:\/\/www.raschvin.com\/sv\/wp-json\/wp\/v2\/media\/72750"}],"wp:attachment":[{"href":"https:\/\/www.raschvin.com\/sv\/wp-json\/wp\/v2\/media?parent=72740"}],"wp:term":[{"taxonomy":"product_brand","embeddable":true,"href":"https:\/\/www.raschvin.com\/sv\/wp-json\/wp\/v2\/product_brand?post=72740"},{"taxonomy":"product_cat","embeddable":true,"href":"https:\/\/www.raschvin.com\/sv\/wp-json\/wp\/v2\/product_cat?post=72740"},{"taxonomy":"product_tag","embeddable":true,"href":"https:\/\/www.raschvin.com\/sv\/wp-json\/wp\/v2\/product_tag?post=72740"}],"curies":[{"name":"wp","href":"https:\/\/api.w.org\/{rel}","templated":true}]}}