{"id":72734,"date":"2024-11-08T10:52:57","date_gmt":"2024-11-08T09:52:57","guid":{"rendered":"https:\/\/www.raschvin.com\/produkt\/gran-duque-de-alba-solera-gran-reserva-70-cl-40\/"},"modified":"2024-11-08T10:52:57","modified_gmt":"2024-11-08T09:52:57","slug":"gran-duque-de-alba-solera-gran-reserva-70-cl-40","status":"publish","type":"product","link":"https:\/\/www.raschvin.com\/sv\/produkt\/gran-duque-de-alba-solera-gran-reserva-70-cl-40\/","title":{"rendered":"Gran Duque de Alba Solera Gran Reserva 70 cl. 40%"},"content":{"rendered":"<p>Brandy de Jerez Gran Duque d&#8217;Alba \u00e4r en begr\u00e4nsad upplaga, erh\u00e5llen fr\u00e5n destillation av utm\u00e4rkta vita viner fr\u00e5n omr\u00e5dena Palomino och Air\u00e9n, vars j\u00e4sning sker vid l\u00e5ga temperaturer. Processen \u00e4ger rum i stillbilder av alquitara-typ, med vilka utm\u00e4rkt sprit produceras, eller holandaer, skickas till \u00e5ldrande i amerikanska ekfat som tidigare inneh\u00f6ll Sherry Oloroso, efter det traditionella Solera-systemet.<br \/>\nVid synen presenterar den en mahognif\u00e4rg med gyllene nyanser, medan det p\u00e5 n\u00e4san finns komplexa aromer av persika och plommon, f\u00f6ljt av distinkta balsamiknoter p\u00e5 grund av ett utdraget \u00e5ldrande i tr\u00e4. P\u00e5 gommen \u00e4r det ganska torrt och mjukt, volumin\u00f6st, med inslag av rostad och vanilj som slutar i en l\u00e5ng och behaglig finish.<br \/>\nUtm\u00e4rkt att smutta ensam eller i s\u00e4llskap med v\u00e4nner.<\/p>\n","protected":false},"excerpt":{"rendered":"<p>Brandy de Jerez &#8211; Spain<\/p>\n","protected":false},"featured_media":72825,"template":"","meta":{"_acf_changed":false,"rs_blank_template":"","rs_page_bg_color":"","slide_template_v7":""},"product_brand":[],"product_cat":[2387,2395],"product_tag":[],"class_list":{"0":"post-72734","1":"product","2":"type-product","3":"status-publish","4":"has-post-thumbnail","6":"product_cat-avec-sv","7":"product_cat-brandy-sv","8":"pa_land-spanien-sv","9":"pa_procent-40-sv-2","10":"pa_producent-williams-humbert-sv","11":"pa_region-jerez-sv","12":"pa_volume-70-sv-2","14":"first","15":"instock","16":"sale","17":"taxable","18":"shipping-taxable","19":"purchasable","20":"product-type-simple"},"bundled_by":[],"bundle_stock_status":"instock","bundle_stock_quantity":null,"bundle_virtual":false,"bundle_layout":"","bundle_add_to_cart_form_location":"","bundle_editable_in_cart":false,"bundle_sold_individually_context":"","bundle_item_grouping":"","bundle_min_size":"","bundle_max_size":"","bundle_price":[],"bundled_items":[],"bundle_sell_ids":[],"acf":[],"_links":{"self":[{"href":"https:\/\/www.raschvin.com\/sv\/wp-json\/wp\/v2\/product\/72734","targetHints":{"allow":["GET"]}}],"collection":[{"href":"https:\/\/www.raschvin.com\/sv\/wp-json\/wp\/v2\/product"}],"about":[{"href":"https:\/\/www.raschvin.com\/sv\/wp-json\/wp\/v2\/types\/product"}],"wp:featuredmedia":[{"embeddable":true,"href":"https:\/\/www.raschvin.com\/sv\/wp-json\/wp\/v2\/media\/72825"}],"wp:attachment":[{"href":"https:\/\/www.raschvin.com\/sv\/wp-json\/wp\/v2\/media?parent=72734"}],"wp:term":[{"taxonomy":"product_brand","embeddable":true,"href":"https:\/\/www.raschvin.com\/sv\/wp-json\/wp\/v2\/product_brand?post=72734"},{"taxonomy":"product_cat","embeddable":true,"href":"https:\/\/www.raschvin.com\/sv\/wp-json\/wp\/v2\/product_cat?post=72734"},{"taxonomy":"product_tag","embeddable":true,"href":"https:\/\/www.raschvin.com\/sv\/wp-json\/wp\/v2\/product_tag?post=72734"}],"curies":[{"name":"wp","href":"https:\/\/api.w.org\/{rel}","templated":true}]}}