{"id":72723,"date":"2024-11-08T10:07:50","date_gmt":"2024-11-08T09:07:50","guid":{"rendered":"https:\/\/www.raschvin.com\/produkt\/yeni-raki-ala-70-cl-47\/"},"modified":"2024-11-08T10:07:50","modified_gmt":"2024-11-08T09:07:50","slug":"yeni-raki-ala-70-cl-47","status":"publish","type":"product","link":"https:\/\/www.raschvin.com\/sv\/produkt\/yeni-raki-ala-70-cl-47\/","title":{"rendered":"Yeni Raki \u00c2l\u00c2 70 cl. 47%"},"content":{"rendered":"<p>Namnet ALA betyder \u00f6versatt &#8221;enast\u00e5ende&#8221; och beskriver smaken av denna extraordin\u00e4ra raki b\u00e4st. Yeni Raki ALA \u00e4r en premiumutg\u00e5va fr\u00e5n den turkiska marknadsledaren Mey Icki, d\u00e4r endast de b\u00e4sta russinen och anisfr\u00f6na anv\u00e4nds f\u00f6r produktionen. En tredubbel destillering och lagring p\u00e5 ekfat g\u00f6r Yeni Raki ALA s\u00e4rskilt ren och sammetslen.<\/p>\n<p>Smaknoter:<\/p>\n<p>Serveras vid cirka 8\u201310 \u00b0C. Om man f\u00f6redrar att blanda den med vatten eller dricka den ren med is beror p\u00e5 personliga preferenser. Traditionellt avnjuts raki som vin till maten i sm\u00e5 klunkar. N\u00e4r den sp\u00e4ds med vatten bildas en vacker vit grumlighet tack vare det h\u00f6ga anis-inneh\u00e5llet. Den \u00e4r ett fantastiskt komplement till medelhavs- och turkiska r\u00e4tter. Den tredubbla destilleringen och den aromatiska anisen ger en o\u00f6vertr\u00e4ffad smak. Aromaspektrumet \u00e4r intensivt och elegant, med karakteristiska lakritsnoter som p\u00e5minner om ouzo.<\/p>\n<p>MEY ICKI VE TICARET A.S.<\/p>\n<p>Mey har sedan 1944 tillverkat traditionella turkiska m\u00e4rken som Yeni Raki. \u00d6ver 70 \u00e5rs erfarenhet och flera internationella utm\u00e4rkelser ledde till att v\u00e4rldens st\u00f6rsta spritkoncern Diageo f\u00f6rv\u00e4rvade den turkiska rakiproducenten 2011. Sedan starten har Mey kombinerat sina anst\u00e4lldas talanger med sina varum\u00e4rkens styrkor och \u00e4r idag med \u00f6ver 2000 anst\u00e4llda i produktion, distribution och f\u00f6rs\u00e4ljning ett av Turkiets mest betydelsefulla f\u00f6retag.<\/p>\n","protected":false},"excerpt":{"rendered":"<p>Distilling Tradition \u2013 Turky<\/p>\n","protected":false},"featured_media":72843,"template":"","meta":{"_acf_changed":false,"rs_blank_template":"","rs_page_bg_color":"","slide_template_v7":""},"product_brand":[],"product_cat":[2402,2406],"product_tag":[],"class_list":{"0":"post-72723","1":"product","2":"type-product","3":"status-publish","4":"has-post-thumbnail","6":"product_cat-sprit-sv","7":"product_cat-ouzo-raki-pastis-sv","8":"pa_land-kalkon","9":"pa_procent-47-sv","10":"pa_producent-diageo-sv","11":"pa_volume-70-sv-2","13":"first","14":"instock","15":"taxable","16":"shipping-taxable","17":"purchasable","18":"product-type-simple"},"bundled_by":[],"bundle_stock_status":"instock","bundle_stock_quantity":null,"bundle_virtual":false,"bundle_layout":"","bundle_add_to_cart_form_location":"","bundle_editable_in_cart":false,"bundle_sold_individually_context":"","bundle_item_grouping":"","bundle_min_size":"","bundle_max_size":"","bundle_price":[],"bundled_items":[],"bundle_sell_ids":[],"acf":[],"_links":{"self":[{"href":"https:\/\/www.raschvin.com\/sv\/wp-json\/wp\/v2\/product\/72723","targetHints":{"allow":["GET"]}}],"collection":[{"href":"https:\/\/www.raschvin.com\/sv\/wp-json\/wp\/v2\/product"}],"about":[{"href":"https:\/\/www.raschvin.com\/sv\/wp-json\/wp\/v2\/types\/product"}],"wp:featuredmedia":[{"embeddable":true,"href":"https:\/\/www.raschvin.com\/sv\/wp-json\/wp\/v2\/media\/72843"}],"wp:attachment":[{"href":"https:\/\/www.raschvin.com\/sv\/wp-json\/wp\/v2\/media?parent=72723"}],"wp:term":[{"taxonomy":"product_brand","embeddable":true,"href":"https:\/\/www.raschvin.com\/sv\/wp-json\/wp\/v2\/product_brand?post=72723"},{"taxonomy":"product_cat","embeddable":true,"href":"https:\/\/www.raschvin.com\/sv\/wp-json\/wp\/v2\/product_cat?post=72723"},{"taxonomy":"product_tag","embeddable":true,"href":"https:\/\/www.raschvin.com\/sv\/wp-json\/wp\/v2\/product_tag?post=72723"}],"curies":[{"name":"wp","href":"https:\/\/api.w.org\/{rel}","templated":true}]}}