{"id":72720,"date":"2024-11-08T09:58:16","date_gmt":"2024-11-08T08:58:16","guid":{"rendered":"https:\/\/www.raschvin.com\/produkt\/tekirdag-rakisi-gold-series-70-cl-45\/"},"modified":"2024-11-08T09:58:16","modified_gmt":"2024-11-08T08:58:16","slug":"tekirdag-rakisi-gold-series-70-cl-45","status":"publish","type":"product","link":"https:\/\/www.raschvin.com\/sv\/produkt\/tekirdag-rakisi-gold-series-70-cl-45\/","title":{"rendered":"Tekirdag Rakisi Gold Series 70 cl. 45%"},"content":{"rendered":"<p>Tekirdag Gold \u00e4r ett m\u00e4sterverk inom destillationskonsten. Den \u00e4r till 100 % tillverkad av druvor fr\u00e5n regionen kring Cesme, som \u00e4r k\u00e4nd f\u00f6r sin uts\u00f6kta kvalitet. Sin gyllene f\u00e4rg f\u00e5r Tekirdag Gold fr\u00e5n ekfaten, d\u00e4r den lagras i cirka 90 dagar efter dubbel destillering. Tappad i den vackra matta flaskan med guldbokst\u00e4ver \u00e4r den \u00e4ven utm\u00e4rkt som g\u00e5va.<\/p>\n<p>Smaknoter:<\/p>\n<p>Serveras vid cirka 8\u201310 \u00b0C. Om man vill sp\u00e4da ut den med vatten eller dricka den ren med is beror p\u00e5 personliga preferenser. Raki njuts traditionellt som vin till maten i sm\u00e5 klunkar. Uts\u00f6kt utsp\u00e4dd med vatten bildar den en vacker vit dimma, tack vare det h\u00f6ga anis-inneh\u00e5llet. Den \u00e4r ett utm\u00e4rkt s\u00e4llskap till medelhavs- och turkiska r\u00e4tter. Den h\u00f6ga halten av eteriska oljor ger en mjuk eftersmak och en rund smakupplevelse. Den har ocks\u00e5 de typiska lakritstonerna f\u00f6r raki, men mindre intensiv \u00e4n andra raki-sorter.<\/p>\n<p>MEY ICKI VE TICARET A.S.<\/p>\n<p>Mey har tillverkat traditionella turkiska m\u00e4rken som Yeni Raki sedan 1944. Med \u00f6ver 70 \u00e5rs erfarenhet och flera internationella utm\u00e4rkelser k\u00f6ptes Mey 2011 upp av v\u00e4rldens st\u00f6rsta spritkoncern, Diageo. Sedan grundandet har Mey f\u00f6renat sina medarbetares talanger med varum\u00e4rkenas styrkor och \u00e4r idag med \u00f6ver 2000 anst\u00e4llda, inklusive distribution och f\u00f6rs\u00e4ljning, ett av Turkiets viktigaste f\u00f6retag.<\/p>\n","protected":false},"excerpt":{"rendered":"<p>Grape Spirits Distilled With Aniseed \u2013 Tyrkish Raki<\/p>\n","protected":false},"featured_media":72771,"template":"","meta":{"_acf_changed":false,"rs_blank_template":"","rs_page_bg_color":"","slide_template_v7":""},"product_brand":[],"product_cat":[2402,2406],"product_tag":[],"class_list":{"0":"post-72720","1":"product","2":"type-product","3":"status-publish","4":"has-post-thumbnail","6":"product_cat-sprit-sv","7":"product_cat-ouzo-raki-pastis-sv","8":"pa_land-kalkon","9":"pa_procent-45-sv","10":"pa_producent-tekirdag-sv","11":"pa_volume-70-sv-2","13":"first","14":"instock","15":"taxable","16":"shipping-taxable","17":"purchasable","18":"product-type-simple"},"bundled_by":[],"bundle_stock_status":"instock","bundle_stock_quantity":null,"bundle_virtual":false,"bundle_layout":"","bundle_add_to_cart_form_location":"","bundle_editable_in_cart":false,"bundle_sold_individually_context":"","bundle_item_grouping":"","bundle_min_size":"","bundle_max_size":"","bundle_price":[],"bundled_items":[],"bundle_sell_ids":[],"acf":[],"_links":{"self":[{"href":"https:\/\/www.raschvin.com\/sv\/wp-json\/wp\/v2\/product\/72720","targetHints":{"allow":["GET"]}}],"collection":[{"href":"https:\/\/www.raschvin.com\/sv\/wp-json\/wp\/v2\/product"}],"about":[{"href":"https:\/\/www.raschvin.com\/sv\/wp-json\/wp\/v2\/types\/product"}],"wp:featuredmedia":[{"embeddable":true,"href":"https:\/\/www.raschvin.com\/sv\/wp-json\/wp\/v2\/media\/72771"}],"wp:attachment":[{"href":"https:\/\/www.raschvin.com\/sv\/wp-json\/wp\/v2\/media?parent=72720"}],"wp:term":[{"taxonomy":"product_brand","embeddable":true,"href":"https:\/\/www.raschvin.com\/sv\/wp-json\/wp\/v2\/product_brand?post=72720"},{"taxonomy":"product_cat","embeddable":true,"href":"https:\/\/www.raschvin.com\/sv\/wp-json\/wp\/v2\/product_cat?post=72720"},{"taxonomy":"product_tag","embeddable":true,"href":"https:\/\/www.raschvin.com\/sv\/wp-json\/wp\/v2\/product_tag?post=72720"}],"curies":[{"name":"wp","href":"https:\/\/api.w.org\/{rel}","templated":true}]}}