{"id":72715,"date":"2025-07-18T06:58:31","date_gmt":"2025-07-18T04:58:31","guid":{"rendered":"https:\/\/www.raschvin.com\/produkt\/arran-sherry-cask-70-cl-558\/"},"modified":"2025-07-18T07:03:06","modified_gmt":"2025-07-18T05:03:06","slug":"arran-sherry-cask-70-cl-558","status":"publish","type":"product","link":"https:\/\/www.raschvin.com\/sv\/produkt\/arran-sherry-cask-70-cl-558\/","title":{"rendered":"Arran Sherry Cask &#8221; The Bodega&#8221; 70 cl. 55,8%"},"content":{"rendered":"<p>Sherry Cask &#8217;The Bodega&#8217; \u00e4r ett imponerande nytt tillskott till v\u00e5rt ordinarie sortiment av whiskys och \u00e4r det perfekta valet f\u00f6r den som uppskattar en Single Malt med mycket kropp och komplexitet.<\/p>\n<p>Denna fatstyrka Sherry-lagrade Single Malt har lagrats i n\u00e5gra av de finaste faten som finns tillg\u00e4ngliga f\u00f6r whiskyindustrin och \u00e4r b\u00e5de lyxig och elegant med lager av rik, s\u00f6t krydda och ek. V\u00e5r Master Distiller har samarbetat med producenter i n\u00e5gra av de mest prestigefyllda Sherry Bodegorna i Jerez, Spanien, f\u00f6r att noggrant v\u00e4lja de b\u00e4sta kvalitetsfaten f\u00f6r v\u00e5r dyrbara sprit.<\/p>\n<p>Denna buteljering \u00e4r en \u00e5terg\u00e5ng till stilen fr\u00e5n de f\u00f6rsta Arran Single Malt, som fr\u00e4mst lagrades p\u00e5 Sherry-fat. Under en provning \u00e4r denna version den perfekta partnern till v\u00e5r Quarter Cask &#8217;The Bothy&#8217;, d\u00e5 den visar v\u00e5r Master Distillers skicklighet och expertis i arbetet med olika tr\u00e4slag och valet av exceptionella fat.<\/p>\n<p>Doft<br \/>\nKola, s\u00f6ta kryddor och frukt<\/p>\n<p>Smak<br \/>\nMogen fikon och k\u00f6rsb\u00e4r<\/p>\n<p>Eftersmak<br \/>\nM\u00f6rk choklad, mandariner, mogna fikon.<\/p>\n","protected":false},"excerpt":{"rendered":"<p>Single Malt Scotch Whisky<\/p>\n","protected":false},"featured_media":72798,"template":"","meta":{"_acf_changed":false,"rs_blank_template":"","rs_page_bg_color":"","slide_template_v7":""},"product_brand":[],"product_cat":[2392,9248,9433],"product_tag":[],"class_list":{"0":"post-72715","1":"product","2":"type-product","3":"status-publish","4":"has-post-thumbnail","6":"product_cat-whisky-sv","7":"product_cat-scotch-whisky","8":"product_cat-single-malt-scotch-whisky","9":"pa_land-skottland","10":"pa_procent-55-8-sv","11":"pa_producent-arran-sv","12":"pa_region-island-sv","13":"pa_volume-70-sv-2","15":"first","16":"instock","17":"sale","18":"taxable","19":"shipping-taxable","20":"purchasable","21":"product-type-simple"},"bundled_by":[],"bundle_stock_status":"instock","bundle_stock_quantity":null,"bundle_virtual":false,"bundle_layout":"","bundle_add_to_cart_form_location":"","bundle_editable_in_cart":false,"bundle_sold_individually_context":"","bundle_item_grouping":"","bundle_min_size":"","bundle_max_size":"","bundle_price":[],"bundled_items":[],"bundle_sell_ids":[],"acf":[],"_links":{"self":[{"href":"https:\/\/www.raschvin.com\/sv\/wp-json\/wp\/v2\/product\/72715","targetHints":{"allow":["GET"]}}],"collection":[{"href":"https:\/\/www.raschvin.com\/sv\/wp-json\/wp\/v2\/product"}],"about":[{"href":"https:\/\/www.raschvin.com\/sv\/wp-json\/wp\/v2\/types\/product"}],"wp:featuredmedia":[{"embeddable":true,"href":"https:\/\/www.raschvin.com\/sv\/wp-json\/wp\/v2\/media\/72798"}],"wp:attachment":[{"href":"https:\/\/www.raschvin.com\/sv\/wp-json\/wp\/v2\/media?parent=72715"}],"wp:term":[{"taxonomy":"product_brand","embeddable":true,"href":"https:\/\/www.raschvin.com\/sv\/wp-json\/wp\/v2\/product_brand?post=72715"},{"taxonomy":"product_cat","embeddable":true,"href":"https:\/\/www.raschvin.com\/sv\/wp-json\/wp\/v2\/product_cat?post=72715"},{"taxonomy":"product_tag","embeddable":true,"href":"https:\/\/www.raschvin.com\/sv\/wp-json\/wp\/v2\/product_tag?post=72715"}],"curies":[{"name":"wp","href":"https:\/\/api.w.org\/{rel}","templated":true}]}}