{"id":72710,"date":"2024-11-08T09:14:34","date_gmt":"2024-11-08T08:14:34","guid":{"rendered":"https:\/\/www.raschvin.com\/produkt\/arran-robert-burns-70-cl-43\/"},"modified":"2026-01-20T13:12:44","modified_gmt":"2026-01-20T12:12:44","slug":"arran-robert-burns-70-cl-43","status":"publish","type":"product","link":"https:\/\/www.raschvin.com\/sv\/produkt\/arran-robert-burns-70-cl-43\/","title":{"rendered":"Arran Robert Burns Single Malt 70 cl. 43%"},"content":{"rendered":"<p>Isle of Arran Distillers \u00e4r det enda whiskys\u00e4llskap som producerar en Single Malt som officiellt godk\u00e4nts av World Burns Federation. I samarbete med Federation sedan 1998 har vi f\u00e5tt tillst\u00e5nd att anv\u00e4nda Burns\u2019 avbild och signatur p\u00e5 v\u00e5ra Single Malts, vilket erk\u00e4nner att vi \u00e4r det destilleri som ligger n\u00e4rmast Burns f\u00f6delseplats i Alloway, Ayrshire. Burns kunde faktiskt se Arran fr\u00e5n sin hemby de flesta dagar.<\/p>\n<p>Denna l\u00e4tta, aromatiska Single Malt \u00e4r idealisk att njuta av f\u00f6re eller under en m\u00e5ltid. Mycket fr\u00e4sch och utan konstgjorda f\u00e4rg\u00e4mnen, vackert f\u00f6rpackad och skapad f\u00f6r enkel avnjutning.<\/p>\n<p>En mycket m\u00e5ngsidig dram, inspirerad av den skotska poeten Robert Burns. Denna whisky kan njutas ensam, med vatten eller is, eller till och med i en l\u00e5ng drink. Du kan l\u00e4sa mer om historien bakom v\u00e5ra Robert Burns Whiskies h\u00e4r.<\/p>\n<p>Doft<\/p>\n<p>F\u00e4rsk vanilj och kanel<br \/>\nSmak<\/p>\n<p>S\u00f6t och kr\u00e4mig med toner av honung, toffeeglaserade pekann\u00f6tter och f\u00e4rska sommarfrukter.<br \/>\nEftersmak<\/p>\n<p>S\u00f6tma, \u00e4pple, citrus.<\/p>\n","protected":false},"excerpt":{"rendered":"<p>Single Malt Scotch Whisky<\/p>\n","protected":false},"featured_media":84674,"template":"","meta":{"_acf_changed":false,"rs_blank_template":"","rs_page_bg_color":"","slide_template_v7":""},"product_brand":[],"product_cat":[2387,4651,2392],"product_tag":[],"class_list":{"0":"post-72710","1":"product","2":"type-product","3":"status-publish","4":"has-post-thumbnail","6":"product_cat-avec-sv","7":"product_cat-single-malt-sv","8":"product_cat-whisky-sv","9":"pa_land-skottland","10":"pa_procent-43-sv","11":"pa_producent-arran-sv","12":"pa_region-island-sv","13":"pa_volume-70-sv-2","15":"first","16":"instock","17":"sale","18":"taxable","19":"shipping-taxable","20":"purchasable","21":"product-type-simple"},"bundled_by":[],"bundle_stock_status":"instock","bundle_stock_quantity":null,"bundle_virtual":false,"bundle_layout":"","bundle_add_to_cart_form_location":"","bundle_editable_in_cart":false,"bundle_sold_individually_context":"","bundle_item_grouping":"","bundle_min_size":"","bundle_max_size":"","bundle_price":[],"bundled_items":[],"bundle_sell_ids":[],"acf":[],"_links":{"self":[{"href":"https:\/\/www.raschvin.com\/sv\/wp-json\/wp\/v2\/product\/72710","targetHints":{"allow":["GET"]}}],"collection":[{"href":"https:\/\/www.raschvin.com\/sv\/wp-json\/wp\/v2\/product"}],"about":[{"href":"https:\/\/www.raschvin.com\/sv\/wp-json\/wp\/v2\/types\/product"}],"wp:featuredmedia":[{"embeddable":true,"href":"https:\/\/www.raschvin.com\/sv\/wp-json\/wp\/v2\/media\/84674"}],"wp:attachment":[{"href":"https:\/\/www.raschvin.com\/sv\/wp-json\/wp\/v2\/media?parent=72710"}],"wp:term":[{"taxonomy":"product_brand","embeddable":true,"href":"https:\/\/www.raschvin.com\/sv\/wp-json\/wp\/v2\/product_brand?post=72710"},{"taxonomy":"product_cat","embeddable":true,"href":"https:\/\/www.raschvin.com\/sv\/wp-json\/wp\/v2\/product_cat?post=72710"},{"taxonomy":"product_tag","embeddable":true,"href":"https:\/\/www.raschvin.com\/sv\/wp-json\/wp\/v2\/product_tag?post=72710"}],"curies":[{"name":"wp","href":"https:\/\/api.w.org\/{rel}","templated":true}]}}