{"id":72707,"date":"2025-07-17T07:43:58","date_gmt":"2025-07-17T05:43:58","guid":{"rendered":"https:\/\/www.raschvin.com\/produkt\/arran-quater-cask-70-cl-562\/"},"modified":"2025-07-17T07:45:50","modified_gmt":"2025-07-17T05:45:50","slug":"arran-quater-cask-70-cl-562","status":"publish","type":"product","link":"https:\/\/www.raschvin.com\/sv\/produkt\/arran-quater-cask-70-cl-562\/","title":{"rendered":"Arran Quater Cask &#8221;The Bothy&#8221; 70 cl. 56,2%"},"content":{"rendered":"<p>V\u00e5r Quarter Cask-utg\u00e5va \u00e4r en komplex, rik och intensivt fruktig Single Malt, en njutning i fatstyrka och den perfekta partnern till v\u00e5r Sherry Cask Single Malt!<\/p>\n<p>Arran Single Malt som valts ut f\u00f6r denna fatstyrkeutg\u00e5va mognade f\u00f6rst i f\u00f6rstafyllda ex-Bourbonfat innan den \u00f6verf\u00f6rdes f\u00f6r sekund\u00e4r mognad till mindre Quarter Casks, \u00e4ven dessa av b\u00e4sta amerikanska ek. Att flytta whiskyn till de mindre 125 litersfaten ger betydligt st\u00f6rre kontakt mellan whisky och ek och en snabbare, mer intensiv mognadsprocess.<\/p>\n<p>Slutresultatet \u00e4r en fyllig utg\u00e5va av Arran Single Malt som kombinerar kraft och finess, fylld med rik vaniljs\u00f6tma och stark, pepprig kryddighet. Buteljerad vid naturlig fatstyrka utan kylfiltrering eller tillsats av konstgjord f\u00e4rg visar denna whisky sig i sin renaste form. Sm\u00e5 fat var vanliga i Arrans whiskyhandel p\u00e5 1700- och 1800-talet, eftersom de var l\u00e4ttare att hantera och transportera runt \u00f6n. Med v\u00e5r \u00e4lskade Quarter Cask-utg\u00e5va f\u00f6r vi stolt denna tradition till liv igen.<\/p>\n<p>Doft<\/p>\n<p>\u00c4ppelpaj, ananasbrioche<\/p>\n<p>Smak<\/p>\n<p>De citruskarakt\u00e4rer som k\u00e4nnetecknar Arran v\u00e4lkomnar dig, och den s\u00f6ta kryddan av kanel och vanilj utlovar en minnesv\u00e4rd dram.<\/p>\n<p>Eftersmak<\/p>\n<p>S\u00f6tma, honung, ananas, vanilj, kokos.<\/p>\n","protected":false},"excerpt":{"rendered":"<p>Single Malt Scotch Whisky<\/p>\n","protected":false},"featured_media":72786,"template":"","meta":{"_acf_changed":false,"rs_blank_template":"","rs_page_bg_color":"","slide_template_v7":""},"product_brand":[],"product_cat":[2392,9248,9433],"product_tag":[],"class_list":{"0":"post-72707","1":"product","2":"type-product","3":"status-publish","4":"has-post-thumbnail","6":"product_cat-whisky-sv","7":"product_cat-scotch-whisky","8":"product_cat-single-malt-scotch-whisky","9":"pa_land-skottland","10":"pa_procent-56-2-sv","11":"pa_producent-arran-sv","12":"pa_region-island-sv","13":"pa_volume-70-sv-2","15":"first","16":"instock","17":"sale","18":"taxable","19":"shipping-taxable","20":"purchasable","21":"product-type-simple"},"bundled_by":[],"bundle_stock_status":"instock","bundle_stock_quantity":null,"bundle_virtual":false,"bundle_layout":"","bundle_add_to_cart_form_location":"","bundle_editable_in_cart":false,"bundle_sold_individually_context":"","bundle_item_grouping":"","bundle_min_size":"","bundle_max_size":"","bundle_price":[],"bundled_items":[],"bundle_sell_ids":[],"acf":[],"_links":{"self":[{"href":"https:\/\/www.raschvin.com\/sv\/wp-json\/wp\/v2\/product\/72707","targetHints":{"allow":["GET"]}}],"collection":[{"href":"https:\/\/www.raschvin.com\/sv\/wp-json\/wp\/v2\/product"}],"about":[{"href":"https:\/\/www.raschvin.com\/sv\/wp-json\/wp\/v2\/types\/product"}],"wp:featuredmedia":[{"embeddable":true,"href":"https:\/\/www.raschvin.com\/sv\/wp-json\/wp\/v2\/media\/72786"}],"wp:attachment":[{"href":"https:\/\/www.raschvin.com\/sv\/wp-json\/wp\/v2\/media?parent=72707"}],"wp:term":[{"taxonomy":"product_brand","embeddable":true,"href":"https:\/\/www.raschvin.com\/sv\/wp-json\/wp\/v2\/product_brand?post=72707"},{"taxonomy":"product_cat","embeddable":true,"href":"https:\/\/www.raschvin.com\/sv\/wp-json\/wp\/v2\/product_cat?post=72707"},{"taxonomy":"product_tag","embeddable":true,"href":"https:\/\/www.raschvin.com\/sv\/wp-json\/wp\/v2\/product_tag?post=72707"}],"curies":[{"name":"wp","href":"https:\/\/api.w.org\/{rel}","templated":true}]}}