{"id":72447,"date":"2024-11-06T11:03:49","date_gmt":"2024-11-06T10:03:49","guid":{"rendered":"https:\/\/www.raschvin.com\/produkt\/bols-gold-strike-50-cl-50\/"},"modified":"2024-11-06T11:03:49","modified_gmt":"2024-11-06T10:03:49","slug":"bols-gold-strike-50-cl-50","status":"publish","type":"product","link":"https:\/\/www.raschvin.com\/sv\/produkt\/bols-gold-strike-50-cl-50\/","title":{"rendered":"Bols Gold Strike 50 cl. 50%"},"content":{"rendered":"<p>Contains Gold Flakes<\/p>\n<p>50 cl Gin Bols Gold Strike \u00e4r en kanel lik\u00f6r resistent h\u00f6g kvalitet, som \u00e4r tillverkad enligt ett gammalt hemligt recept.<\/p>\n<p>F\u00f6r att skapa Bols Gold Strike \u00e4r en blandning av en m\u00e4ngd olika \u00f6rter i skogen, naturliga kanel, n\u00f6tter, r\u00f6tter och apelsinskal och andra citrusfrukter fr\u00e5n \u00f6n Curacao. F\u00f6rutom den goda smak och arom av den ovanliga spritflaska, som \u00e4r dekorerad med fina kronblad av denna 24 karat guld det urskiljas.<\/p>\n<p>Gin Bols Gold Strike kan drickas ren eller is \u00e4r ocks\u00e5 utm\u00e4rkt f\u00f6r att kombinera med cocktails och andra.<\/p>\n","protected":false},"excerpt":{"rendered":"<p>Cinnamon Schnapps Liqueur<\/p>\n","protected":false},"featured_media":72483,"template":"","meta":{"_acf_changed":false,"rs_blank_template":"","rs_page_bg_color":"","slide_template_v7":""},"product_brand":[],"product_cat":[2390,4714,4716,9392,9395],"product_tag":[],"class_list":{"0":"post-72447","1":"product","2":"type-product","3":"status-publish","4":"has-post-thumbnail","6":"product_cat-sprit","7":"product_cat-ort","8":"product_cat-andra-likorer","9":"product_cat-likor-och-ol","10":"product_cat-likortyper","11":"pa_land-nederlaenderna","12":"pa_procent-50-sv","13":"pa_producent-lucas-bols-b-v-sv","14":"pa_volume-50-sv","16":"first","17":"instock","18":"sale","19":"taxable","20":"shipping-taxable","21":"purchasable","22":"product-type-simple"},"bundled_by":[],"bundle_stock_status":"instock","bundle_stock_quantity":null,"bundle_virtual":false,"bundle_layout":"","bundle_add_to_cart_form_location":"","bundle_editable_in_cart":false,"bundle_sold_individually_context":"","bundle_item_grouping":"","bundle_min_size":"","bundle_max_size":"","bundle_price":[],"bundled_items":[],"bundle_sell_ids":[],"acf":[],"_links":{"self":[{"href":"https:\/\/www.raschvin.com\/sv\/wp-json\/wp\/v2\/product\/72447","targetHints":{"allow":["GET"]}}],"collection":[{"href":"https:\/\/www.raschvin.com\/sv\/wp-json\/wp\/v2\/product"}],"about":[{"href":"https:\/\/www.raschvin.com\/sv\/wp-json\/wp\/v2\/types\/product"}],"wp:featuredmedia":[{"embeddable":true,"href":"https:\/\/www.raschvin.com\/sv\/wp-json\/wp\/v2\/media\/72483"}],"wp:attachment":[{"href":"https:\/\/www.raschvin.com\/sv\/wp-json\/wp\/v2\/media?parent=72447"}],"wp:term":[{"taxonomy":"product_brand","embeddable":true,"href":"https:\/\/www.raschvin.com\/sv\/wp-json\/wp\/v2\/product_brand?post=72447"},{"taxonomy":"product_cat","embeddable":true,"href":"https:\/\/www.raschvin.com\/sv\/wp-json\/wp\/v2\/product_cat?post=72447"},{"taxonomy":"product_tag","embeddable":true,"href":"https:\/\/www.raschvin.com\/sv\/wp-json\/wp\/v2\/product_tag?post=72447"}],"curies":[{"name":"wp","href":"https:\/\/api.w.org\/{rel}","templated":true}]}}