{"id":72419,"date":"2024-11-06T09:32:52","date_gmt":"2024-11-06T08:32:52","guid":{"rendered":"https:\/\/www.raschvin.com\/produkt\/gigondas-domaine-gour-de-chaule-7-le-gour-2021-75-cl\/"},"modified":"2024-11-06T09:32:52","modified_gmt":"2024-11-06T08:32:52","slug":"gigondas-domaine-gour-de-chaule-7-le-gour-2021-75-cl","status":"publish","type":"product","link":"https:\/\/www.raschvin.com\/sv\/produkt\/gigondas-domaine-gour-de-chaule-7-le-gour-2021-75-cl\/","title":{"rendered":"Gigondas Domaine Gour de Chaul\u00e9 .7 Le Gour 2021 75 cl."},"content":{"rendered":"<p>\u2019.7 Le Gour\u2019 \u00e4r en ny toppcuv\u00e9e fr\u00e5n den lilla familje\u00e4gda ving\u00e5rden Gour de Chaul\u00e9 \u2013 ett projekt som St\u00e9phanie Fumosos son, Paul, har initierat. F\u00f6r denna specialutg\u00e5va har han f\u00e5tt till\u00e5telse att anv\u00e4nda n\u00e5gra av g\u00e5rdens \u00e4ldsta grenache-stockar fr\u00e5n tre terrasser med en karg jordm\u00e5n best\u00e5ende av sand och lera, planterade f\u00f6r mer \u00e4n 80 \u00e5r sedan. Som i husets andra specialcuv\u00e9e, No.8, har han tillsatt en skv\u00e4tt mourv\u00e8dre (1%). Paul \u00e4r sj\u00e4lvs\u00e4ker, ambiti\u00f6s och, lyckligtvis, mycket skicklig; detta \u00e4r stils\u00e4ker gigondas fr\u00e5n h\u00f6gsta hyllan.<\/p>\n<p>Gour de Chaul\u00e9 skapar genuin och \u201dhandgjord\u201d gigondas med sj\u00e4l fr\u00e5n ur\u00e5ldriga vinstockar; vin som framst\u00e4lls med respekt f\u00f6r b\u00e5de milj\u00f6n och omr\u00e5dets traditioner. De senaste drygt 10 \u00e5ren har St\u00e9phanie Fumoso lett Gour de Chaul\u00e9 och stakat ut en riktning med minimal anv\u00e4ndning av kemikalier och svavel i vinerna, n\u00e5got som \u00e4r m\u00f6jligt n\u00e4r man noggrant handsorterar druvklasarna. Under de senaste \u00e5rg\u00e5ngarna har sonen Paul visat sig vara en v\u00e4rdig arvtagare, och han tar gradvis \u00f6ver produktionen.<\/p>\n<p>Vinifikationen \u00e4r minimalistisk med totalt 5 veckors maceration (30% hela klasar i \u00e5rg\u00e5ng 2021) och d\u00e4refter 1\u00bd \u00e5rs lagring i ett modernt betong\u00e4gg p\u00e5 1 900 liter. Ingen filtrering, klarning eller tillsats av svavel sker vid buteljering. Vinifikationen \u00e4r d\u00e4rmed \u2013 f\u00f6rutom tankens storlek \u2013 identisk med No.8.<\/p>\n<p>Trots att detta \u00e4r ett ambiti\u00f6st och n\u00e5got dyrt vin kan man lugnt gl\u00f6mma allt om potent, m\u00f6rk \u201dmonster-vin\u201d: Gigondas har en enorm stilistisk bredd d\u00e4r .7 Le Gour \u00e4r ett intensivt, men elegant, sv\u00e4vande vin.<\/p>\n<p>Eftersom detta \u00e4r en ny cuv\u00e9e \u00e4r det sv\u00e5rt att f\u00f6rutse dess utvecklingspotential, men om Cuv\u00e9e Tradition \u00e4r en ledstj\u00e4rna s\u00e5 \u00e4r en kvalificerad gissning att det inte \u00e4r n\u00e5gon br\u00e5dska.<\/p>\n<p>93 po\u00e4ng Vinous<\/p>\n<p>\u201dAthletic and refined, this 2021 red has loads of energy underpinnings its ripe fruit. This is such an alluring Grenache.\u201d<\/p>\n<p>vinous.com, Nicolas Greinacher, aug 2023.<\/p>\n","protected":false},"excerpt":{"rendered":"<p>Rhone Red Wine \u2013 France<\/p>\n","protected":false},"featured_media":72501,"template":"","meta":{"_acf_changed":false,"rs_blank_template":"","rs_page_bg_color":"","slide_template_v7":""},"product_brand":[],"product_cat":[2788,2798],"product_tag":[],"class_list":{"0":"post-72419","1":"product","2":"type-product","3":"status-publish","4":"has-post-thumbnail","6":"product_cat-vin-sv","7":"product_cat-roedvin-sv","8":"pa_drue-grenache-sv","9":"pa_drue-mourvedre-sv","10":"pa_drue-syrah-sv","11":"pa_land-frankrike","12":"pa_procent-14-sv","13":"pa_producent-gour-de-chaule-sv","14":"pa_region-rhone-valley-sv","15":"pa_serveringstemperatur-16-17-sv","16":"pa_volume-75-sv","18":"first","19":"outofstock","20":"sale","21":"taxable","22":"shipping-taxable","23":"purchasable","24":"product-type-simple"},"bundled_by":[],"bundle_stock_status":"outofstock","bundle_stock_quantity":null,"bundle_virtual":false,"bundle_layout":"","bundle_add_to_cart_form_location":"","bundle_editable_in_cart":false,"bundle_sold_individually_context":"","bundle_item_grouping":"","bundle_min_size":"","bundle_max_size":"","bundle_price":[],"bundled_items":[],"bundle_sell_ids":[],"acf":[],"_links":{"self":[{"href":"https:\/\/www.raschvin.com\/sv\/wp-json\/wp\/v2\/product\/72419","targetHints":{"allow":["GET"]}}],"collection":[{"href":"https:\/\/www.raschvin.com\/sv\/wp-json\/wp\/v2\/product"}],"about":[{"href":"https:\/\/www.raschvin.com\/sv\/wp-json\/wp\/v2\/types\/product"}],"wp:featuredmedia":[{"embeddable":true,"href":"https:\/\/www.raschvin.com\/sv\/wp-json\/wp\/v2\/media\/72501"}],"wp:attachment":[{"href":"https:\/\/www.raschvin.com\/sv\/wp-json\/wp\/v2\/media?parent=72419"}],"wp:term":[{"taxonomy":"product_brand","embeddable":true,"href":"https:\/\/www.raschvin.com\/sv\/wp-json\/wp\/v2\/product_brand?post=72419"},{"taxonomy":"product_cat","embeddable":true,"href":"https:\/\/www.raschvin.com\/sv\/wp-json\/wp\/v2\/product_cat?post=72419"},{"taxonomy":"product_tag","embeddable":true,"href":"https:\/\/www.raschvin.com\/sv\/wp-json\/wp\/v2\/product_tag?post=72419"}],"curies":[{"name":"wp","href":"https:\/\/api.w.org\/{rel}","templated":true}]}}