{"id":72405,"date":"2024-11-06T08:15:20","date_gmt":"2024-11-06T07:15:20","guid":{"rendered":"https:\/\/www.raschvin.com\/produkt\/domaine-saint-pierre-vacqueyras-2020-75-cl\/"},"modified":"2024-11-23T08:28:54","modified_gmt":"2024-11-23T07:28:54","slug":"domaine-saint-pierre-vacqueyras-2020-75-cl","status":"publish","type":"product","link":"https:\/\/www.raschvin.com\/sv\/produkt\/domaine-saint-pierre-vacqueyras-2020-75-cl\/","title":{"rendered":"Domaine Saint Pierre Vacqueyras 2021 75 cl."},"content":{"rendered":"<p>Detta \u00e4r en samlarv\u00e4rd, storartad Vacqueyras som kan m\u00e4ta sig med Ch\u00e2teauneuf-du-Pape.<\/p>\n<p>Druvblandningen \u00e4r 60 % Grenache och 40 % Syrah, fr\u00e5n cirka 4 hektar vinmarker d\u00e4r jordm\u00e5nen varierar mellan lerig kalksten och kargare, mer stenig jord\u2014en m\u00e5ngfald som ger bra komplexitet i det f\u00e4rdiga vinet.<\/p>\n<p>Vinifieringen kombinerar traditionella och moderna metoder, med 100 % avstj\u00e4lkning av druvorna, hydrauliska pressar och en l\u00e5ng, sval maceration och j\u00e4sning, f\u00f6ljt av lagring i stora fat (foudres) p\u00e5 4 000\u20136 000 liter, varefter vinet tappas p\u00e5 &#8221;gef\u00fchl&#8221; (instinkt) innan det n\u00e5r sitt f\u00f6rsta \u00e5r.<\/p>\n<p>Detta \u00e4r ett djupt f\u00e4rgat, t\u00e4tt och kraftfullt vin med rik frukt och m\u00e4rkbara, men som mildrande omst\u00e4ndighet \u00e4ven mogna tanniner. Doft och smak inneh\u00e5ller inslag av olivtapenad, rosmarin, m\u00f6rka b\u00e4r och en aning svartpeppar, med en lysande m\u00f6rk frukt i smaken. Eftersmaken \u00e4r imponerande l\u00e5ng och visar p\u00e5 en saftig intensitet.<\/p>\n<p>Om det njuts ungt rekommenderas n\u00e5gra timmars luftning. Domaine Saint-Pierre Vacqueyras avnjuts b\u00e4st strax under rumstemperatur\u2014vid 16\u201317\u00b0C.<\/p>\n<p>Unga viner passar bra i stora Bordeaux-glas, medan en mogen version sannolikt skulle ha nytta av ett st\u00f6rre Bourgogne-glas.<\/p>\n","protected":false},"excerpt":{"rendered":"<p>Rhone Red Wine &#8211; France<\/p>\n","protected":false},"featured_media":72477,"template":"","meta":{"_acf_changed":false,"rs_blank_template":"","rs_page_bg_color":"","slide_template_v7":""},"product_brand":[],"product_cat":[2788,2798,9183],"product_tag":[],"class_list":{"0":"post-72405","1":"product","2":"type-product","3":"status-publish","4":"has-post-thumbnail","6":"product_cat-vin-sv","7":"product_cat-roedvin-sv","8":"product_cat-franskt-rodvin","9":"pa_aargang-2021-sv","10":"pa_drue-grenache-sv","11":"pa_drue-syrah-sv","12":"pa_land-frankrike","13":"pa_procent-14-5-sv","14":"pa_producent-saint-pierre-sv","15":"pa_region-rhone-sv","16":"pa_serveringstemperatur-16-17-sv","17":"pa_volume-75-sv","19":"first","20":"instock","21":"taxable","22":"shipping-taxable","23":"purchasable","24":"product-type-simple"},"bundled_by":[],"bundle_stock_status":"instock","bundle_stock_quantity":null,"bundle_virtual":false,"bundle_layout":"","bundle_add_to_cart_form_location":"","bundle_editable_in_cart":false,"bundle_sold_individually_context":"","bundle_item_grouping":"","bundle_min_size":"","bundle_max_size":"","bundle_price":[],"bundled_items":[],"bundle_sell_ids":[],"acf":[],"_links":{"self":[{"href":"https:\/\/www.raschvin.com\/sv\/wp-json\/wp\/v2\/product\/72405","targetHints":{"allow":["GET"]}}],"collection":[{"href":"https:\/\/www.raschvin.com\/sv\/wp-json\/wp\/v2\/product"}],"about":[{"href":"https:\/\/www.raschvin.com\/sv\/wp-json\/wp\/v2\/types\/product"}],"wp:featuredmedia":[{"embeddable":true,"href":"https:\/\/www.raschvin.com\/sv\/wp-json\/wp\/v2\/media\/72477"}],"wp:attachment":[{"href":"https:\/\/www.raschvin.com\/sv\/wp-json\/wp\/v2\/media?parent=72405"}],"wp:term":[{"taxonomy":"product_brand","embeddable":true,"href":"https:\/\/www.raschvin.com\/sv\/wp-json\/wp\/v2\/product_brand?post=72405"},{"taxonomy":"product_cat","embeddable":true,"href":"https:\/\/www.raschvin.com\/sv\/wp-json\/wp\/v2\/product_cat?post=72405"},{"taxonomy":"product_tag","embeddable":true,"href":"https:\/\/www.raschvin.com\/sv\/wp-json\/wp\/v2\/product_tag?post=72405"}],"curies":[{"name":"wp","href":"https:\/\/api.w.org\/{rel}","templated":true}]}}