{"id":72226,"date":"2024-11-05T10:50:58","date_gmt":"2024-11-05T09:50:58","guid":{"rendered":"https:\/\/www.raschvin.com\/produkt\/don-papa-gayuma-rum-70-cl-40\/"},"modified":"2024-11-05T10:50:58","modified_gmt":"2024-11-05T09:50:58","slug":"don-papa-gayuma-rum-70-cl-40","status":"publish","type":"product","link":"https:\/\/www.raschvin.com\/sv\/produkt\/don-papa-gayuma-rum-70-cl-40\/","title":{"rendered":"Don Papa Gayuma Rum 70 cl. 40%"},"content":{"rendered":"<p>Don Papa Gayuma Rum \u00e4r den senaste skapelsen fr\u00e5n Don Papa. &#8221;Gayuma&#8221; betyder &#8221;k\u00e4rleksdryck,&#8221; och denna superpremium-rom hyllar de unika ritualer som utf\u00f6rs av shamaner p\u00e5 Mt. Kanlaon d\u00e4r rommen produceras. Rommen lagras f\u00f6rst p\u00e5 amerikanska ex-bourbonfat i tre \u00e5r och genomg\u00e5r sedan en dubbel finish: sex m\u00e5nader p\u00e5 ex-Rioja-vinfat f\u00f6ljt av tre m\u00e5nader p\u00e5 r\u00f6kiga ekfat som tidigare inneh\u00e5llit legendarisk whisky fr\u00e5n Islay.<\/p>\n<p>Rommen har en l\u00e4tt r\u00f6kig, fruktig doft. Smaken \u00e4r mjuk och delikat med inslag av vanilj, apelsinskal, kakao, kryddnejlika och mynta. R\u00f6ken \u00e4r s\u00f6t och bidrar till en behaglig, kryddig avslutning.<\/p>\n<p>R\u00f6k och rom i en underbar symbios!<\/p>\n","protected":false},"excerpt":{"rendered":"<p>Aged Rum from Philippines<\/p>\n","protected":false},"featured_media":72242,"template":"","meta":{"_acf_changed":false,"rs_blank_template":"","rs_page_bg_color":"","slide_template_v7":""},"product_brand":[],"product_cat":[2387,4634,2391],"product_tag":[],"class_list":{"0":"post-72226","1":"product","2":"type-product","3":"status-publish","4":"has-post-thumbnail","6":"product_cat-avec-sv","7":"product_cat-premium-aged-sv","8":"product_cat-rom-sv","9":"pa_land-filippinerna","10":"pa_procent-40-sv-2","11":"pa_producent-diageo-sv","12":"pa_traefad-bourbon-sv","13":"pa_traefad-rioja-sv","14":"pa_traefad-islay-cask-sv","15":"pa_volume-70-sv-2","17":"first","18":"outofstock","19":"sale","20":"taxable","21":"shipping-taxable","22":"purchasable","23":"product-type-simple"},"bundled_by":[],"bundle_stock_status":"outofstock","bundle_stock_quantity":null,"bundle_virtual":false,"bundle_layout":"","bundle_add_to_cart_form_location":"","bundle_editable_in_cart":false,"bundle_sold_individually_context":"","bundle_item_grouping":"","bundle_min_size":"","bundle_max_size":"","bundle_price":[],"bundled_items":[],"bundle_sell_ids":[],"acf":[],"_links":{"self":[{"href":"https:\/\/www.raschvin.com\/sv\/wp-json\/wp\/v2\/product\/72226","targetHints":{"allow":["GET"]}}],"collection":[{"href":"https:\/\/www.raschvin.com\/sv\/wp-json\/wp\/v2\/product"}],"about":[{"href":"https:\/\/www.raschvin.com\/sv\/wp-json\/wp\/v2\/types\/product"}],"wp:featuredmedia":[{"embeddable":true,"href":"https:\/\/www.raschvin.com\/sv\/wp-json\/wp\/v2\/media\/72242"}],"wp:attachment":[{"href":"https:\/\/www.raschvin.com\/sv\/wp-json\/wp\/v2\/media?parent=72226"}],"wp:term":[{"taxonomy":"product_brand","embeddable":true,"href":"https:\/\/www.raschvin.com\/sv\/wp-json\/wp\/v2\/product_brand?post=72226"},{"taxonomy":"product_cat","embeddable":true,"href":"https:\/\/www.raschvin.com\/sv\/wp-json\/wp\/v2\/product_cat?post=72226"},{"taxonomy":"product_tag","embeddable":true,"href":"https:\/\/www.raschvin.com\/sv\/wp-json\/wp\/v2\/product_tag?post=72226"}],"curies":[{"name":"wp","href":"https:\/\/api.w.org\/{rel}","templated":true}]}}