{"id":72207,"date":"2024-11-05T08:55:42","date_gmt":"2024-11-05T07:55:42","guid":{"rendered":"https:\/\/www.raschvin.com\/produkt\/macallan-the-harmony-collection-vol-4-vibrant-oak-70-cl-442\/"},"modified":"2024-11-05T08:55:42","modified_gmt":"2024-11-05T07:55:42","slug":"macallan-the-harmony-collection-vol-4-vibrant-oak-70-cl-442","status":"publish","type":"product","link":"https:\/\/www.raschvin.com\/sv\/produkt\/macallan-the-harmony-collection-vol-4-vibrant-oak-70-cl-442\/","title":{"rendered":"Macallan \u2013 The Harmony Collection Vol.4 Vibrant Oak 70 cl. 44,2%"},"content":{"rendered":"<p>Den fj\u00e4rde utg\u00e5van i Harmony Collection har skapats i samarbete med Cirque du Soleil f\u00f6r att p\u00e5 ett fantasifullt, visuellt och innovativt s\u00e4tt ber\u00e4tta v\u00e5r historia om ek.<\/p>\n<p>Whiskyn, skapad av The Macallan Whisky Mastery Team, har mognat i en kombination av f\u00f6rstag\u00e5ngsfyllda sherrykryddade amerikanska ekfat och \u00e5terfyllda sherryfat.<\/p>\n<p>Dessa fat har noggrant valts ut f\u00f6r att ge de klassiska amerikanska eksmakerna av vanilj, citrus och s\u00f6t ek, naturligt utvecklade fr\u00e5n faten under mognaden, med en medels\u00f6t finish som h\u00e4nger kvar p\u00e5 ett delikat s\u00e4tt.<\/p>\n<p>Tv\u00e5 varum\u00e4rken dedikerade till st\u00e4ndig innovation, inspirerade av en gemensam respekt f\u00f6r kreativitet och v\u00f6rdnad f\u00f6r naturen, m\u00f6ts i detta samarbete.<\/p>\n<p>I denna utg\u00e5va, som firar v\u00e5rt 200-\u00e5rsjubileum, fokuserar vi p\u00e5 v\u00e5r egen expertis och kunskap som representeras av ek. Eken genomsyrar varje aspekt av The Macallan, och v\u00e5ra exceptionella sherrykryddade ekfat \u00e4r den st\u00f6rsta bidragande faktorn till den enast\u00e5ende kvaliteten, de distinkta dofterna och smakerna i v\u00e5r whisky.<\/p>\n<p>The Macallan h\u00e4mtar st\u00e4ndigt inspiration fr\u00e5n naturen. Harmony Collection, Vibrant Oak, p\u00e5minner oss om vikten av b\u00e5de f\u00f6rbindelsen med och bevarandet av v\u00e5r naturliga milj\u00f6.<\/p>\n<p>F\u00c4RG H\u00f6stl\u00f6v.<\/p>\n<p>DOFT Intensiv vaniljb\u00f6na tillsammans med s\u00f6t sherbet och limezest \u00f6verg\u00e5r i doften av p\u00e4ron, inb\u00e4ddade i en delikat vaniljsockerkaka.<\/p>\n<p>SMAK Kr\u00e4mig vaniljpannacotta, sm\u00f6rigt m\u00f6rdegskex, l\u00e4tt rostad kokos med mandelkn\u00e4ck, \u00e4pple och s\u00f6t ek.<\/p>\n<p>Namnet Vibrant Oak och den gyllene f\u00e4rgen framkallar en k\u00e4nsla av energi och livlighet.<\/p>\n<p>Fr\u00e5n Cirque du Soleil SPIRIT Experience kommer tv\u00e5 centrala karakt\u00e4rer att f\u00f6rkroppsliga eken historia.<\/p>\n<p>Den vackra illustrationen visar en m\u00e4nsklig figur \u2013 Ayla \u2013 som \u00e4r omsorgsfullt sammanfl\u00e4tad i grenarna p\u00e5 en amerikansk ek. Designen betonar kopplingen mellan naturen och m\u00e4nsklig erfarenhet och f\u00f6rmedlar det liv och den f\u00f6rundran som blomstrar n\u00e4r m\u00e4nniskor \u00e4r &#8221;i harmoni med naturen.&#8221;<\/p>\n<p>Designen inneh\u00e5ller ocks\u00e5 p\u00e5f\u00e5gelfj\u00e4drar som symboliserar The Macallans naturliga f\u00e4rg och v\u00e5r p\u00e5f\u00e5gelkarakt\u00e4r, levandegjord genom ber\u00e4ttelsen Spirit. Den m\u00e4nskliga figuren kopplar Cirque du Soleil till m\u00e4nsklig prestation och potential.<\/p>\n","protected":false},"excerpt":{"rendered":"<p>Limited Scotch Single Malt Whisky<\/p>\n","protected":false},"featured_media":72284,"template":"","meta":{"_acf_changed":false,"rs_blank_template":"","rs_page_bg_color":"","slide_template_v7":""},"product_brand":[],"product_cat":[2387,2392,4651],"product_tag":[],"class_list":{"0":"post-72207","1":"product","2":"type-product","3":"status-publish","4":"has-post-thumbnail","6":"product_cat-avec-sv","7":"product_cat-whisky-sv","8":"product_cat-single-malt-sv","9":"pa_aargang-2024-sv","10":"pa_land-skottland","11":"pa_procent-44-2-sv","12":"pa_producent-macallan-sv","13":"pa_region-speyside-sv","14":"pa_volume-70-sv-2","16":"first","17":"instock","18":"taxable","19":"shipping-taxable","20":"purchasable","21":"product-type-simple"},"bundled_by":[],"bundle_stock_status":"instock","bundle_stock_quantity":null,"bundle_virtual":false,"bundle_layout":"","bundle_add_to_cart_form_location":"","bundle_editable_in_cart":false,"bundle_sold_individually_context":"","bundle_item_grouping":"","bundle_min_size":"","bundle_max_size":"","bundle_price":[],"bundled_items":[],"bundle_sell_ids":[],"acf":[],"_links":{"self":[{"href":"https:\/\/www.raschvin.com\/sv\/wp-json\/wp\/v2\/product\/72207","targetHints":{"allow":["GET"]}}],"collection":[{"href":"https:\/\/www.raschvin.com\/sv\/wp-json\/wp\/v2\/product"}],"about":[{"href":"https:\/\/www.raschvin.com\/sv\/wp-json\/wp\/v2\/types\/product"}],"wp:featuredmedia":[{"embeddable":true,"href":"https:\/\/www.raschvin.com\/sv\/wp-json\/wp\/v2\/media\/72284"}],"wp:attachment":[{"href":"https:\/\/www.raschvin.com\/sv\/wp-json\/wp\/v2\/media?parent=72207"}],"wp:term":[{"taxonomy":"product_brand","embeddable":true,"href":"https:\/\/www.raschvin.com\/sv\/wp-json\/wp\/v2\/product_brand?post=72207"},{"taxonomy":"product_cat","embeddable":true,"href":"https:\/\/www.raschvin.com\/sv\/wp-json\/wp\/v2\/product_cat?post=72207"},{"taxonomy":"product_tag","embeddable":true,"href":"https:\/\/www.raschvin.com\/sv\/wp-json\/wp\/v2\/product_tag?post=72207"}],"curies":[{"name":"wp","href":"https:\/\/api.w.org\/{rel}","templated":true}]}}