{"id":71246,"date":"2024-11-01T09:00:35","date_gmt":"2024-11-01T08:00:35","guid":{"rendered":"https:\/\/www.raschvin.com\/?post_type=product&p=71246"},"modified":"2024-11-01T09:00:35","modified_gmt":"2024-11-01T08:00:35","slug":"hampden-estate-great-house-distillery-edition-2024-70-cl-57","status":"publish","type":"product","link":"https:\/\/www.raschvin.com\/sv\/produkt\/hampden-estate-great-house-distillery-edition-2024-70-cl-57\/","title":{"rendered":"Hampden Estate \u2013 Great House Distillery Edition 2024 70 cl. 57%"},"content":{"rendered":"<p>Grundat \u00e5r 1753 har Hampden Estate destillerat rom i n\u00e4stan tre \u00e5rhundraden i Trelawny Parish, historiskt k\u00e4nd som grand cru-omr\u00e5det f\u00f6r jamaicansk rom. Hampden Estate \u00e4r v\u00e4lk\u00e4nt v\u00e4rlden \u00f6ver f\u00f6r sina fylliga, intensivt smakrika rom och har alltid producerat typiska, kraftiga pot still single rums med unika metoder som garanterar dess exceptionella aromer och enast\u00e5ende smak. Sedan 2009 har destilleriet lagrat sin rom p\u00e5 plats, i Jamaicas tropiska klimat.<\/p>\n<p>Hampden Great House, en \u00e5rlig blandning f\u00f6rnyad varje \u00e5r sedan 2019, \u00e4r den sj\u00e4tte utg\u00e5van i denna exklusiva serie. Denna buteljering \u00e4r en hyllning till destilleriets Great House, som fortfarande st\u00e5r i sin ursprungliga form. Byggd 1779 av familjen Stirling anv\u00e4ndes husets f\u00f6rsta v\u00e5ning f\u00f6r romlagring (fat som v\u00e4ntade p\u00e5 att transporteras till hamnen) fram till 1900-talet. Idag fungerar det som representationshus och mottagning f\u00f6r g\u00e4ster och bes\u00f6kare. Denna utg\u00e5va fr\u00e5n 2024, gjord av en blandning av flera m\u00e4rken fr\u00e5n tre olika \u00e5rg\u00e5ngar, f\u00e5ngar perfekt den distinkta stilen av denna ikoniska jamaicanska rom.<\/p>\n<p>SMAKNOTER Doft: Fyllig med stor intensitet. Mynta, mogen mango och torr jord bildar en subtil och exakt f\u00f6rsta sekvens av aromer. Kvittenmarmelad, bj\u00f6rnb\u00e4rssylt och apelsinmarmelad ger sedan en rikare ton.<\/p>\n<p>Smak: Klar och livfull. Smakpaletten \u00e4r till en b\u00f6rjan \u00f6verv\u00e4ldigande tropisk (kokos, mango, passionsfrukt) och matchar doften perfekt. V\u00e4xlar mellan varma och uppfriskande sekvenser och erbjuder smak av chokladbitar, skifferfragment och myntate.<\/p>\n<p>Finish: Rik och uppfriskande. Den intensiva finishen dr\u00f6jer sig kvar med \u00f6rtiga (Havanna-cigar) och peppriga toner. M\u00e5nga infusioner av r\u00f6da b\u00e4r och marshmallow tillf\u00f6r friskhet. Blir alltmer rik och avslutas med tranb\u00e4r och russin.<\/p>\n","protected":false},"excerpt":{"rendered":"<p>Old Pure Single Jamaican Rum<\/p>\n","protected":false},"featured_media":71278,"template":"","meta":{"_acf_changed":false,"rs_blank_template":"","rs_page_bg_color":"","slide_template_v7":""},"product_brand":[],"product_cat":[2387,4634,2391],"product_tag":[],"class_list":{"0":"post-71246","1":"product","2":"type-product","3":"status-publish","4":"has-post-thumbnail","6":"product_cat-avec-sv","7":"product_cat-premium-aged-sv","8":"product_cat-rom-sv","9":"pa_aargang-2024-sv","10":"pa_land-jamaica-sv","11":"pa_procent-57-sv","12":"pa_producent-velier-sv","13":"pa_volume-70-sv-2","15":"first","16":"instock","17":"taxable","18":"shipping-taxable","19":"purchasable","20":"product-type-simple"},"bundled_by":[],"bundle_stock_status":"instock","bundle_stock_quantity":null,"bundle_virtual":false,"bundle_layout":"","bundle_add_to_cart_form_location":"","bundle_editable_in_cart":false,"bundle_sold_individually_context":"","bundle_item_grouping":"","bundle_min_size":"","bundle_max_size":"","bundle_price":[],"bundled_items":[],"bundle_sell_ids":[],"acf":[],"_links":{"self":[{"href":"https:\/\/www.raschvin.com\/sv\/wp-json\/wp\/v2\/product\/71246","targetHints":{"allow":["GET"]}}],"collection":[{"href":"https:\/\/www.raschvin.com\/sv\/wp-json\/wp\/v2\/product"}],"about":[{"href":"https:\/\/www.raschvin.com\/sv\/wp-json\/wp\/v2\/types\/product"}],"wp:featuredmedia":[{"embeddable":true,"href":"https:\/\/www.raschvin.com\/sv\/wp-json\/wp\/v2\/media\/71278"}],"wp:attachment":[{"href":"https:\/\/www.raschvin.com\/sv\/wp-json\/wp\/v2\/media?parent=71246"}],"wp:term":[{"taxonomy":"product_brand","embeddable":true,"href":"https:\/\/www.raschvin.com\/sv\/wp-json\/wp\/v2\/product_brand?post=71246"},{"taxonomy":"product_cat","embeddable":true,"href":"https:\/\/www.raschvin.com\/sv\/wp-json\/wp\/v2\/product_cat?post=71246"},{"taxonomy":"product_tag","embeddable":true,"href":"https:\/\/www.raschvin.com\/sv\/wp-json\/wp\/v2\/product_tag?post=71246"}],"curies":[{"name":"wp","href":"https:\/\/api.w.org\/{rel}","templated":true}]}}