{"id":70951,"date":"2025-09-04T19:53:41","date_gmt":"2025-09-04T17:53:41","guid":{"rendered":"https:\/\/www.raschvin.com\/produkt\/mjoedgaard-mead-hoestmjoed-autum-mead-50-cl-14\/"},"modified":"2024-10-24T09:01:41","modified_gmt":"2024-10-24T07:01:41","slug":"mjoedgaard-mead-hoestmjoed-autum-mead-50-cl-14","status":"publish","type":"product","link":"https:\/\/www.raschvin.com\/sv\/produkt\/mjoedgaard-mead-hoestmjoed-autum-mead-50-cl-14\/","title":{"rendered":"Mj\u00f8dg\u00e5rd Mead \u2013 H\u00f8stmj\u00f8d (Autum Mead) 50 cl. 14%"},"content":{"rendered":"<p>Prisbel\u00f6nad mj\u00f6d internationellt<\/p>\n<p>Guld: Mead Madness Cup 2022 \u2013 Kategori: Stenfrukt \u2013 K\u00f6rsb\u00e4r<br \/>\nSilver: Mead Madness Cup 2023 \u2013 Kategori: Stenfrukt \u2013 K\u00f6rsb\u00e4r<\/p>\n<p>V\u00e5r Sk\u00f6rdemj\u00f6d \u00e4r en fruktig k\u00f6rsb\u00e4rsmj\u00f6d som smakar och doftar mer som sylt eller r\u00f6d fruktsoppa \u00e4n av rena k\u00f6rsb\u00e4r. Den \u00e4r l\u00e4skande med sina toner av olika r\u00f6da b\u00e4r, vilket ger den en frisk, syrlig karakt\u00e4r \u2013 som en behaglig t\u00f6rstsl\u00e4ckare. De fruktiga nyanserna maskerar den tunga honungssmaken i mj\u00f6den, och den karakt\u00e4ristiska bitterheten fr\u00e5n k\u00f6rsb\u00e4rsk\u00e4rnorna m\u00e4rks endast svagt i eftersmaken.<\/p>\n<p>Nyckelord:<\/p>\n<p>Arom \u2013 K\u00f6rsb\u00e4r, hallon, sylt, k\u00e5da<br \/>\nSmak \u2013 S\u00f6t frukt, citrus-syra, r\u00f6da b\u00e4r<br \/>\nIngredienser: Vatten, dansk honung, k\u00f6rsb\u00e4r, j\u00e4st. Lagrad p\u00e5 portvinsfat. Inneh\u00e5ller sulfit.<br \/>\nBeskrivning:<br \/>\nSk\u00f6rdemj\u00f6d \u00e4r fruktig och uppfriskande, med smak och doft som p\u00e5minner mer om sylt eller r\u00f6d fruktsoppa. Allts\u00e5 en blandning av olika r\u00f6da b\u00e4r, snarare \u00e4n ren k\u00f6rsb\u00e4rssmak, vilket ger den en frisk syrlig karakt\u00e4r, som g\u00f6r den mycket trevlig att dricka utan tillbeh\u00f6r. Den fruktiga smaken d\u00f6ljer den tunga honungssmaken i mj\u00f6den, och den karakt\u00e4ristiska bitterheten fr\u00e5n k\u00f6rsb\u00e4ren m\u00e4rks bara svagt i eftersmaken. Fatlagringen ger den en unik eftersmak och lyfter denna mj\u00f6d till n\u00e5got alldeles speciellt som skiljer den fr\u00e5n de flesta andra mj\u00f6der.<\/p>\n<p>Serveringsf\u00f6rslag:<br \/>\nK\u00f6rsb\u00e4rsmj\u00f6d \u00e4r en s\u00f6t mj\u00f6d, men utm\u00e4rker sig som en s\u00e4rskilt l\u00e4ttdrucken och l\u00e4skande mj\u00f6d, och \u00e4r bland de b\u00e4sta att njuta av utan tillbeh\u00f6r. Till mat f\u00f6resl\u00e5r vi att servera den med l\u00e4tta och fruktbaserade desserter som r\u00f6d fruktsoppa, rabarbertrifli eller hallonpaj, och den \u00e4r fantastisk till risalamande. Dess l\u00e4tta bittra toner g\u00f6r det m\u00f6jligt att kombinera den med choklad, men den kan l\u00e4tt \u00f6verr\u00f6stas av mycket m\u00f6rk och bitter choklad. Den passar ocks\u00e5 bra med l\u00e4tta ostar, som till exempel r\u00f6kt ost.<\/p>\n<p>Glas:<br \/>\nSk\u00f6rdemj\u00f6den b\u00f6r serveras i ett vanligt vitvinsglas f\u00f6r att framh\u00e4va dess friska och t\u00f6rstsl\u00e4ckande karakt\u00e4r.<\/p>\n","protected":false},"excerpt":{"rendered":"<p>Danish Quality Mead<\/p>\n","protected":false},"featured_media":71044,"template":"","meta":{"_acf_changed":false,"rs_blank_template":"","rs_page_bg_color":"","slide_template_v7":""},"product_brand":[],"product_cat":[2765,2788,4427],"product_tag":[],"class_list":{"0":"post-70951","1":"product","2":"type-product","3":"status-publish","4":"has-post-thumbnail","6":"product_cat-hedvin-sv","7":"product_cat-vin-sv","8":"product_cat-mjod","9":"pa_land-danmark-sv","10":"pa_procent-14-sv","11":"pa_producent-mjoedgaard-sv","12":"pa_region-sydsjaelland-sv","13":"pa_volume-50-sv","15":"first","16":"outofstock","17":"taxable","18":"shipping-taxable","19":"purchasable","20":"product-type-simple"},"bundled_by":[],"bundle_stock_status":"outofstock","bundle_stock_quantity":null,"bundle_virtual":false,"bundle_layout":"","bundle_add_to_cart_form_location":"","bundle_editable_in_cart":false,"bundle_sold_individually_context":"","bundle_item_grouping":"","bundle_min_size":"","bundle_max_size":"","bundle_price":[],"bundled_items":[],"bundle_sell_ids":[],"acf":[],"_links":{"self":[{"href":"https:\/\/www.raschvin.com\/sv\/wp-json\/wp\/v2\/product\/70951","targetHints":{"allow":["GET"]}}],"collection":[{"href":"https:\/\/www.raschvin.com\/sv\/wp-json\/wp\/v2\/product"}],"about":[{"href":"https:\/\/www.raschvin.com\/sv\/wp-json\/wp\/v2\/types\/product"}],"wp:featuredmedia":[{"embeddable":true,"href":"https:\/\/www.raschvin.com\/sv\/wp-json\/wp\/v2\/media\/71044"}],"wp:attachment":[{"href":"https:\/\/www.raschvin.com\/sv\/wp-json\/wp\/v2\/media?parent=70951"}],"wp:term":[{"taxonomy":"product_brand","embeddable":true,"href":"https:\/\/www.raschvin.com\/sv\/wp-json\/wp\/v2\/product_brand?post=70951"},{"taxonomy":"product_cat","embeddable":true,"href":"https:\/\/www.raschvin.com\/sv\/wp-json\/wp\/v2\/product_cat?post=70951"},{"taxonomy":"product_tag","embeddable":true,"href":"https:\/\/www.raschvin.com\/sv\/wp-json\/wp\/v2\/product_tag?post=70951"}],"curies":[{"name":"wp","href":"https:\/\/api.w.org\/{rel}","templated":true}]}}