{"id":70947,"date":"2024-10-24T08:51:11","date_gmt":"2024-10-24T06:51:11","guid":{"rendered":"https:\/\/www.raschvin.com\/produkt\/don-papa-single-island-rum-70-cl-40\/"},"modified":"2024-10-24T08:51:11","modified_gmt":"2024-10-24T06:51:11","slug":"don-papa-single-island-rum-70-cl-40","status":"publish","type":"product","link":"https:\/\/www.raschvin.com\/sv\/produkt\/don-papa-single-island-rum-70-cl-40\/","title":{"rendered":"Don Papa Single Island Rum 70 cl. 40%"},"content":{"rendered":"<p>Exotisk Don Papa Single Island Rom fr\u00e5n Filippinerna<\/p>\n<p>Don Papa Single Island Rom b\u00f6r betraktas som en klass f\u00f6r sig. Det \u00e4r trots allt en filippinsk rom fr\u00e5n Asien, framst\u00e4lld med stor omsorg och k\u00e4rlek till detaljerna. Vanligtvis f\u00f6rknippar vi rom med Karibien, och ibland med ett europeiskt land. Men asiatisk rom \u00e4r fortfarande en s\u00e4llsynthet. Don Papa Single Island Rom k\u00e4nns dock naturlig, eftersom den produceras av ett f\u00f6retag som anv\u00e4nder lokalt odlad sockerr\u00f6r. \u00d6n Negros Occidental, en del av den filippinska \u00f6gruppen, kallas ocks\u00e5 &#8221;Sugarlandia&#8221; eller &#8221;socker\u00f6n&#8221; p\u00e5 grund av sin l\u00e5nga historia av sockerr\u00f6rsodling, som inf\u00f6rdes av de spanska kolonisat\u00f6rerna f\u00f6r flera \u00e5rhundraden sedan.<\/p>\n<p>Rom&#8217;en \u00e4r uppkallad efter en historisk figur, Papa Isio, som arbetade som f\u00f6rman p\u00e5 de tidigare sockerr\u00f6rsplantagerna. Han var ocks\u00e5 en shaman och en frihetsk\u00e4mpe f\u00f6r filippinsk sj\u00e4lvst\u00e4ndighet. Don Papa Single Island Rom och dess familjemedlemmar b\u00e4r hans hj\u00e4ltemodiga bild p\u00e5 etiketten. Rom&#8217;en drar nytta av den b\u00f6rdiga vulkaniska jorden p\u00e5 \u00f6n Negros, d\u00e4r sockerr\u00f6ren odlas vid foten av Kanlaon-vulkanen och bearbetas s\u00e5 f\u00e4rskt som m\u00f6jligt till melass, ofta kallad &#8221;svart guld&#8221;. Denna melass \u00e4r en av hemligheterna bakom Don Papa Single Island Rom och de andra produkterna fr\u00e5n destilleriet, vilket ger rommen en speciell terroir-karakt\u00e4r som stolt pekar tillbaka p\u00e5 sitt ursprung som &#8221;Single Island.&#8221;<\/p>\n<p>BESKRIVNING<br \/>\nK\u00f6p Don Papa Single Island Rom och l\u00e5t dig tropiskt f\u00f6rf\u00f6ras<\/p>\n<p>Den ljust b\u00e4rnstensf\u00e4rgade Don Papa Single Island Rom avsl\u00f6jar sin komplexitet, d\u00e5 den har lagrats i tv\u00e5 olika typer av fat. I doften charmerar rom&#8217;en med en fr\u00e4sch fruktnot, d\u00e4r citrusfrukter blandas med tr\u00e4dg\u00e5rdsfrukter och jordgubbar. Dessutom m\u00e4rks exotiska frukter som mango. Buketten kompletteras av en mild krydda som blandas med en s\u00f6t underton och en antydan av ek. Smaken \u00e4r fyllig och nyanserad, d\u00e4r citrusfrukter kombineras med brunt socker, och upplevelsen avrundas med mjuk vaniljkr\u00e4m och en antydan av bakningskryddor. Don Papa Single Island Rom sk\u00e4mmer ocks\u00e5 bort gommen med en touch av f\u00e4rsk ingef\u00e4ra och levererar ett rikt, varaktigt avslut.<\/p>\n<p>V\u00e4rd att prova: Don Papa 7 Years Single Island Rom<\/p>\n<p>Det som g\u00f6r Don Papa Single Island Rom speciell \u00e4r att blandningen har mognat i tv\u00e5 olika typer av fat. Under de sju \u00e5ren har rom&#8217;en lagrats b\u00e5de i amerikanska bourbonfat och i spanska Rioja-vinfat. Denna lagring ger en imponerande djup, som b\u00e4st avnjuts rent. Nyligen har destilleriet justerat receptet n\u00e5got f\u00f6r att uppfylla de uppdaterade EU-reglerna om sockerhalt i sprit. D\u00e4rf\u00f6r har den nya Don Papa Single Island Rom en n\u00e5got torrare profil j\u00e4mf\u00f6rt med sin f\u00f6reg\u00e5ngare.<\/p>\n","protected":false},"excerpt":{"rendered":"<p>Aged Rum from Philippines<\/p>\n","protected":false},"featured_media":70977,"template":"","meta":{"_acf_changed":false,"rs_blank_template":"","rs_page_bg_color":"","slide_template_v7":""},"product_brand":[],"product_cat":[4634,2387,2391],"product_tag":[],"class_list":{"0":"post-70947","1":"product","2":"type-product","3":"status-publish","4":"has-post-thumbnail","6":"product_cat-premium-aged-sv","7":"product_cat-avec-sv","8":"product_cat-rom-sv","9":"pa_land-filippinerna","10":"pa_procent-40-sv-2","11":"pa_producent-diageo-sv","12":"pa_traefad-bourbon-sv","13":"pa_traefad-rioja-sv","14":"pa_volume-70-sv-2","16":"first","17":"outofstock","18":"sale","19":"taxable","20":"shipping-taxable","21":"purchasable","22":"product-type-simple"},"bundled_by":[],"bundle_stock_status":"outofstock","bundle_stock_quantity":null,"bundle_virtual":false,"bundle_layout":"","bundle_add_to_cart_form_location":"","bundle_editable_in_cart":false,"bundle_sold_individually_context":"","bundle_item_grouping":"","bundle_min_size":"","bundle_max_size":"","bundle_price":[],"bundled_items":[],"bundle_sell_ids":[],"acf":[],"_links":{"self":[{"href":"https:\/\/www.raschvin.com\/sv\/wp-json\/wp\/v2\/product\/70947","targetHints":{"allow":["GET"]}}],"collection":[{"href":"https:\/\/www.raschvin.com\/sv\/wp-json\/wp\/v2\/product"}],"about":[{"href":"https:\/\/www.raschvin.com\/sv\/wp-json\/wp\/v2\/types\/product"}],"wp:featuredmedia":[{"embeddable":true,"href":"https:\/\/www.raschvin.com\/sv\/wp-json\/wp\/v2\/media\/70977"}],"wp:attachment":[{"href":"https:\/\/www.raschvin.com\/sv\/wp-json\/wp\/v2\/media?parent=70947"}],"wp:term":[{"taxonomy":"product_brand","embeddable":true,"href":"https:\/\/www.raschvin.com\/sv\/wp-json\/wp\/v2\/product_brand?post=70947"},{"taxonomy":"product_cat","embeddable":true,"href":"https:\/\/www.raschvin.com\/sv\/wp-json\/wp\/v2\/product_cat?post=70947"},{"taxonomy":"product_tag","embeddable":true,"href":"https:\/\/www.raschvin.com\/sv\/wp-json\/wp\/v2\/product_tag?post=70947"}],"curies":[{"name":"wp","href":"https:\/\/api.w.org\/{rel}","templated":true}]}}