{"id":70944,"date":"2024-10-24T08:23:00","date_gmt":"2024-10-24T06:23:00","guid":{"rendered":"https:\/\/www.raschvin.com\/produkt\/tranquebar-christmas-spiced-gin-70-cl-48\/"},"modified":"2024-10-24T08:23:00","modified_gmt":"2024-10-24T06:23:00","slug":"tranquebar-christmas-spiced-gin-70-cl-48","status":"publish","type":"product","link":"https:\/\/www.raschvin.com\/sv\/produkt\/tranquebar-christmas-spiced-gin-70-cl-48\/","title":{"rendered":"Tranquebar Christmas Spiced Gin 70 cl. 48%"},"content":{"rendered":"<p>Att njuta av en gin \u00e4r en gammal och \u00e4lskad jultradition i m\u00e5nga engelsktalande l\u00e4nder.<\/p>\n<p>Tranquebar Christmas Gin bygger p\u00e5 id\u00e9n att de m\u00e5nga smaksensationer vi f\u00f6rknippar med julen ocks\u00e5 ska finnas i den gin vi dricker.<\/p>\n<p>Kanel, vanilj, kardemumma och stj\u00e4rnanis tills\u00e4tts tillsammans med citron, lime och vilda enb\u00e4r i denna h\u00e4rliga \u00e4dla julgin. Det \u00e4r en varm och s\u00f6t gin som \u00e4r fantastisk som f\u00f6rdrink, som en del av efterr\u00e4tten eller bara en ren njutning senare p\u00e5 kv\u00e4llen.<\/p>\n<p>Tranquebar Christmas Spiced Gin \u00e4r en premium gin som tillverkas i sm\u00e5 omg\u00e5ngar och endast produceras i n\u00e5gra tusen flaskor \u00e5t g\u00e5ngen.<\/p>\n<p>Doft:<br \/>\nCitrusoljor blandade med vanilj och en hint av kanel.<\/p>\n<p>Smak:<br \/>\nVarma kryddor som stj\u00e4rnanis och vanilj blandas med den klassiska smaken av enb\u00e4r. Det finns ocks\u00e5 en l\u00e4tt honungskarakt\u00e4r som sticker lite p\u00e5 tungan.<\/p>\n<p>Eftersmak:<br \/>\nVaniljtoner med kanel och en h\u00e4rlig blandning av citrusfrukter.<\/p>\n<p>The Clean Gin<br \/>\nTills\u00e4tt en stj\u00e4rnanis. Pressa lite f\u00e4rsk citronskal som passar bra med de varma kryddorna!<\/p>\n<p>Christmas Gin &#038; Tonic<\/p>\n<p>2 delar Tranquebar Christmas Spiced Gin<br \/>\n4 delar tonic<br \/>\n1 droppe kryddnejlikeolja<br \/>\nPressad f\u00e4rsk citronskal<br \/>\nTranquebar Kanel Julesymfoni<\/p>\n<p>4 delar Tranquebar Christmas Spiced Gin<br \/>\n10 delar \u00e4ppeljuice<br \/>\n2 delar kanelssirap<br \/>\nGarnera med en kanelst\u00e5ng<\/p>\n","protected":false},"excerpt":{"rendered":"<p>Dutch Christmas Inspired Gin<\/p>\n","protected":false},"featured_media":71032,"template":"","meta":{"_acf_changed":false,"rs_blank_template":"","rs_page_bg_color":"","slide_template_v7":""},"product_brand":[],"product_cat":[2404,4700,9479],"product_tag":[],"class_list":{"0":"post-70944","1":"product","2":"type-product","3":"status-publish","4":"has-post-thumbnail","6":"product_cat-gin-sv","7":"product_cat-flavoured-gin-sv","8":"product_cat-gintyper","9":"pa_land-nederlaenderna","10":"pa_procent-48-sv","11":"pa_producent-a-h-riise-sv","12":"pa_volume-70-sv-2","14":"first","15":"instock","16":"sale","17":"taxable","18":"shipping-taxable","19":"purchasable","20":"product-type-simple"},"bundled_by":[],"bundle_stock_status":"instock","bundle_stock_quantity":null,"bundle_virtual":false,"bundle_layout":"","bundle_add_to_cart_form_location":"","bundle_editable_in_cart":false,"bundle_sold_individually_context":"","bundle_item_grouping":"","bundle_min_size":"","bundle_max_size":"","bundle_price":[],"bundled_items":[],"bundle_sell_ids":[],"acf":[],"_links":{"self":[{"href":"https:\/\/www.raschvin.com\/sv\/wp-json\/wp\/v2\/product\/70944","targetHints":{"allow":["GET"]}}],"collection":[{"href":"https:\/\/www.raschvin.com\/sv\/wp-json\/wp\/v2\/product"}],"about":[{"href":"https:\/\/www.raschvin.com\/sv\/wp-json\/wp\/v2\/types\/product"}],"wp:featuredmedia":[{"embeddable":true,"href":"https:\/\/www.raschvin.com\/sv\/wp-json\/wp\/v2\/media\/71032"}],"wp:attachment":[{"href":"https:\/\/www.raschvin.com\/sv\/wp-json\/wp\/v2\/media?parent=70944"}],"wp:term":[{"taxonomy":"product_brand","embeddable":true,"href":"https:\/\/www.raschvin.com\/sv\/wp-json\/wp\/v2\/product_brand?post=70944"},{"taxonomy":"product_cat","embeddable":true,"href":"https:\/\/www.raschvin.com\/sv\/wp-json\/wp\/v2\/product_cat?post=70944"},{"taxonomy":"product_tag","embeddable":true,"href":"https:\/\/www.raschvin.com\/sv\/wp-json\/wp\/v2\/product_tag?post=70944"}],"curies":[{"name":"wp","href":"https:\/\/api.w.org\/{rel}","templated":true}]}}