{"id":70717,"date":"2024-10-22T09:11:26","date_gmt":"2024-10-22T07:11:26","guid":{"rendered":"https:\/\/www.raschvin.com\/produkt\/pura-vida-pasion-70-cl-38\/"},"modified":"2024-10-22T09:11:26","modified_gmt":"2024-10-22T07:11:26","slug":"pura-vida-pasion-70-cl-38","status":"publish","type":"product","link":"https:\/\/www.raschvin.com\/sv\/produkt\/pura-vida-pasion-70-cl-38\/","title":{"rendered":"Pura Vida Pasion 70 cl. 38%"},"content":{"rendered":"<p>Pura Vida Pasion \u00e4r eftertr\u00e4daren till rommen El Pasador De Oro Pasion.<\/p>\n<p>Sj\u00e4lva andan i denna cuv\u00e9e f\u00f6r\u00e4ndras inte, endast rommen, som nu kommer fr\u00e5n ett nytt terroir. Varum\u00e4rket El Pasador De Oro, som tillh\u00f6r f\u00f6retaget Les Bienheureux, l\u00e4mnar nu plats \u00e5t Pura Vida, el ron de Costa Rica!<\/p>\n<p>Med denna f\u00f6r\u00e4ndring \u00e4r m\u00e5let f\u00f6r denna franska akt\u00f6r inom spritbranschen att bli producent av rom.<\/p>\n<p>Nu kommer rommen fr\u00e5n en enast\u00e5ende egendom bel\u00e4gen i Costa Rica, som nu \u00e4gs av det franska f\u00f6retaget. Med k\u00f6pet av denna egendom kontrollerar f\u00f6retaget hela processen. Fr\u00e5n sk\u00f6rd av sockerr\u00f6r till destillation och lagring, genomf\u00f6rs alla steg p\u00e5 samma plats.<\/p>\n<p>F\u00f6r tillverkningen av denna cuv\u00e9e blir Pura Vida XO infuserad med f\u00e4rsk passionsfrukt. Processen f\u00f6rblir hemlig.<\/p>\n<p>En unik kreativ process f\u00f6r Pura Vida &#8211; Pasion<\/p>\n<p>Le Pura Vida &#8211; Pasion kombinerar costaricansk och charentais expertis i en unik skapelse. Tillverkad av Pura Vida XO-rom, lagrad p\u00e5 bourbonfat i Costa Rica, drar den nytta av en infusion av passionsfrukt i Frankrike, i tidigare Cognac-fat. Denna unika process ger den en s\u00e4llsynt aromatisk rikedom.<\/p>\n<p>En fruktig och f\u00f6rfinad sprit<\/p>\n<p>Denna sprit utm\u00e4rker sig genom anv\u00e4ndning av noggrant utvald och handskuren f\u00e4rsk frukt, vilket ger en perfekt kontrollerad infusion. Dekantering s\u00e4kerst\u00e4ller en vacker visuell renhet, utan n\u00e4rvaro av frukt, samtidigt som smakprofilen f\u00f6rblir b\u00e5de exotisk och delikat. Med sin 70 cl-flaska \u00e4r denna produkt idealisk f\u00f6r dem som s\u00f6ker en tropisk och elegant sensorisk upplevelse.<\/p>\n<p>Smaknoter<\/p>\n<p>Pura Vida &#8211; Pasion erbjuder intensiva aromer av exotiska frukter, fr\u00e4mst passionsfrukt, balanserad av vanilj och tr\u00e4noter fr\u00e5n bourbon- och cognacfat.<\/p>\n<p>Pura Vida<\/p>\n<p>Pura Vida, det nya \u00e4ventyret fr\u00e5n skaparna av El Pasador De Oro, tar dig till hj\u00e4rtat av Costa Rica, ett ikoniskt land f\u00f6r rom\u00e4lskare. Tillverkad av sockerr\u00f6rshonung och lagrad p\u00e5 cognacsfat, lovar Pura Vida-rommen en unik upplevelse.<\/p>\n","protected":false},"excerpt":{"rendered":"<p>Espiritu de Costa Rica<\/p>\n","protected":false},"featured_media":70765,"template":"","meta":{"_acf_changed":false,"rs_blank_template":"","rs_page_bg_color":"","slide_template_v7":""},"product_brand":[],"product_cat":[2387,4634,2391],"product_tag":[],"class_list":{"0":"post-70717","1":"product","2":"type-product","3":"status-publish","4":"has-post-thumbnail","6":"product_cat-avec-sv","7":"product_cat-premium-aged-sv","8":"product_cat-rom-sv","9":"pa_land-costa-rica-sv","10":"pa_procent-38-sv","11":"pa_producent-les-bienheureux-sv","12":"pa_volume-70-sv-2","14":"first","15":"instock","16":"sale","17":"taxable","18":"shipping-taxable","19":"purchasable","20":"product-type-simple"},"bundled_by":[],"bundle_stock_status":"instock","bundle_stock_quantity":null,"bundle_virtual":false,"bundle_layout":"","bundle_add_to_cart_form_location":"","bundle_editable_in_cart":false,"bundle_sold_individually_context":"","bundle_item_grouping":"","bundle_min_size":"","bundle_max_size":"","bundle_price":[],"bundled_items":[],"bundle_sell_ids":[],"acf":[],"_links":{"self":[{"href":"https:\/\/www.raschvin.com\/sv\/wp-json\/wp\/v2\/product\/70717","targetHints":{"allow":["GET"]}}],"collection":[{"href":"https:\/\/www.raschvin.com\/sv\/wp-json\/wp\/v2\/product"}],"about":[{"href":"https:\/\/www.raschvin.com\/sv\/wp-json\/wp\/v2\/types\/product"}],"wp:featuredmedia":[{"embeddable":true,"href":"https:\/\/www.raschvin.com\/sv\/wp-json\/wp\/v2\/media\/70765"}],"wp:attachment":[{"href":"https:\/\/www.raschvin.com\/sv\/wp-json\/wp\/v2\/media?parent=70717"}],"wp:term":[{"taxonomy":"product_brand","embeddable":true,"href":"https:\/\/www.raschvin.com\/sv\/wp-json\/wp\/v2\/product_brand?post=70717"},{"taxonomy":"product_cat","embeddable":true,"href":"https:\/\/www.raschvin.com\/sv\/wp-json\/wp\/v2\/product_cat?post=70717"},{"taxonomy":"product_tag","embeddable":true,"href":"https:\/\/www.raschvin.com\/sv\/wp-json\/wp\/v2\/product_tag?post=70717"}],"curies":[{"name":"wp","href":"https:\/\/api.w.org\/{rel}","templated":true}]}}