{"id":70711,"date":"2024-10-22T08:49:35","date_gmt":"2024-10-22T06:49:35","guid":{"rendered":"https:\/\/www.raschvin.com\/produkt\/pura-vida-xo-70-cl-40\/"},"modified":"2024-10-22T08:49:35","modified_gmt":"2024-10-22T06:49:35","slug":"pura-vida-xo-70-cl-40","status":"publish","type":"product","link":"https:\/\/www.raschvin.com\/sv\/produkt\/pura-vida-xo-70-cl-40\/","title":{"rendered":"Pura Vida XO 70 cl. 40%"},"content":{"rendered":"<p>Pura Vida XO \u00e4r lillebror till El Pasador de Oro XO rom.<\/p>\n<p>F\u00f6retaget Les Bienheureux, som st\u00e5r bakom varum\u00e4rket El Pasador de Oro, hade endast en \u00f6nskan: att bli en fullfj\u00e4drad romproducent. Tidigare valdes rommen ut fr\u00e5n det enda destilleriet i Guatemala, f\u00f6r att sedan mogna och blandas i Frankrike. Fr\u00e5n denna \u00f6nskan f\u00f6ddes projektet och varum\u00e4rket Pura Vida.<\/p>\n<p>F\u00e4rden gick till Costa Rica, som erbjuder ett unikt terroir och som fortfarande \u00e4r relativt ok\u00e4nt inom romv\u00e4rlden. Denna \u00e5rg\u00e5ng \u00e4r resultatet av en blandning av tre romsorter gjorda p\u00e5 ren sockerr\u00f6rsjuice, melass och sockerr\u00f6rshonung. Hela processen kontrolleras av g\u00e5rden, som nu \u00e4gs av det franska f\u00f6retaget. Fr\u00e5n sk\u00f6rd av sockerr\u00f6r till lagring, inklusive j\u00e4sning och destillation, utf\u00f6rs varje steg p\u00e5 plats. Rommen gynnas av en inledande tropisk lagring i ex-bourbonfat, och mognar sedan i Charente i gamla Cognacsfat.<\/p>\n<p>En f\u00f6rpackning gjord av \u00e5tervunnet bagasse pryder den magnifika karaffen.<\/p>\n<p>&#8221;Pura Vida&#8221; \u00e4r ocks\u00e5 Costa Ricas motto. Det betyder &#8221;Njut av livet&#8221; p\u00e5 spanska.<\/p>\n","protected":false},"excerpt":{"rendered":"<p>El Ron de Costa Rica<\/p>\n","protected":false},"featured_media":70732,"template":"","meta":{"_acf_changed":false,"rs_blank_template":"","rs_page_bg_color":"","slide_template_v7":""},"product_brand":[],"product_cat":[2387,4634,2391],"product_tag":[],"class_list":{"0":"post-70711","1":"product","2":"type-product","3":"status-publish","4":"has-post-thumbnail","6":"product_cat-avec-sv","7":"product_cat-premium-aged-sv","8":"product_cat-rom-sv","9":"pa_land-costa-rica-sv","10":"pa_procent-40-sv-2","11":"pa_producent-les-bienheureux-sv","12":"pa_volume-70-sv-2","14":"first","15":"instock","16":"sale","17":"taxable","18":"shipping-taxable","19":"purchasable","20":"product-type-simple"},"bundled_by":[],"bundle_stock_status":"instock","bundle_stock_quantity":null,"bundle_virtual":false,"bundle_layout":"","bundle_add_to_cart_form_location":"","bundle_editable_in_cart":false,"bundle_sold_individually_context":"","bundle_item_grouping":"","bundle_min_size":"","bundle_max_size":"","bundle_price":[],"bundled_items":[],"bundle_sell_ids":[],"acf":[],"_links":{"self":[{"href":"https:\/\/www.raschvin.com\/sv\/wp-json\/wp\/v2\/product\/70711","targetHints":{"allow":["GET"]}}],"collection":[{"href":"https:\/\/www.raschvin.com\/sv\/wp-json\/wp\/v2\/product"}],"about":[{"href":"https:\/\/www.raschvin.com\/sv\/wp-json\/wp\/v2\/types\/product"}],"wp:featuredmedia":[{"embeddable":true,"href":"https:\/\/www.raschvin.com\/sv\/wp-json\/wp\/v2\/media\/70732"}],"wp:attachment":[{"href":"https:\/\/www.raschvin.com\/sv\/wp-json\/wp\/v2\/media?parent=70711"}],"wp:term":[{"taxonomy":"product_brand","embeddable":true,"href":"https:\/\/www.raschvin.com\/sv\/wp-json\/wp\/v2\/product_brand?post=70711"},{"taxonomy":"product_cat","embeddable":true,"href":"https:\/\/www.raschvin.com\/sv\/wp-json\/wp\/v2\/product_cat?post=70711"},{"taxonomy":"product_tag","embeddable":true,"href":"https:\/\/www.raschvin.com\/sv\/wp-json\/wp\/v2\/product_tag?post=70711"}],"curies":[{"name":"wp","href":"https:\/\/api.w.org\/{rel}","templated":true}]}}