{"id":70602,"date":"2024-10-21T09:04:29","date_gmt":"2024-10-21T07:04:29","guid":{"rendered":"https:\/\/www.raschvin.com\/produkt\/big-peat-15th-anniversary-edition-redwine-cask-70-cl-50\/"},"modified":"2024-10-21T09:04:29","modified_gmt":"2024-10-21T07:04:29","slug":"big-peat-15th-anniversary-edition-redwine-cask-70-cl-50","status":"publish","type":"product","link":"https:\/\/www.raschvin.com\/sv\/produkt\/big-peat-15th-anniversary-edition-redwine-cask-70-cl-50\/","title":{"rendered":"Big Peat 15th Anniversary Edition Redwine Cask 70 cl. 50%"},"content":{"rendered":"<p>Med anledning av 15-\u00e5rsjubileet av den popul\u00e4ra Islay Blended Malt Whisky sl\u00e4pper Douglas Laing denna unika specialutg\u00e5va. Denna begr\u00e4nsade utg\u00e5va, buteljerad vid 50 % alkoholhalt, har fr\u00e4mst lagrats i handplockade r\u00f6dvinsfat, vilket ger den r\u00f6kiga Islay Blended Malt Scotch Whisky sin unika karakt\u00e4r.<\/p>\n<p>Tack vare den speciella fatlagringen kan Big Peat-fans se fram emot en varm r\u00f6kdoft med jordiga toner, omsluten av skogsb\u00e4r och vanilj. P\u00e5 gommen finns noter av toffee, m\u00f6rk choklad och lite n\u00f6tter, f\u00f6ljt av en l\u00e5ng, fyllig avslutning med mycket torvr\u00f6k och en viss kryddighet.<\/p>\n<p>I doften b\u00f6rjar den med varma, jordiga r\u00f6ktoner, f\u00f6ljt av fruktiga skogsb\u00e4r och vanilj. P\u00e5 gommen dominerar fruktiga aromer i samspel med toffee, m\u00f6rk choklad och lite n\u00f6tter. Avslutningen \u00e4r l\u00e5ngvarig med massor av torr torvr\u00f6k.<\/p>\n","protected":false},"excerpt":{"rendered":"<p>Islay Blended Malt Scotch Whisky<\/p>\n","protected":false},"featured_media":70617,"template":"","meta":{"_acf_changed":false,"rs_blank_template":"","rs_page_bg_color":"","slide_template_v7":""},"product_brand":[],"product_cat":[2387,2392,4648],"product_tag":[],"class_list":{"0":"post-70602","1":"product","2":"type-product","3":"status-publish","4":"has-post-thumbnail","6":"product_cat-avec-sv","7":"product_cat-whisky-sv","8":"product_cat-blended-malt","9":"pa_aargang-2024-sv","10":"pa_land-skottland","11":"pa_procent-50-sv","12":"pa_producent-douglas-laings-sv-2","13":"pa_region-islay-sv","14":"pa_volume-70-sv-2","16":"first","17":"instock","18":"sale","19":"taxable","20":"shipping-taxable","21":"purchasable","22":"product-type-simple"},"bundled_by":[],"bundle_stock_status":"instock","bundle_stock_quantity":null,"bundle_virtual":false,"bundle_layout":"","bundle_add_to_cart_form_location":"","bundle_editable_in_cart":false,"bundle_sold_individually_context":"","bundle_item_grouping":"","bundle_min_size":"","bundle_max_size":"","bundle_price":[],"bundled_items":[],"bundle_sell_ids":[],"acf":[],"_links":{"self":[{"href":"https:\/\/www.raschvin.com\/sv\/wp-json\/wp\/v2\/product\/70602","targetHints":{"allow":["GET"]}}],"collection":[{"href":"https:\/\/www.raschvin.com\/sv\/wp-json\/wp\/v2\/product"}],"about":[{"href":"https:\/\/www.raschvin.com\/sv\/wp-json\/wp\/v2\/types\/product"}],"wp:featuredmedia":[{"embeddable":true,"href":"https:\/\/www.raschvin.com\/sv\/wp-json\/wp\/v2\/media\/70617"}],"wp:attachment":[{"href":"https:\/\/www.raschvin.com\/sv\/wp-json\/wp\/v2\/media?parent=70602"}],"wp:term":[{"taxonomy":"product_brand","embeddable":true,"href":"https:\/\/www.raschvin.com\/sv\/wp-json\/wp\/v2\/product_brand?post=70602"},{"taxonomy":"product_cat","embeddable":true,"href":"https:\/\/www.raschvin.com\/sv\/wp-json\/wp\/v2\/product_cat?post=70602"},{"taxonomy":"product_tag","embeddable":true,"href":"https:\/\/www.raschvin.com\/sv\/wp-json\/wp\/v2\/product_tag?post=70602"}],"curies":[{"name":"wp","href":"https:\/\/api.w.org\/{rel}","templated":true}]}}