{"id":70287,"date":"2024-10-18T08:08:20","date_gmt":"2024-10-18T06:08:20","guid":{"rendered":"https:\/\/www.raschvin.com\/produkt\/bellamys-reserve-rum-2007-jamaica-clarendon-15-years-70-cl-52\/"},"modified":"2024-10-18T08:08:20","modified_gmt":"2024-10-18T06:08:20","slug":"bellamys-reserve-rum-2007-jamaica-clarendon-15-years-70-cl-52","status":"publish","type":"product","link":"https:\/\/www.raschvin.com\/sv\/produkt\/bellamys-reserve-rum-2007-jamaica-clarendon-15-years-70-cl-52\/","title":{"rendered":"Bellamy\u2019s Reserve Rum \u2013 2007 Jamaica Clarendon 15 Years 70 cl. 52%"},"content":{"rendered":"<p>Smak och arom \u00e4r en komplex blandning av r\u00f6k, kryddor, \u00e4pplen, p\u00e4ron, mirabeller, vanilj, ananas, muskotn\u00f6t, kryddpeppar, bittermandel och medicinska toner.<\/p>\n<p>\u00d6verraskande l\u00e4tt Pot Still-rom fr\u00e5n det k\u00e4nda Clarendon Distillery p\u00e5 Jamaica. Denna fantastiska rom har lagrats i hela 15 \u00e5r p\u00e5 gamla bourbonfat \u2013 varav 13 \u00e5r tillbringades i det tropiska klimatet p\u00e5 Jamaica. En enast\u00e5ende buteljering och en verklig p\u00e4rla f\u00f6r varje rom\u00e4lskare som s\u00f6ker en unik upplevelse. Of\u00e4rgad, os\u00f6tad och buteljerad vid 52 % alkohol, med endast 292 flaskor producerade. Precis som m\u00e5nga av Clarendons rom, gynnas \u00e4ven denna av lite tid i glaset f\u00f6r att fullt ut utveckla sin smak och arom.<\/p>\n<p>Om Bellamy&#8217;s Reserve Rum Bellamy&#8217;s Reserve Rum fokuserar p\u00e5 s\u00e4llsynta rom, utvalda enskilda fat och speciella finishar. Syftet \u00e4r att erbjuda unika och l\u00e4ttdruckna rom. Bellamy&#8217;s Reserve v\u00e4ljer noggrant ut gamla och extraordin\u00e4ra \u00e5rg\u00e5ngsfat f\u00f6r lagring f\u00f6r att skapa verkligt enast\u00e5ende rom. M\u00e5let \u00e4r att varje klunk ska vara en resa genom rommens rika historia och kultur, unika smaker och aromer fr\u00e5n den respektive regionen i Karibien och Sydamerika.<\/p>\n","protected":false},"excerpt":{"rendered":"<p>Jamaica Premium Aged Rum<\/p>\n","protected":false},"featured_media":70306,"template":"","meta":{"_acf_changed":false,"rs_blank_template":"","rs_page_bg_color":"","slide_template_v7":""},"product_brand":[],"product_cat":[2387,2391,4634],"product_tag":[],"class_list":{"0":"post-70287","1":"product","2":"type-product","3":"status-publish","4":"has-post-thumbnail","6":"product_cat-avec-sv","7":"product_cat-rom-sv","8":"product_cat-premium-aged-sv","9":"pa_land-jamaica-sv","10":"pa_procent-52-sv","11":"pa_producent-bellamys-reserve-sv","12":"pa_vintage-2007-sv","13":"pa_volume-70-sv-2","15":"first","16":"instock","17":"sale","18":"taxable","19":"shipping-taxable","20":"purchasable","21":"product-type-simple"},"bundled_by":[],"bundle_stock_status":"instock","bundle_stock_quantity":null,"bundle_virtual":false,"bundle_layout":"","bundle_add_to_cart_form_location":"","bundle_editable_in_cart":false,"bundle_sold_individually_context":"","bundle_item_grouping":"","bundle_min_size":"","bundle_max_size":"","bundle_price":[],"bundled_items":[],"bundle_sell_ids":[],"acf":[],"_links":{"self":[{"href":"https:\/\/www.raschvin.com\/sv\/wp-json\/wp\/v2\/product\/70287","targetHints":{"allow":["GET"]}}],"collection":[{"href":"https:\/\/www.raschvin.com\/sv\/wp-json\/wp\/v2\/product"}],"about":[{"href":"https:\/\/www.raschvin.com\/sv\/wp-json\/wp\/v2\/types\/product"}],"wp:featuredmedia":[{"embeddable":true,"href":"https:\/\/www.raschvin.com\/sv\/wp-json\/wp\/v2\/media\/70306"}],"wp:attachment":[{"href":"https:\/\/www.raschvin.com\/sv\/wp-json\/wp\/v2\/media?parent=70287"}],"wp:term":[{"taxonomy":"product_brand","embeddable":true,"href":"https:\/\/www.raschvin.com\/sv\/wp-json\/wp\/v2\/product_brand?post=70287"},{"taxonomy":"product_cat","embeddable":true,"href":"https:\/\/www.raschvin.com\/sv\/wp-json\/wp\/v2\/product_cat?post=70287"},{"taxonomy":"product_tag","embeddable":true,"href":"https:\/\/www.raschvin.com\/sv\/wp-json\/wp\/v2\/product_tag?post=70287"}],"curies":[{"name":"wp","href":"https:\/\/api.w.org\/{rel}","templated":true}]}}